{"id":33515433,"date":"2026-04-07T08:08:19","date_gmt":"2026-04-07T08:08:19","guid":{"rendered":"https:\/\/develon.agma.bg\/?page_id=33515433"},"modified":"2026-04-07T08:24:30","modified_gmt":"2026-04-07T08:24:30","slug":"smart-solution","status":"publish","type":"page","link":"https:\/\/develon.hr\/hr\/smart-solution\/","title":{"rendered":"Pametno rje\u0161enje"},"content":{"rendered":"<div data-elementor-type=\"wp-page\" data-elementor-id=\"33515433\" class=\"elementor elementor-33515433\" data-elementor-post-type=\"page\">\n\t\t\t\t<div class=\"elementor-element elementor-element-c7c5f46 hero-overlay e-flex e-con-boxed e-con e-parent\" data-id=\"c7c5f46\" data-element_type=\"container\" data-e-type=\"container\" data-settings=\"{&quot;background_background&quot;:&quot;classic&quot;}\">\n\t\t\t\t\t<div class=\"e-con-inner\">\n\t\t\t\t<div class=\"elementor-element elementor-element-ad12539 elementor-widget elementor-widget-heading\" data-id=\"ad12539\" data-element_type=\"widget\" data-e-type=\"widget\" data-widget_type=\"heading.default\">\n\t\t\t\t\t<h1 class=\"elementor-heading-title elementor-size-default\">Pametno rje\u0161enje<\/h1>\t\t\t\t<\/div>\n\t\t\t\t\t<\/div>\n\t\t\t\t<\/div>\n\t\t<div class=\"elementor-element elementor-element-0bd9954 e-flex e-con-boxed e-con e-parent\" data-id=\"0bd9954\" data-element_type=\"container\" data-e-type=\"container\">\n\t\t\t\t\t<div class=\"e-con-inner\">\n\t\t<div class=\"elementor-element elementor-element-07843e7 e-con-full e-flex e-con e-child\" data-id=\"07843e7\" data-element_type=\"container\" data-e-type=\"container\">\n\t\t<div class=\"elementor-element elementor-element-dc807ce e-con-full e-flex e-con e-child\" data-id=\"dc807ce\" data-element_type=\"container\" data-e-type=\"container\">\n\t\t\t\t<div class=\"elementor-element elementor-element-54a8829 elementor-widget elementor-widget-text-editor\" data-id=\"54a8829\" data-element_type=\"widget\" data-e-type=\"widget\" data-widget_type=\"text-editor.default\">\n\t\t\t\t\t\t\t\t\t<p>Visoka kvaliteta i najbolje performanse \u2013 to su karakteristike Develonovih radnih ure\u0111aja. Pru\u017eaju\u0107i proizvode i usluge optimizirane za razli\u010dita radna okru\u017eenja, nude vi\u0161e od pukog ispunjavanja o\u010dekivanja kupaca.<\/p>\t\t\t\t\t\t\t\t<\/div>\n\t\t\t\t<\/div>\n\t\t\t\t<\/div>\n\t\t\t\t\t<\/div>\n\t\t\t\t<\/div>\n\t\t<div class=\"elementor-element elementor-element-cf71c15 e-flex e-con-boxed e-con e-parent\" data-id=\"cf71c15\" data-element_type=\"container\" data-e-type=\"container\">\n\t\t\t\t\t<div class=\"e-con-inner\">\n\t\t\t\t<div class=\"elementor-element elementor-element-dea71cb elementor-widget elementor-widget-heading\" data-id=\"dea71cb\" data-element_type=\"widget\" data-e-type=\"widget\" data-widget_type=\"heading.default\">\n\t\t\t\t\t<h2 class=\"elementor-heading-title elementor-size-default\">Asortiman proizvoda:\n<\/h2>\t\t\t\t<\/div>\n\t\t<div class=\"elementor-element elementor-element-0a6efd5 e-con-full e-flex e-con e-child\" data-id=\"0a6efd5\" data-element_type=\"container\" data-e-type=\"container\" data-settings=\"{&quot;background_background&quot;:&quot;classic&quot;}\">\n\t\t<div class=\"elementor-element elementor-element-b6151e7 e-grid e-con-full e-con e-child\" data-id=\"b6151e7\" data-element_type=\"container\" data-e-type=\"container\">\n\t\t\t\t<div class=\"elementor-element elementor-element-25b44ec elementor-cta--skin-classic elementor-animated-content elementor-widget elementor-widget-call-to-action\" data-id=\"25b44ec\" data-element_type=\"widget\" data-e-type=\"widget\" data-widget_type=\"call-to-action.default\">\n\t\t\t\t\t\t\t<a class=\"elementor-cta\" href=\"https:\/\/develon.hr\/hr\/products\/trimble-ready\/\">\n\t\t\t\t\t<div class=\"elementor-cta__bg-wrapper\">\n\t\t\t\t<div class=\"elementor-cta__bg elementor-bg\" style=\"background-image: url(https:\/\/develon.hr\/wp-content\/uploads\/2026\/04\/trimble-ready-doosan-7-1024x683-1.webp);\" role=\"img\" aria-label=\"trimble-ready-doosan-7-1024x683\"><\/div>\n\t\t\t\t<div class=\"elementor-cta__bg-overlay\"><\/div>\n\t\t\t<\/div>\n\t\t\t\t\t\t\t<div class=\"elementor-cta__content\">\n\t\t\t\t\n\t\t\t\t\t\t\t\t\t<h3 class=\"elementor-cta__title elementor-cta__content-item elementor-content-item\">\n\t\t\t\t\t\tSpreman za Trimble\t\t\t\t\t<\/h3>\n\t\t\t\t\n\t\t\t\t\t\t\t\t\t<span class=\"elementor-cta__description elementor-cta__content-item elementor-content-item\">\n\t\t\t\t\t\tNajprovjereniji sustav kontrole brzine iskopa na tr\u017ei\u0161tu predstavio je Trimble prije vi\u0161e od 10 godina i instaliran je na tisu\u0107ama bagera diljem svijeta;\t\t\t\t\t<\/span>\n\t\t\t\t\n\t\t\t\t\t\t\t<\/div>\n\t\t\t\t\t\t<\/a>\n\t\t\t\t\t\t<\/div>\n\t\t\t\t<div class=\"elementor-element elementor-element-884154a elementor-cta--skin-classic elementor-animated-content elementor-widget elementor-widget-call-to-action\" data-id=\"884154a\" data-element_type=\"widget\" data-e-type=\"widget\" data-widget_type=\"call-to-action.default\">\n\t\t\t\t\t\t\t<a class=\"elementor-cta\" href=\"https:\/\/develon.hr\/hr\/products\/steelwrist\/\">\n\t\t\t\t\t<div class=\"elementor-cta__bg-wrapper\">\n\t\t\t\t<div class=\"elementor-cta__bg elementor-bg\" style=\"background-image: url(https:\/\/develon.hr\/wp-content\/uploads\/2026\/04\/doosan-smart-solution-steelwrist-2-1024x691-1.webp);\" role=\"img\" aria-label=\"Doosanovo pametno rje\u0161enje SteelWrist\"><\/div>\n\t\t\t\t<div class=\"elementor-cta__bg-overlay\"><\/div>\n\t\t\t<\/div>\n\t\t\t\t\t\t\t<div class=\"elementor-cta__content\">\n\t\t\t\t\n\t\t\t\t\t\t\t\t\t<h3 class=\"elementor-cta__title elementor-cta__content-item elementor-content-item\">\n\t\t\t\t\t\t\u010celi\u010dni zglob\t\t\t\t\t<\/h3>\n\t\t\t\t\n\t\t\t\t\t\t\t\t\t<span class=\"elementor-cta__description elementor-cta__content-item elementor-content-item\">\n\t\t\t\t\t\tErgonomske palice omogu\u0107uju jednostavno i fleksibilno istovremeno kori\u0161tenje vi\u0161e funkcija;\t\t\t\t\t<\/span>\n\t\t\t\t\n\t\t\t\t\t\t\t<\/div>\n\t\t\t\t\t\t<\/a>\n\t\t\t\t\t\t<\/div>\n\t\t\t\t<\/div>\n\t\t\t\t<\/div>\n\t\t\t\t\t<\/div>\n\t\t\t\t<\/div>\n\t\t\t\t<\/div>","protected":false},"excerpt":{"rendered":"<p>\u0412\u0438\u0441\u043e\u043a\u043e \u043a\u0430\u0447\u0435\u0441\u0442\u0432\u043e \u0438 \u043d\u0430\u0439-\u0434\u043e\u0431\u0440\u043e \u043f\u0440\u0435\u0434\u0441\u0442\u0430\u0432\u044f\u043d\u0435 &#8211; \u0442\u043e\u0432\u0430 \u0441\u0430 \u0445\u0430\u0440\u0430\u043a\u0442\u0435\u0440\u0438\u0441\u0442\u0438\u043a\u0438\u0442\u0435 \u043d\u0430 \u0440\u0430\u0431\u043e\u0442\u043d\u0438\u0442\u0435 \u0443\u0441\u0442\u0440\u043e\u0439\u0441\u0442\u0432\u0430 \u043d\u0430 Develon. \u041f\u0440\u0435\u0434\u043e\u0441\u0442\u0430\u0432\u044f\u0439\u043a\u0438 \u043f\u0440\u043e\u0434\u0443\u043a\u0442\u0438 \u0438 \u0443\u0441\u043b\u0443\u0433\u0438, \u043e\u043f\u0442\u0438\u043c\u0438\u0437\u0438\u0440\u0430\u043d\u0438 \u0437\u0430 \u0440\u0430\u0437\u043b\u0438\u0447\u043d\u0438 \u0440\u0430\u0431\u043e\u0442\u043d\u0438 \u0441\u0440\u0435\u0434\u0438, \u0442\u0435 \u043f\u0440\u0435\u0434\u043b\u0430\u0433\u0430\u0442 \u043f\u043e\u0432\u0435\u0447\u0435 \u043e\u0442 \u0442\u043e\u0432\u0430 \u0434\u0430 \u043e\u0442\u0433\u043e\u0432\u043e\u0440\u044f\u0442 \u043d\u0430 \u043e\u0447\u0430\u043a\u0432\u0430\u043d\u0438\u044f\u0442\u0430 \u043d\u0430 \u043a\u043b\u0438\u0435\u043d\u0442\u0438\u0442\u0435 \u041f\u0440\u043e\u0434\u0443\u043a\u0442\u043e\u0432\u0430 \u0433\u0430\u043c\u0430: Trimble ready \u041d\u0430\u0439-\u0434\u043e\u043a\u0430\u0437\u0430\u043d\u0430\u0442\u0430 \u0441\u0438\u0441\u0442\u0435\u043c\u0430 \u0437\u0430 \u043a\u043e\u043d\u0442\u0440\u043e\u043b \u043d\u0430 \u0441\u0442\u0435\u043f\u0435\u043d\u0442\u0430 \u043d\u0430 \u043a\u043e\u043f\u0430\u0435\u043d\u0435 \u043d\u0430 \u043f\u0430\u0437\u0430\u0440\u0430 \u0435 \u0432\u044a\u0432\u0435\u0434\u0435\u043d\u0430 \u043e\u0442 Trimble \u043f\u0440\u0435\u0434\u0438 \u043f\u043e\u0432\u0435\u0447\u0435 \u043e\u0442 [&hellip;]<\/p>\n","protected":false},"author":1,"featured_media":33515434,"parent":0,"menu_order":0,"comment_status":"closed","ping_status":"closed","template":"elementor_header_footer","meta":{"_acf_changed":false,"pgc_sgb_lightbox_settings":"","footnotes":""},"class_list":["post-33515433","page","type-page","status-publish","has-post-thumbnail","hentry"],"acf":[],"featured_image_src":"https:\/\/develon.hr\/wp-content\/uploads\/2026\/04\/smart-solution.webp","_links":{"self":[{"href":"https:\/\/develon.hr\/hr\/wp-json\/wp\/v2\/pages\/33515433","targetHints":{"allow":["GET"]}}],"collection":[{"href":"https:\/\/develon.hr\/hr\/wp-json\/wp\/v2\/pages"}],"about":[{"href":"https:\/\/develon.hr\/hr\/wp-json\/wp\/v2\/types\/page"}],"author":[{"embeddable":true,"href":"https:\/\/develon.hr\/hr\/wp-json\/wp\/v2\/users\/1"}],"replies":[{"embeddable":true,"href":"https:\/\/develon.hr\/hr\/wp-json\/wp\/v2\/comments?post=33515433"}],"version-history":[{"count":7,"href":"https:\/\/develon.hr\/hr\/wp-json\/wp\/v2\/pages\/33515433\/revisions"}],"predecessor-version":[{"id":33515444,"href":"https:\/\/develon.hr\/hr\/wp-json\/wp\/v2\/pages\/33515433\/revisions\/33515444"}],"wp:featuredmedia":[{"embeddable":true,"href":"https:\/\/develon.hr\/hr\/wp-json\/wp\/v2\/media\/33515434"}],"wp:attachment":[{"href":"https:\/\/develon.hr\/hr\/wp-json\/wp\/v2\/media?parent=33515433"}],"curies":[{"name":"radni list","href":"https:\/\/api.w.org\/{rel}","templated":true}]}}