{"id":33514634,"date":"2026-03-25T12:03:40","date_gmt":"2026-03-25T12:03:40","guid":{"rendered":"https:\/\/develon.agma.bg\/?page_id=33514634"},"modified":"2026-03-25T12:14:50","modified_gmt":"2026-03-25T12:14:50","slug":"prozrachna-sistema-za-kofi","status":"publish","type":"page","link":"https:\/\/develon.hr\/hr\/inovatsii\/prozrachna-sistema-za-kofi\/","title":{"rendered":"\u041f\u0440\u043e\u0437\u0440\u0430\u0447\u043d\u0430 \u0441\u0438\u0441\u0442\u0435\u043c\u0430 \u0437\u0430 \u043a\u043e\u0444\u0438"},"content":{"rendered":"<div data-elementor-type=\"wp-page\" data-elementor-id=\"33514634\" class=\"elementor elementor-33514634\" data-elementor-post-type=\"page\">\n\t\t\t\t<div class=\"elementor-element elementor-element-f8b593f e-flex e-con-boxed e-con e-parent\" data-id=\"f8b593f\" data-element_type=\"container\" data-e-type=\"container\">\n\t\t\t\t\t<div class=\"e-con-inner\">\n\t\t<div class=\"elementor-element elementor-element-5b222b6 e-con-full e-flex e-con e-child\" data-id=\"5b222b6\" data-element_type=\"container\" data-e-type=\"container\">\n\t\t<div class=\"elementor-element elementor-element-8f76954 e-con-full e-flex e-con e-child\" data-id=\"8f76954\" data-element_type=\"container\" data-e-type=\"container\">\n\t\t\t\t<div class=\"elementor-element elementor-element-9c0eca3 elementor-widget elementor-widget-heading\" data-id=\"9c0eca3\" data-element_type=\"widget\" data-e-type=\"widget\" data-widget_type=\"heading.default\">\n\t\t\t\t\t<h2 class=\"elementor-heading-title elementor-size-default\">Prebrodit \u0107ete svaki izazov.<\/h2>\t\t\t\t<\/div>\n\t\t\t\t<\/div>\n\t\t<div class=\"elementor-element elementor-element-46723ac e-con-full e-flex e-con e-child\" data-id=\"46723ac\" data-element_type=\"container\" data-e-type=\"container\">\n\t\t\t\t<div class=\"elementor-element elementor-element-9f58d1d elementor-widget elementor-widget-text-editor\" data-id=\"9f58d1d\" data-element_type=\"widget\" data-e-type=\"widget\" data-widget_type=\"text-editor.default\">\n\t\t\t\t\t\t\t\t\t<div class=\"header-title overlay-container white\" data-sub-height=\"\"><div class=\"overlay-content overlaybox\"><div class=\"container\"><div class=\"title-base\"><div class=\"col-md-12 hc_text_block_cnt\"><div id=\"c8Jgt\" class=\"\"><div class=\"col-md-12 hc_text_block_cnt\"><div id=\"0cL4c\" class=\"no-paddings\"><div class=\"col-md-12 hc_text_block_cnt\"><div id=\"eq2Nc\" class=\"no-paddings\">Zbog mrtvih kutova uzrokovanih ka\u0161ikama utovariva\u010da na kota\u010dima, podru\u010dje ispred stroja smatra se podru\u010djem ozbiljne sigurnosne zabrinutosti. Sustav snima slike ispred utovariva\u010da na kota\u010dima s dvije kamere postavljene na vrhu i dnu stroja i prikazuje kombinirane slike u stvarnom vremenu na monitoru u kabini koriste\u0107i metodu zakrivljene projekcije. Ova inovacija za\u0161ti\u0107ena je s nekoliko patenata u Koreji, Sjevernoj Americi, Europi i Kini.<\/div><\/div><\/div><\/div><\/div><\/div><\/div><\/div><\/div><\/div>\t\t\t\t\t\t\t\t<\/div>\n\t\t\t\t<\/div>\n\t\t\t\t<\/div>\n\t\t\t\t\t<\/div>\n\t\t\t\t<\/div>\n\t\t<div class=\"elementor-element elementor-element-81e573a e-flex e-con-boxed e-con e-parent\" data-id=\"81e573a\" data-element_type=\"container\" data-e-type=\"container\">\n\t\t\t\t\t<div class=\"e-con-inner\">\n\t\t\t\t<div class=\"elementor-element elementor-element-0897e70 elementor-widget elementor-widget-video\" data-id=\"0897e70\" data-element_type=\"widget\" data-e-type=\"widget\" data-settings=\"{&quot;youtube_url&quot;:&quot;https:\\\/\\\/youtu.be\\\/6CJm2RNAasQ&quot;,&quot;video_type&quot;:&quot;youtube&quot;}\" data-widget_type=\"video.default\">\n\t\t\t\t\t\t\t<div class=\"elementor-wrapper elementor-open-inline\">\n\t\t\t<div class=\"elementor-video\"><\/div>\t\t<\/div>\n\t\t\t\t\t\t<\/div>\n\t\t\t\t\t<\/div>\n\t\t\t\t<\/div>\n\t\t<div class=\"elementor-element elementor-element-099518e e-flex e-con-boxed e-con e-parent\" data-id=\"099518e\" data-element_type=\"container\" data-e-type=\"container\">\n\t\t\t\t\t<div class=\"e-con-inner\">\n\t\t\t\t<div class=\"elementor-element elementor-element-46aa1ad elementor-widget elementor-widget-heading\" data-id=\"46aa1ad\" data-element_type=\"widget\" data-e-type=\"widget\" data-widget_type=\"heading.default\">\n\t\t\t\t\t<h3 class=\"elementor-heading-title elementor-size-default\">Prednosti<\/h3>\t\t\t\t<\/div>\n\t\t\t\t\t<\/div>\n\t\t\t\t<\/div>\n\t\t<div class=\"elementor-element elementor-element-d321387 e-grid e-con-boxed e-con e-parent\" data-id=\"d321387\" data-element_type=\"container\" data-e-type=\"container\">\n\t\t\t\t\t<div class=\"e-con-inner\">\n\t\t\t\t<div class=\"elementor-element elementor-element-69d37c8 elementor-position-top elementor-widget elementor-widget-image-box\" data-id=\"69d37c8\" data-element_type=\"widget\" data-e-type=\"widget\" data-widget_type=\"image-box.default\">\n\t\t\t\t\t<div class=\"elementor-image-box-wrapper\"><figure class=\"elementor-image-box-img\"><img decoding=\"async\" width=\"50\" height=\"72\" src=\"https:\/\/develon.hr\/wp-content\/uploads\/2026\/03\/20211123-Doosan-icon-info-e1698846476645.png\" class=\"attachment-full size-full wp-image-33514593\" alt=\"\" \/><\/figure><div class=\"elementor-image-box-content\"><h4 class=\"elementor-image-box-title\">SIGURNOST<\/h4><p class=\"elementor-image-box-description\">Zna\u010dajno pove\u0107ana razina operativne sigurnosti Bolja prevencija ozljeda i nesre\u0107a<\/p><\/div><\/div>\t\t\t\t<\/div>\n\t\t\t\t<div class=\"elementor-element elementor-element-bcba4d8 elementor-position-top elementor-widget elementor-widget-image-box\" data-id=\"bcba4d8\" data-element_type=\"widget\" data-e-type=\"widget\" data-widget_type=\"image-box.default\">\n\t\t\t\t\t<div class=\"elementor-image-box-wrapper\"><figure class=\"elementor-image-box-img\"><img decoding=\"async\" width=\"50\" height=\"68\" src=\"https:\/\/develon.hr\/wp-content\/uploads\/2026\/03\/20211123-Doosan-icon-service-e1698846351942.png\" class=\"attachment-full size-full wp-image-33514591\" alt=\"\" \/><\/figure><div class=\"elementor-image-box-content\"><h4 class=\"elementor-image-box-title\">RADNA U\u010cINKOVITOST<\/h4><p class=\"elementor-image-box-description\">Intuitivno i jednostavno za kori\u0161tenje Ve\u0107a produktivnost Manje umora\/stresa<\/p><\/div><\/div>\t\t\t\t<\/div>\n\t\t\t\t<div class=\"elementor-element elementor-element-e4e45fd elementor-position-top elementor-widget elementor-widget-image-box\" data-id=\"e4e45fd\" data-element_type=\"widget\" data-e-type=\"widget\" data-widget_type=\"image-box.default\">\n\t\t\t\t\t<div class=\"elementor-image-box-wrapper\"><figure class=\"elementor-image-box-img\"><img decoding=\"async\" width=\"50\" height=\"52\" src=\"https:\/\/develon.hr\/wp-content\/uploads\/2026\/03\/20211123-Doosan-icon-equipment-e1698846366413.png\" class=\"attachment-full size-full wp-image-33514592\" alt=\"\" \/><\/figure><div class=\"elementor-image-box-content\"><h4 class=\"elementor-image-box-title\">POVE\u0106ANA UDOBNOST ZA RUKOVODITELJA<\/h4><p class=\"elementor-image-box-description\">Udobnije okru\u017eenje Ve\u0107i mir za operatera<\/p><\/div><\/div>\t\t\t\t<\/div>\n\t\t\t\t<div class=\"elementor-element elementor-element-1ed1186 elementor-position-top elementor-widget elementor-widget-image-box\" data-id=\"1ed1186\" data-element_type=\"widget\" data-e-type=\"widget\" data-widget_type=\"image-box.default\">\n\t\t\t\t\t<div class=\"elementor-image-box-wrapper\"><figure class=\"elementor-image-box-img\"><img loading=\"lazy\" decoding=\"async\" width=\"50\" height=\"55\" src=\"https:\/\/develon.hr\/wp-content\/uploads\/2026\/03\/20211123-Doosan-icon-parts-eshop-e1698846385926.png\" class=\"attachment-full size-full wp-image-33514590\" alt=\"\" \/><\/figure><div class=\"elementor-image-box-content\"><h4 class=\"elementor-image-box-title\">VISOKOKVALITETAN POTPUNO INTEGRIRANI SUSTAV<\/h4><p class=\"elementor-image-box-description\">Jo\u0161 jedna prednost sustava prozirne \u017elice je ta \u0161to mo\u017ee zna\u010dajno pobolj\u0161ati u\u010dinkovitost rada pru\u017eaju\u0107i voza\u010du pogled odozgo tijekom utovara\/istovara ili prilikom prijevoza materijala poput agregata, pijeska i zemlje.<\/p><\/div><\/div>\t\t\t\t<\/div>\n\t\t\t\t\t<\/div>\n\t\t\t\t<\/div>\n\t\t<div class=\"elementor-element elementor-element-c27f916 e-flex e-con-boxed e-con e-parent\" data-id=\"c27f916\" data-element_type=\"container\" data-e-type=\"container\">\n\t\t\t\t\t<div class=\"e-con-inner\">\n\t\t\t\t<div class=\"elementor-element elementor-element-31557f7 elementor-widget elementor-widget-image\" data-id=\"31557f7\" data-element_type=\"widget\" data-e-type=\"widget\" data-widget_type=\"image.default\">\n\t\t\t\t\t\t\t\t\t\t\t\t\t\t\t<img loading=\"lazy\" decoding=\"async\" width=\"1024\" height=\"347\" src=\"https:\/\/develon.hr\/wp-content\/uploads\/2026\/03\/transparent-bucket-compare-1024x347-1.webp\" class=\"attachment-full size-full wp-image-33514636\" alt=\"\" srcset=\"https:\/\/develon.hr\/wp-content\/uploads\/2026\/03\/transparent-bucket-compare-1024x347-1.webp 1024w, https:\/\/develon.hr\/wp-content\/uploads\/2026\/03\/transparent-bucket-compare-1024x347-1-300x102.webp 300w, https:\/\/develon.hr\/wp-content\/uploads\/2026\/03\/transparent-bucket-compare-1024x347-1-768x260.webp 768w, https:\/\/develon.hr\/wp-content\/uploads\/2026\/03\/transparent-bucket-compare-1024x347-1-600x203.webp 600w, https:\/\/develon.hr\/wp-content\/uploads\/2026\/03\/transparent-bucket-compare-1024x347-1-280x95.webp 280w\" sizes=\"(max-width: 1024px) 100vw, 1024px\" \/>\t\t\t\t\t\t\t\t\t\t\t\t\t\t\t<\/div>\n\t\t\t\t\t<\/div>\n\t\t\t\t<\/div>\n\t\t<div class=\"elementor-element elementor-element-94d5df0 e-flex e-con-boxed e-con e-parent\" data-id=\"94d5df0\" data-element_type=\"container\" data-e-type=\"container\">\n\t\t\t\t\t<div class=\"e-con-inner\">\n\t\t\t\t<div class=\"elementor-element elementor-element-b0a996f elementor-widget elementor-widget-heading\" data-id=\"b0a996f\" data-element_type=\"widget\" data-e-type=\"widget\" data-widget_type=\"heading.default\">\n\t\t\t\t\t<h3 class=\"elementor-heading-title elementor-size-default\">Nagrade i priznanja<\/h3>\t\t\t\t<\/div>\n\t\t\t\t\t<\/div>\n\t\t\t\t<\/div>\n\t\t<div class=\"elementor-element elementor-element-96413de e-grid e-con-boxed e-con e-parent\" data-id=\"96413de\" data-element_type=\"container\" data-e-type=\"container\">\n\t\t\t\t\t<div class=\"e-con-inner\">\n\t\t\t\t<div class=\"elementor-element elementor-element-7f93bbc elementor-widget elementor-widget-image-gallery\" data-id=\"7f93bbc\" data-element_type=\"widget\" data-e-type=\"widget\" data-widget_type=\"image-gallery.default\">\n\t\t\t\t\t\t\t<div class=\"elementor-image-gallery\">\n\t\t\t<div id='gallery-1' class='gallery galleryid-33514634 gallery-columns-1 gallery-size-full'><figure class='gallery-item'>\n\t\t\t<div class='gallery-icon portrait'>\n\t\t\t\t<a data-elementor-open-lightbox=\"yes\" data-elementor-lightbox-slideshow=\"7f93bbc\" data-elementor-lightbox-title=\"matexpo-21-1\" data-e-action-hash=\"#elementor-action%3Aaction%3Dlightbox%26settings%3DeyJpZCI6MzM1MTQ2MzcsInVybCI6Imh0dHBzOlwvXC9kZXZlbG9uLmhyXC93cC1jb250ZW50XC91cGxvYWRzXC8yMDI2XC8wM1wvbWF0ZXhwby0yMS0xLndlYnAiLCJzbGlkZXNob3ciOiI3ZjkzYmJjIn0%3D\" href='https:\/\/develon.hr\/wp-content\/uploads\/2026\/03\/matexpo-21-1.webp'><img loading=\"lazy\" decoding=\"async\" width=\"320\" height=\"322\" src=\"https:\/\/develon.hr\/wp-content\/uploads\/2026\/03\/matexpo-21-1.webp\" class=\"attachment-full size-full\" alt=\"\" srcset=\"https:\/\/develon.hr\/wp-content\/uploads\/2026\/03\/matexpo-21-1.webp 320w, https:\/\/develon.hr\/wp-content\/uploads\/2026\/03\/matexpo-21-1-298x300.webp 298w, https:\/\/develon.hr\/wp-content\/uploads\/2026\/03\/matexpo-21-1-150x150.webp 150w, https:\/\/develon.hr\/wp-content\/uploads\/2026\/03\/matexpo-21-1-159x160.webp 159w\" sizes=\"(max-width: 320px) 100vw, 320px\" \/><\/a>\n\t\t\t<\/div><\/figure>\n\t\t<\/div>\n\t\t<\/div>\n\t\t\t\t\t\t<\/div>\n\t\t\t\t<div class=\"elementor-element elementor-element-fdd807e elementor-widget elementor-widget-text-editor\" data-id=\"fdd807e\" data-element_type=\"widget\" data-e-type=\"widget\" data-widget_type=\"text-editor.default\">\n\t\t\t\t\t\t\t\t\t<div class=\"col-md-12 hc_title_tag_cnt\"><h3 id=\"4mKXh\" class=\"no-paddings\">Prozirna kanta<\/h3><\/div><div class=\"col-md-12 hc_space_cnt\">\u00a0<\/div><div class=\"col-md-12 hc_title_tag_cnt\"><h4 id=\"AVS6I\" class=\"\">GRAND PRIX MAT\u00c9RIELS CHANTIERS DE FRANCE I DLR 2022.<\/h4><\/div><div class=\"col-md-12 hc_text_block_cnt\"><div id=\"al83t\" class=\"no-paddings\">Coup de Coeur&#039; \u2013 favorit \u017eirija \u2013 nagrada<\/div><\/div><div class=\"col-md-12 hc_space_cnt\">\u00a0<\/div><div class=\"col-md-12 hc_title_tag_cnt\"><h4 id=\"Tofwv\" class=\"\">NAGRADA MATEXPO 2021.<\/h4><\/div><div class=\"col-md-12 hc_space_cnt\">\u00a0<\/div><div class=\"col-md-12 hc_text_block_cnt\"><div id=\"Bcpk4\" class=\"no-paddings\">\u2018Kategorije &#039;Inovacija&#039; i &#039;Sigurnost&#039;<\/div><\/div><div class=\"col-md-12 hc_space_cnt\">\u00a0<\/div><div class=\"col-md-12 hc_title_tag_cnt\"><h4 id=\"IzLCw\" class=\"\">NAGRADE POWER 2021<\/h4><\/div><div class=\"col-md-12 hc_space_cnt\">\u00a0<\/div><div class=\"col-md-12 hc_text_block_cnt\"><div id=\"CgWF4\" class=\"no-paddings\">Nagrada za inovacije<\/div><\/div>\t\t\t\t\t\t\t\t<\/div>\n\t\t\t\t\t<\/div>\n\t\t\t\t<\/div>\n\t\t\t\t<\/div>","protected":false},"excerpt":{"rendered":"<p>\u0429\u0435 \u0441\u0435 \u0441\u043f\u0440\u0430\u0432\u0438\u0442\u0435 \u0441 \u0432\u0441\u044f\u043a\u043e \u043f\u0440\u0435\u0434\u0438\u0437\u0432\u0438\u043a\u0430\u0442\u0435\u043b\u0441\u0442\u0432\u043e \u041f\u043e\u0440\u0430\u0434\u0438 \u043c\u044a\u0440\u0442\u0432\u0438\u0442\u0435 \u0437\u043e\u043d\u0438, \u043f\u0440\u0438\u0447\u0438\u043d\u0435\u043d\u0438 \u043e\u0442 \u043a\u043e\u0444\u0438\u0442\u0435 \u043d\u0430 \u043a\u043e\u043b\u0435\u0441\u043d\u0438\u0442\u0435 \u0442\u043e\u0432\u0430\u0440\u0430\u0447\u0438, \u0437\u043e\u043d\u0430\u0442\u0430 \u043f\u0440\u0435\u0434 \u043c\u0430\u0448\u0438\u043d\u0430\u0442\u0430 \u0441\u0435 \u0441\u0447\u0438\u0442\u0430 \u0437\u0430 \u043e\u0431\u043b\u0430\u0441\u0442, \u043a\u043e\u044f\u0442\u043e \u043f\u0440\u0435\u0434\u0438\u0437\u0432\u0438\u043a\u0432\u0430 \u0441\u0435\u0440\u0438\u043e\u0437\u043d\u0438 \u043f\u0440\u0438\u0442\u0435\u0441\u043d\u0435\u043d\u0438\u044f \u043f\u043e \u043e\u0442\u043d\u043e\u0448\u0435\u043d\u0438\u0435 \u043d\u0430 \u0431\u0435\u0437\u043e\u043f\u0430\u0441\u043d\u043e\u0441\u0442\u0442\u0430. \u0421\u0438\u0441\u0442\u0435\u043c\u0430\u0442\u0430 \u0437\u0430\u043f\u0438\u0441\u0432\u0430 \u0438\u0437\u043e\u0431\u0440\u0430\u0436\u0435\u043d\u0438\u044f\u0442\u0430 \u0432 \u043f\u0440\u0435\u0434\u043d\u0430\u0442\u0430 \u0447\u0430\u0441\u0442 \u043d\u0430 \u043a\u043e\u043b\u0435\u0441\u043d\u0438\u044f \u0442\u043e\u0432\u0430\u0440\u0430\u0447 \u0441 \u0434\u0432\u0435 \u043a\u0430\u043c\u0435\u0440\u0438, \u043c\u043e\u043d\u0442\u0438\u0440\u0430\u043d\u0438 \u0432 \u0433\u043e\u0440\u043d\u0430\u0442\u0430 \u0438 \u0434\u043e\u043b\u043d\u0430\u0442\u0430 \u0447\u0430\u0441\u0442 \u043d\u0430 \u043c\u0430\u0448\u0438\u043d\u0430\u0442\u0430, \u0438 \u043f\u043e\u043a\u0430\u0437\u0432\u0430 \u043a\u043e\u043c\u0431\u0438\u043d\u0438\u0440\u0430\u043d\u0438\u0442\u0435 \u0438\u0437\u043e\u0431\u0440\u0430\u0436\u0435\u043d\u0438\u044f \u0432 [&hellip;]<\/p>\n","protected":false},"author":1,"featured_media":33514635,"parent":33441037,"menu_order":0,"comment_status":"closed","ping_status":"closed","template":"","meta":{"_acf_changed":false,"pgc_sgb_lightbox_settings":"","footnotes":""},"class_list":["post-33514634","page","type-page","status-publish","has-post-thumbnail","hentry"],"acf":[],"featured_image_src":"https:\/\/develon.hr\/wp-content\/uploads\/2026\/03\/innovation-page-transparent-bucket-1-1.webp","_links":{"self":[{"href":"https:\/\/develon.hr\/hr\/wp-json\/wp\/v2\/pages\/33514634","targetHints":{"allow":["GET"]}}],"collection":[{"href":"https:\/\/develon.hr\/hr\/wp-json\/wp\/v2\/pages"}],"about":[{"href":"https:\/\/develon.hr\/hr\/wp-json\/wp\/v2\/types\/page"}],"author":[{"embeddable":true,"href":"https:\/\/develon.hr\/hr\/wp-json\/wp\/v2\/users\/1"}],"replies":[{"embeddable":true,"href":"https:\/\/develon.hr\/hr\/wp-json\/wp\/v2\/comments?post=33514634"}],"version-history":[{"count":10,"href":"https:\/\/develon.hr\/hr\/wp-json\/wp\/v2\/pages\/33514634\/revisions"}],"predecessor-version":[{"id":33514647,"href":"https:\/\/develon.hr\/hr\/wp-json\/wp\/v2\/pages\/33514634\/revisions\/33514647"}],"up":[{"embeddable":true,"href":"https:\/\/develon.hr\/hr\/wp-json\/wp\/v2\/pages\/33441037"}],"wp:featuredmedia":[{"embeddable":true,"href":"https:\/\/develon.hr\/hr\/wp-json\/wp\/v2\/media\/33514635"}],"wp:attachment":[{"href":"https:\/\/develon.hr\/hr\/wp-json\/wp\/v2\/media?parent=33514634"}],"curies":[{"name":"radni list","href":"https:\/\/api.w.org\/{rel}","templated":true}]}}