{"id":33514626,"date":"2026-03-25T11:59:06","date_gmt":"2026-03-25T11:59:06","guid":{"rendered":"https:\/\/develon.agma.bg\/?page_id=33514626"},"modified":"2026-03-25T12:01:30","modified_gmt":"2026-03-25T12:01:30","slug":"xitecloud","status":"publish","type":"page","link":"https:\/\/develon.hr\/hr\/inovatsii\/xitecloud\/","title":{"rendered":"XiteCloud"},"content":{"rendered":"<div data-elementor-type=\"wp-page\" data-elementor-id=\"33514626\" class=\"elementor elementor-33514626\" data-elementor-post-type=\"page\">\n\t\t\t\t<div class=\"elementor-element elementor-element-f8b593f e-flex e-con-boxed e-con e-parent\" data-id=\"f8b593f\" data-element_type=\"container\" data-e-type=\"container\">\n\t\t\t\t\t<div class=\"e-con-inner\">\n\t\t<div class=\"elementor-element elementor-element-5b222b6 e-con-full e-flex e-con e-child\" data-id=\"5b222b6\" data-element_type=\"container\" data-e-type=\"container\">\n\t\t<div class=\"elementor-element elementor-element-8f76954 e-con-full e-flex e-con e-child\" data-id=\"8f76954\" data-element_type=\"container\" data-e-type=\"container\">\n\t\t\t\t<div class=\"elementor-element elementor-element-9c0eca3 elementor-widget elementor-widget-heading\" data-id=\"9c0eca3\" data-element_type=\"widget\" data-e-type=\"widget\" data-widget_type=\"heading.default\">\n\t\t\t\t\t<h2 class=\"elementor-heading-title elementor-size-default\">Inteligentna gra\u0111evinska platforma - sve u jednom<\/h2>\t\t\t\t<\/div>\n\t\t\t\t<div class=\"elementor-element elementor-element-c0ec22c elementor-widget elementor-widget-image-gallery\" data-id=\"c0ec22c\" data-element_type=\"widget\" data-e-type=\"widget\" data-widget_type=\"image-gallery.default\">\n\t\t\t\t\t\t\t<div class=\"elementor-image-gallery\">\n\t\t\t<div id='gallery-1' class='gallery galleryid-33514626 gallery-columns-1 gallery-size-full'><figure class='gallery-item'>\n\t\t\t<div class='gallery-icon landscape'>\n\t\t\t\t<a data-elementor-open-lightbox=\"yes\" data-elementor-lightbox-slideshow=\"c0ec22c\" data-elementor-lightbox-title=\"xitecloud-image-EN-1-1-1024x506\" data-e-action-hash=\"#elementor-action%3Aaction%3Dlightbox%26settings%3DeyJpZCI6MzM1MTQ2MjgsInVybCI6Imh0dHBzOlwvXC9kZXZlbG9uLmhyXC93cC1jb250ZW50XC91cGxvYWRzXC8yMDI2XC8wM1wveGl0ZWNsb3VkLWltYWdlLUVOLTEtMS0xMDI0eDUwNi0xLndlYnAiLCJzbGlkZXNob3ciOiJjMGVjMjJjIn0%3D\" href='https:\/\/develon.hr\/wp-content\/uploads\/2026\/03\/xitecloud-image-EN-1-1-1024x506-1.webp'><img fetchpriority=\"high\" decoding=\"async\" width=\"1024\" height=\"506\" src=\"https:\/\/develon.hr\/wp-content\/uploads\/2026\/03\/xitecloud-image-EN-1-1-1024x506-1.webp\" class=\"attachment-full size-full\" alt=\"\" srcset=\"https:\/\/develon.hr\/wp-content\/uploads\/2026\/03\/xitecloud-image-EN-1-1-1024x506-1.webp 1024w, https:\/\/develon.hr\/wp-content\/uploads\/2026\/03\/xitecloud-image-EN-1-1-1024x506-1-300x148.webp 300w, https:\/\/develon.hr\/wp-content\/uploads\/2026\/03\/xitecloud-image-EN-1-1-1024x506-1-768x380.webp 768w, https:\/\/develon.hr\/wp-content\/uploads\/2026\/03\/xitecloud-image-EN-1-1-1024x506-1-600x296.webp 600w, https:\/\/develon.hr\/wp-content\/uploads\/2026\/03\/xitecloud-image-EN-1-1-1024x506-1-280x138.webp 280w\" sizes=\"(max-width: 1024px) 100vw, 1024px\" \/><\/a>\n\t\t\t<\/div><\/figure>\n\t\t<\/div>\n\t\t<\/div>\n\t\t\t\t\t\t<\/div>\n\t\t\t\t<\/div>\n\t\t<div class=\"elementor-element elementor-element-46723ac e-con-full e-flex e-con e-child\" data-id=\"46723ac\" data-element_type=\"container\" data-e-type=\"container\">\n\t\t\t\t<div class=\"elementor-element elementor-element-9f58d1d elementor-widget elementor-widget-text-editor\" data-id=\"9f58d1d\" data-element_type=\"widget\" data-e-type=\"widget\" data-widget_type=\"text-editor.default\">\n\t\t\t\t\t\t\t\t\t<div class=\"header-title overlay-container white\" data-sub-height=\"\">\n<div class=\"overlay-content overlaybox\">\n<div class=\"container\">\n<div class=\"title-base\">\n<div class=\"col-md-12 hc_text_block_cnt\">\n<div id=\"c8Jgt\" class=\"\">\n<div class=\"col-md-12 hc_text_block_cnt\">\n<div id=\"0cL4c\" class=\"no-paddings\">XiteCloud je sveobuhvatna platforma za pametnu gradnju i prvi korak u realizaciji projekta Concept-X. S XiteCloud rje\u0161enjima, korisnik mo\u017ee upravljati vi\u0161e zadataka kao \u0161to su geodetski radovi, analiza terena, kupnja strojeva, rad opreme i upravljanje gradnjom na jednoj platformi, \u010dime se smanjuju tro\u0161kovi gradnje i \u0161tedi vrijeme, a istovremeno se pove\u0107ava to\u010dnost rada, \u0161to zauzvrat pove\u0107ava produktivnost. XiteCloud tako\u0111er omogu\u0107uje korisnicima upravljanje vi\u0161e projekata na jednoj platformi, prikupljaju\u0107i i upravljaju\u0107i podacima koji se mogu koristiti za budu\u0107e dono\u0161enje odluka\/poslovanje.<\/div>\n<\/div>\n<\/div>\n<\/div>\n<\/div>\n<\/div>\n<\/div>\n<\/div>\t\t\t\t\t\t\t\t<\/div>\n\t\t\t\t<\/div>\n\t\t\t\t<\/div>\n\t\t\t\t\t<\/div>\n\t\t\t\t<\/div>\n\t\t<div class=\"elementor-element elementor-element-f4fa5ad e-flex e-con-boxed e-con e-parent\" data-id=\"f4fa5ad\" data-element_type=\"container\" data-e-type=\"container\">\n\t\t\t\t\t<div class=\"e-con-inner\">\n\t\t<div class=\"elementor-element elementor-element-4b0e8f2 e-con-full e-flex e-con e-child\" data-id=\"4b0e8f2\" data-element_type=\"container\" data-e-type=\"container\">\n\t\t\t\t<div class=\"elementor-element elementor-element-77eed50 elementor-widget elementor-widget-image-gallery\" data-id=\"77eed50\" data-element_type=\"widget\" data-e-type=\"widget\" data-widget_type=\"image-gallery.default\">\n\t\t\t\t\t\t\t<div class=\"elementor-image-gallery\">\n\t\t\t<div id='gallery-2' class='gallery galleryid-33514626 gallery-columns-1 gallery-size-full'><figure class='gallery-item'>\n\t\t\t<div class='gallery-icon portrait'>\n\t\t\t\t<a data-elementor-open-lightbox=\"yes\" data-elementor-lightbox-slideshow=\"77eed50\" data-elementor-lightbox-title=\"concept-x2-dozer-1-1-1\" data-e-action-hash=\"#elementor-action%3Aaction%3Dlightbox%26settings%3DeyJpZCI6MzM1MTQ2MjksInVybCI6Imh0dHBzOlwvXC9kZXZlbG9uLmhyXC93cC1jb250ZW50XC91cGxvYWRzXC8yMDI2XC8wM1wvY29uY2VwdC14Mi1kb3plci0xLTEtMS53ZWJwIiwic2xpZGVzaG93IjoiNzdlZWQ1MCJ9\" href='https:\/\/develon.hr\/wp-content\/uploads\/2026\/03\/concept-x2-dozer-1-1-1.webp'><img decoding=\"async\" width=\"401\" height=\"450\" src=\"https:\/\/develon.hr\/wp-content\/uploads\/2026\/03\/concept-x2-dozer-1-1-1.webp\" class=\"attachment-full size-full\" alt=\"\" srcset=\"https:\/\/develon.hr\/wp-content\/uploads\/2026\/03\/concept-x2-dozer-1-1-1.webp 401w, https:\/\/develon.hr\/wp-content\/uploads\/2026\/03\/concept-x2-dozer-1-1-1-267x300.webp 267w, https:\/\/develon.hr\/wp-content\/uploads\/2026\/03\/concept-x2-dozer-1-1-1-143x160.webp 143w\" sizes=\"(max-width: 401px) 100vw, 401px\" \/><\/a>\n\t\t\t<\/div><\/figure>\n\t\t<\/div>\n\t\t<\/div>\n\t\t\t\t\t\t<\/div>\n\t\t\t\t<\/div>\n\t\t<div class=\"elementor-element elementor-element-f071107 e-con-full e-flex e-con e-child\" data-id=\"f071107\" data-element_type=\"container\" data-e-type=\"container\">\n\t\t\t\t<div class=\"elementor-element elementor-element-5b0eab3 elementor-widget elementor-widget-text-editor\" data-id=\"5b0eab3\" data-element_type=\"widget\" data-e-type=\"widget\" data-widget_type=\"text-editor.default\">\n\t\t\t\t\t\t\t\t\t<div class=\"col-md-12 hc_title_tag_cnt\">\n<div class=\"col-md-12 hc_title_tag_cnt\">\n<h2 id=\"fRfPk\" class=\"\">Xite Cloud<\/h2>\n<\/div>\n<div class=\"col-md-12 hc_text_block_cnt\">\n<div id=\"ZaLz7\" class=\"no-paddings\">S XiteCloudom, korisnici mogu digitalizirati svoja gradili\u0161ta inovativnim rje\u0161enjima za upravljanje, terenski rad i sigurnost. Raspon novih rje\u0161enja koja su dio XiteCloud sustava pokriva mnoge aspekte upravljanja gradnjom:<\/div>\n<\/div>\n<div class=\"col-md-12 hc_title_tag_cnt\">\n<h4 id=\"ZtdqM\" class=\"\">XiteFleet<\/h4>\n<\/div>\n<div class=\"col-md-12 hc_text_block_cnt\">\n<div id=\"beVrw\" class=\"no-paddings\">Omogu\u0107uje pra\u0107enje voznog parka u stvarnom vremenu s pra\u0107enjem lokacije i pra\u0107enjem performansi.<\/div>\n<\/div>\n<div class=\"col-md-12 hc_title_tag_cnt\">\n<h4 id=\"8MV2R\" class=\"\">XiteAuto<\/h4>\n<\/div>\n<div class=\"col-md-12 hc_text_block_cnt\">\n<div id=\"OWGpz\" class=\"no-paddings\">Nudi tr\u017ei\u0161tu trenutne i budu\u0107e tehnologije koje DEVELON razvija \u2013 od 3D navo\u0111enja strojeva do automatizacije.<\/div>\n<\/div>\n<div class=\"col-md-12 hc_title_tag_cnt\">\n<h4 id=\"j7Yje\" class=\"\">XiteAnalyst<\/h4>\n<\/div>\n<div class=\"col-md-12 hc_text_block_cnt\">\n<div id=\"Jttnq\" class=\"no-paddings\">XiteAnalyst je digitalno analogno rje\u0161enje za analizu\/upravljanje zemljanim radovima.<\/div>\n<\/div>\n<div class=\"col-md-12 hc_title_tag_cnt\">\n<h4 id=\"x1vLN\" class=\"\">XiteSafety<\/h4>\n<\/div>\n<div class=\"col-md-12 hc_text_block_cnt\">\n<div id=\"BJTgV\" class=\"no-paddings\">Nudi upravljanje sigurno\u0161\u0107u, uklju\u010duju\u0107i sprje\u010davanje nesre\u0107a s radnicima i gra\u0111evinskom opremom.<\/div>\n<\/div>\n<\/div>\t\t\t\t\t\t\t\t<\/div>\n\t\t\t\t<\/div>\n\t\t\t\t\t<\/div>\n\t\t\t\t<\/div>\n\t\t<div class=\"elementor-element elementor-element-81e573a e-flex e-con-boxed e-con e-parent\" data-id=\"81e573a\" data-element_type=\"container\" data-e-type=\"container\">\n\t\t\t\t\t<div class=\"e-con-inner\">\n\t\t\t\t<div class=\"elementor-element elementor-element-0897e70 elementor-widget elementor-widget-video\" data-id=\"0897e70\" data-element_type=\"widget\" data-e-type=\"widget\" data-settings=\"{&quot;youtube_url&quot;:&quot;https:\\\/\\\/youtu.be\\\/zitAIAV1lZs&quot;,&quot;video_type&quot;:&quot;youtube&quot;}\" data-widget_type=\"video.default\">\n\t\t\t\t\t\t\t<div class=\"elementor-wrapper elementor-open-inline\">\n\t\t\t<div class=\"elementor-video\"><\/div>\t\t<\/div>\n\t\t\t\t\t\t<\/div>\n\t\t\t\t\t<\/div>\n\t\t\t\t<\/div>\n\t\t\t\t<\/div>","protected":false},"excerpt":{"rendered":"<p>\u0418\u043d\u0442\u0435\u043b\u0438\u0433\u0435\u043d\u0442\u043d\u0430 \u043f\u043b\u0430\u0442\u0444\u043e\u0440\u043c\u0430 \u0437\u0430 \u0441\u0442\u0440\u043e\u0438\u0442\u0435\u043b\u0441\u0442\u0432\u043e &#8211; \u0432\u0441\u0438\u0447\u043a\u043e \u0432 \u0435\u0434\u043d\u043e XiteCloud \u0435 \u0446\u044f\u043b\u043e\u0441\u0442\u043d\u0430 \u043f\u043b\u0430\u0442\u0444\u043e\u0440\u043c\u0430 \u0437\u0430 \u0438\u043d\u0442\u0435\u043b\u0438\u0433\u0435\u043d\u0442\u043d\u043e \u0441\u0442\u0440\u043e\u0438\u0442\u0435\u043b\u0441\u0442\u0432\u043e \u0438 \u043f\u044a\u0440\u0432\u0430\u0442\u0430 \u0441\u0442\u044a\u043f\u043a\u0430 \u0437\u0430 \u0440\u0435\u0430\u043b\u0438\u0437\u0438\u0440\u0430\u043d\u0435 \u043d\u0430 \u043f\u0440\u043e\u0435\u043a\u0442\u0430 Concept-X. \u0421 \u0440\u0435\u0448\u0435\u043d\u0438\u044f\u0442\u0430 \u043d\u0430 XiteCloud \u043a\u043b\u0438\u0435\u043d\u0442\u044a\u0442 \u043c\u043e\u0436\u0435 \u0434\u0430 \u0443\u043f\u0440\u0430\u0432\u043b\u044f\u0432\u0430 \u043c\u043d\u043e\u0436\u0435\u0441\u0442\u0432\u043e \u0437\u0430\u0434\u0430\u0447\u0438 \u043a\u0430\u0442\u043e \u043f\u0440\u043e\u0443\u0447\u0432\u0430\u043d\u0438\u044f, \u0430\u043d\u0430\u043b\u0438\u0437 \u043d\u0430 \u0442\u0435\u0440\u0435\u043d\u0430, \u0437\u0430\u043a\u0443\u043f\u0443\u0432\u0430\u043d\u0435 \u043d\u0430 \u043c\u0430\u0448\u0438\u043d\u0438, \u0435\u043a\u0441\u043f\u043b\u043e\u0430\u0442\u0430\u0446\u0438\u044f \u043d\u0430 \u043e\u0431\u043e\u0440\u0443\u0434\u0432\u0430\u043d\u0435 \u0438 \u0443\u043f\u0440\u0430\u0432\u043b\u0435\u043d\u0438\u0435 \u043d\u0430 \u0441\u0442\u0440\u043e\u0438\u0442\u0435\u043b\u0441\u0442\u0432\u043e\u0442\u043e \u043d\u0430 \u0435\u0434\u043d\u0430 \u043f\u043b\u0430\u0442\u0444\u043e\u0440\u043c\u0430, \u043a\u0430\u0442\u043e \u043f\u043e \u0442\u043e\u0437\u0438 \u043d\u0430\u0447\u0438\u043d [&hellip;]<\/p>\n","protected":false},"author":1,"featured_media":33514627,"parent":33441037,"menu_order":0,"comment_status":"closed","ping_status":"closed","template":"","meta":{"_acf_changed":false,"pgc_sgb_lightbox_settings":"","footnotes":""},"class_list":["post-33514626","page","type-page","status-publish","has-post-thumbnail","hentry"],"acf":[],"featured_image_src":"https:\/\/develon.hr\/wp-content\/uploads\/2026\/03\/innovation-page-xitecloud-1.webp","_links":{"self":[{"href":"https:\/\/develon.hr\/hr\/wp-json\/wp\/v2\/pages\/33514626","targetHints":{"allow":["GET"]}}],"collection":[{"href":"https:\/\/develon.hr\/hr\/wp-json\/wp\/v2\/pages"}],"about":[{"href":"https:\/\/develon.hr\/hr\/wp-json\/wp\/v2\/types\/page"}],"author":[{"embeddable":true,"href":"https:\/\/develon.hr\/hr\/wp-json\/wp\/v2\/users\/1"}],"replies":[{"embeddable":true,"href":"https:\/\/develon.hr\/hr\/wp-json\/wp\/v2\/comments?post=33514626"}],"version-history":[{"count":4,"href":"https:\/\/develon.hr\/hr\/wp-json\/wp\/v2\/pages\/33514626\/revisions"}],"predecessor-version":[{"id":33514633,"href":"https:\/\/develon.hr\/hr\/wp-json\/wp\/v2\/pages\/33514626\/revisions\/33514633"}],"up":[{"embeddable":true,"href":"https:\/\/develon.hr\/hr\/wp-json\/wp\/v2\/pages\/33441037"}],"wp:featuredmedia":[{"embeddable":true,"href":"https:\/\/develon.hr\/hr\/wp-json\/wp\/v2\/media\/33514627"}],"wp:attachment":[{"href":"https:\/\/develon.hr\/hr\/wp-json\/wp\/v2\/media?parent=33514626"}],"curies":[{"name":"radni list","href":"https:\/\/api.w.org\/{rel}","templated":true}]}}