{"id":33514600,"date":"2026-03-25T11:14:35","date_gmt":"2026-03-25T11:14:35","guid":{"rendered":"https:\/\/develon.agma.bg\/?page_id=33514600"},"modified":"2026-03-25T11:46:11","modified_gmt":"2026-03-25T11:46:11","slug":"kontseptsia-x2","status":"publish","type":"page","link":"https:\/\/develon.hr\/hr\/inovatsii\/kontseptsia-x2\/","title":{"rendered":"\u041a\u041e\u041d\u0426\u0415\u041f\u0426\u0418\u042f X2"},"content":{"rendered":"<div data-elementor-type=\"wp-page\" data-elementor-id=\"33514600\" class=\"elementor elementor-33514600\" data-elementor-post-type=\"page\">\n\t\t\t\t<div class=\"elementor-element elementor-element-f8b593f e-flex e-con-boxed e-con e-parent\" data-id=\"f8b593f\" data-element_type=\"container\" data-e-type=\"container\">\n\t\t\t\t\t<div class=\"e-con-inner\">\n\t\t<div class=\"elementor-element elementor-element-5b222b6 e-con-full e-flex e-con e-child\" data-id=\"5b222b6\" data-element_type=\"container\" data-e-type=\"container\">\n\t\t<div class=\"elementor-element elementor-element-8f76954 e-con-full e-flex e-con e-child\" data-id=\"8f76954\" data-element_type=\"container\" data-e-type=\"container\">\n\t\t\t\t<div class=\"elementor-element elementor-element-9c0eca3 elementor-widget elementor-widget-heading\" data-id=\"9c0eca3\" data-element_type=\"widget\" data-e-type=\"widget\" data-widget_type=\"heading.default\">\n\t\t\t\t\t<h2 class=\"elementor-heading-title elementor-size-default\">Uspjeh kupaca je na prvom mjestu\n<\/h2>\t\t\t\t<\/div>\n\t\t\t\t<div class=\"elementor-element elementor-element-4e5a294 elementor-widget elementor-widget-image\" data-id=\"4e5a294\" data-element_type=\"widget\" data-e-type=\"widget\" data-widget_type=\"image.default\">\n\t\t\t\t\t\t\t\t\t\t\t\t\t\t\t<img fetchpriority=\"high\" decoding=\"async\" width=\"800\" height=\"262\" src=\"https:\/\/develon.hr\/wp-content\/uploads\/2026\/03\/develon-hdi-billboard.webp\" class=\"attachment-full size-full wp-image-33514603\" alt=\"\" srcset=\"https:\/\/develon.hr\/wp-content\/uploads\/2026\/03\/develon-hdi-billboard.webp 800w, https:\/\/develon.hr\/wp-content\/uploads\/2026\/03\/develon-hdi-billboard-300x98.webp 300w, https:\/\/develon.hr\/wp-content\/uploads\/2026\/03\/develon-hdi-billboard-768x252.webp 768w, https:\/\/develon.hr\/wp-content\/uploads\/2026\/03\/develon-hdi-billboard-600x197.webp 600w, https:\/\/develon.hr\/wp-content\/uploads\/2026\/03\/develon-hdi-billboard-280x92.webp 280w\" sizes=\"(max-width: 800px) 100vw, 800px\" \/>\t\t\t\t\t\t\t\t\t\t\t\t\t\t\t<\/div>\n\t\t\t\t<\/div>\n\t\t<div class=\"elementor-element elementor-element-46723ac e-con-full e-flex e-con e-child\" data-id=\"46723ac\" data-element_type=\"container\" data-e-type=\"container\">\n\t\t\t\t<div class=\"elementor-element elementor-element-9f58d1d elementor-widget elementor-widget-text-editor\" data-id=\"9f58d1d\" data-element_type=\"widget\" data-e-type=\"widget\" data-widget_type=\"text-editor.default\">\n\t\t\t\t\t\t\t\t\t<div class=\"header-title overlay-container white\" data-sub-height=\"\"><div class=\"overlay-content overlaybox\"><div class=\"container\"><div class=\"title-base\"><div class=\"col-md-12 hc_text_block_cnt\"><div id=\"c8Jgt\" class=\"\">DEVELON-ov Concept-X2 revolucionira gra\u0111evinsku industriju snagom tehnologije u kombinaciji s ljudskim inovacijama. Vo\u0111en pristupom usmjerenim na kupca, projekt se fokusira na pru\u017eanje konkretnih koristi na\u0161im kupcima. Concept-X2 redefinira odnos \u010dovjeka i stroja te omogu\u0107uje u\u010dinkovitiju komunikaciju u svim podru\u010djima. Poma\u017ee u vo\u0111enju cijelog procesa gradnje - od topografskih analiza pomo\u0107u dronova do izrade gra\u0111evinskih planova temeljenih na podacima. Zahvaljuju\u0107i tehnologiji umjetne inteligencije, bager Concept-X2 optimizira svoj rad kori\u0161tenjem podataka analiziranih i prenesenih putem X-centra. Njegov autonomni rad i napredni kontrolni centar osiguravaju sigurne i precizne operacije tijekom procjene, planiranja i kontrole svakog gradili\u0161ta.<\/div><\/div><\/div><\/div><\/div><\/div>\t\t\t\t\t\t\t\t<\/div>\n\t\t\t\t<\/div>\n\t\t\t\t<\/div>\n\t\t\t\t\t<\/div>\n\t\t\t\t<\/div>\n\t\t<div class=\"elementor-element elementor-element-859fce0 e-flex e-con-boxed e-con e-parent\" data-id=\"859fce0\" data-element_type=\"container\" data-e-type=\"container\">\n\t\t\t\t\t<div class=\"e-con-inner\">\n\t\t\t\t<div class=\"elementor-element elementor-element-2968733 elementor-widget elementor-widget-text-editor\" data-id=\"2968733\" data-element_type=\"widget\" data-e-type=\"widget\" data-widget_type=\"text-editor.default\">\n\t\t\t\t\t\t\t\t\t<div class=\"col-md-12 hc_text_block_cnt\"><div id=\"DZeh8\" class=\"no-paddings\"><div class=\"col-md-12 hc_text_block_cnt\"><div id=\"RuYFE\" class=\"\">Do\u017eivite budu\u0107nost pametne gradnje s Concept-X2 tvrtke DEVELON, gdje se tehnologija i ljudi udru\u017euju kako bi pru\u017eili iznimno korisni\u010dko iskustvo.<\/div><\/div><\/div><\/div>\t\t\t\t\t\t\t\t<\/div>\n\t\t\t\t\t<\/div>\n\t\t\t\t<\/div>\n\t\t<div class=\"elementor-element elementor-element-82c968c e-flex e-con-boxed e-con e-parent\" data-id=\"82c968c\" data-element_type=\"container\" data-e-type=\"container\">\n\t\t\t\t\t<div class=\"e-con-inner\">\n\t\t<div class=\"elementor-element elementor-element-0cebe7a e-con-full e-flex e-con e-child\" data-id=\"0cebe7a\" data-element_type=\"container\" data-e-type=\"container\">\n\t\t\t\t<div class=\"elementor-element elementor-element-5b7c473 elementor-widget elementor-widget-heading\" data-id=\"5b7c473\" data-element_type=\"widget\" data-e-type=\"widget\" data-widget_type=\"heading.default\">\n\t\t\t\t\t<h2 class=\"elementor-heading-title elementor-size-default\">Do\u017eivite budu\u0107nost pametne gradnje s Concept-X2 tvrtke DEVELON, gdje se tehnologija i ljudi udru\u017euju kako bi pru\u017eili iznimno korisni\u010dko iskustvo.<\/h2>\t\t\t\t<\/div>\n\t\t\t\t<div class=\"elementor-element elementor-element-e16f44e elementor-widget elementor-widget-image\" data-id=\"e16f44e\" data-element_type=\"widget\" data-e-type=\"widget\" data-widget_type=\"image.default\">\n\t\t\t\t\t\t\t\t\t\t\t\t\t\t\t<img decoding=\"async\" width=\"800\" height=\"236\" src=\"https:\/\/develon.hr\/wp-content\/uploads\/2026\/03\/concept-x2-family-e1698840974794-1024x302.webp\" class=\"attachment-large size-large wp-image-33514604\" alt=\"\" srcset=\"https:\/\/develon.hr\/wp-content\/uploads\/2026\/03\/concept-x2-family-e1698840974794-1024x302.webp 1024w, https:\/\/develon.hr\/wp-content\/uploads\/2026\/03\/concept-x2-family-e1698840974794-300x88.webp 300w, https:\/\/develon.hr\/wp-content\/uploads\/2026\/03\/concept-x2-family-e1698840974794-768x226.webp 768w, https:\/\/develon.hr\/wp-content\/uploads\/2026\/03\/concept-x2-family-e1698840974794-1536x452.webp 1536w, https:\/\/develon.hr\/wp-content\/uploads\/2026\/03\/concept-x2-family-e1698840974794-600x177.webp 600w, https:\/\/develon.hr\/wp-content\/uploads\/2026\/03\/concept-x2-family-e1698840974794-280x82.webp 280w, https:\/\/develon.hr\/wp-content\/uploads\/2026\/03\/concept-x2-family-e1698840974794.webp 1800w\" sizes=\"(max-width: 800px) 100vw, 800px\" \/>\t\t\t\t\t\t\t\t\t\t\t\t\t\t\t<\/div>\n\t\t\t\t<\/div>\n\t\t\t\t\t<\/div>\n\t\t\t\t<\/div>\n\t\t<div class=\"elementor-element elementor-element-f4fa5ad e-flex e-con-boxed e-con e-parent\" data-id=\"f4fa5ad\" data-element_type=\"container\" data-e-type=\"container\">\n\t\t\t\t\t<div class=\"e-con-inner\">\n\t\t<div class=\"elementor-element elementor-element-4b0e8f2 e-con-full e-flex e-con e-child\" data-id=\"4b0e8f2\" data-element_type=\"container\" data-e-type=\"container\">\n\t\t\t\t<div class=\"elementor-element elementor-element-0173d27 elementor-widget elementor-widget-image\" data-id=\"0173d27\" data-element_type=\"widget\" data-e-type=\"widget\" data-widget_type=\"image.default\">\n\t\t\t\t\t\t\t\t\t\t\t\t\t\t\t<img decoding=\"async\" width=\"535\" height=\"600\" src=\"https:\/\/develon.hr\/wp-content\/uploads\/2026\/03\/concept-x2-excavator-1-1.webp\" class=\"attachment-large size-large wp-image-33514605\" alt=\"\" srcset=\"https:\/\/develon.hr\/wp-content\/uploads\/2026\/03\/concept-x2-excavator-1-1.webp 535w, https:\/\/develon.hr\/wp-content\/uploads\/2026\/03\/concept-x2-excavator-1-1-268x300.webp 268w, https:\/\/develon.hr\/wp-content\/uploads\/2026\/03\/concept-x2-excavator-1-1-143x160.webp 143w\" sizes=\"(max-width: 535px) 100vw, 535px\" \/>\t\t\t\t\t\t\t\t\t\t\t\t\t\t\t<\/div>\n\t\t\t\t<\/div>\n\t\t<div class=\"elementor-element elementor-element-f071107 e-con-full e-flex e-con e-child\" data-id=\"f071107\" data-element_type=\"container\" data-e-type=\"container\">\n\t\t\t\t<div class=\"elementor-element elementor-element-5b0eab3 elementor-widget elementor-widget-text-editor\" data-id=\"5b0eab3\" data-element_type=\"widget\" data-e-type=\"widget\" data-widget_type=\"text-editor.default\">\n\t\t\t\t\t\t\t\t\t<div class=\"col-md-12 hc_title_tag_cnt\"><h2 id=\"hoX9i\" class=\"\">Concept-X2<\/h2><\/div><div class=\"col-md-12 hc_text_block_cnt\"><div id=\"xcD1C\" class=\"\">DEVELON predstavlja najnoviji razvoj tehnolo\u0161kog rje\u0161enja u a\u017euriranju pod nazivom Concept-X2. Najnovije rje\u0161enje uklju\u010duje:<\/div><\/div><div class=\"col-md-12 hc_title_tag_cnt\"><h4 id=\"BJdNi\" class=\"\">Model<\/h4><\/div><div class=\"col-md-12 hc_text_block_cnt\"><div id=\"iaawo\" class=\"\">Autonomnom dometu dodan je novi buldo\u017eer.<\/div><\/div><div class=\"col-md-12 hc_title_tag_cnt\"><h4 id=\"mImo5\" class=\"\">Automatski<\/h4><\/div><div class=\"col-md-12 hc_text_block_cnt\"><div id=\"AGRx5\" class=\"\">Automatizirano upravljanje strojem i 3D sortiranje s Tilt-Rotatorima. Napredno automatsko kopanje i utovar temeljeno na strojnom u\u010denju. Implementiran integrirani algoritam za planiranje poslova.<\/div><\/div><div class=\"col-md-12 hc_title_tag_cnt\"><h4 id=\"wkpCH\" class=\"\">Sigurnost<\/h4><\/div><div class=\"col-md-12 hc_text_block_cnt\"><div id=\"cbJDV\" class=\"\">Napredna sigurnosna tehnologija za zaustavljanje u nu\u017edi.<\/div><\/div><div class=\"col-md-12 hc_title_tag_cnt\"><h4 id=\"yKp6z\" class=\"\">Dizajn<\/h4><\/div><div class=\"col-md-12 hc_text_block_cnt\"><div id=\"O15wI\" class=\"\">Novi dizajn bez kabine, stil dizajna &#039;Linear core&#039;.<\/div><\/div>\t\t\t\t\t\t\t\t<\/div>\n\t\t\t\t<\/div>\n\t\t\t\t\t<\/div>\n\t\t\t\t<\/div>\n\t\t<div class=\"elementor-element elementor-element-81e573a e-flex e-con-boxed e-con e-parent\" data-id=\"81e573a\" data-element_type=\"container\" data-e-type=\"container\">\n\t\t\t\t\t<div class=\"e-con-inner\">\n\t\t\t\t<div class=\"elementor-element elementor-element-0897e70 elementor-widget elementor-widget-video\" data-id=\"0897e70\" data-element_type=\"widget\" data-e-type=\"widget\" data-settings=\"{&quot;youtube_url&quot;:&quot;https:\\\/\\\/youtu.be\\\/w3eWcmRysPI&quot;,&quot;video_type&quot;:&quot;youtube&quot;}\" data-widget_type=\"video.default\">\n\t\t\t\t\t\t\t<div class=\"elementor-wrapper elementor-open-inline\">\n\t\t\t<div class=\"elementor-video\"><\/div>\t\t<\/div>\n\t\t\t\t\t\t<\/div>\n\t\t\t\t\t<\/div>\n\t\t\t\t<\/div>\n\t\t\t\t<\/div>","protected":false},"excerpt":{"rendered":"<p>\u0423\u0441\u043f\u0435\u0445\u044a\u0442 \u043d\u0430 \u043a\u043b\u0438\u0435\u043d\u0442\u0430 \u0435 \u043d\u0430 \u043f\u0440\u0435\u0434\u0435\u043d \u043f\u043b\u0430\u043d Concept-X2 \u043d\u0430 DEVELON \u0440\u0435\u0432\u043e\u043b\u044e\u0446\u0438\u043e\u043d\u0438\u0437\u0438\u0440\u0430 \u0441\u0442\u0440\u043e\u0438\u0442\u0435\u043b\u043d\u0430\u0442\u0430 \u0438\u043d\u0434\u0443\u0441\u0442\u0440\u0438\u044f \u0447\u0440\u0435\u0437 \u0441\u0438\u043b\u0430\u0442\u0430 \u043d\u0430 \u0442\u0435\u0445\u043d\u043e\u043b\u043e\u0433\u0438\u044f\u0442\u0430, \u0441\u044a\u0447\u0435\u0442\u0430\u043d\u0430 \u0441 \u0447\u043e\u0432\u0435\u0448\u043a\u0430\u0442\u0430 \u0438\u043d\u043e\u0432\u0430\u0446\u0438\u044f. \u0412\u043e\u0434\u0435\u043d \u043e\u0442 \u043f\u043e\u0434\u0445\u043e\u0434, \u043e\u0440\u0438\u0435\u043d\u0442\u0438\u0440\u0430\u043d \u043a\u044a\u043c \u043a\u043b\u0438\u0435\u043d\u0442\u0430, \u043f\u0440\u043e\u0435\u043a\u0442\u044a\u0442 \u0441\u0435 \u0444\u043e\u043a\u0443\u0441\u0438\u0440\u0430 \u0432\u044a\u0440\u0445\u0443 \u043e\u0441\u0438\u0433\u0443\u0440\u044f\u0432\u0430\u043d\u0435\u0442\u043e \u043d\u0430 \u043a\u043e\u043d\u043a\u0440\u0435\u0442\u043d\u0438 \u043f\u043e\u043b\u0437\u0438 \u0437\u0430 \u043d\u0430\u0448\u0438\u0442\u0435 \u043a\u043b\u0438\u0435\u043d\u0442\u0438.nnConcept-X2 \u0434\u0430\u0432\u0430 \u043d\u043e\u0432\u043e \u043e\u043f\u0440\u0435\u0434\u0435\u043b\u0435\u043d\u0438\u0435 \u043d\u0430 \u0432\u0440\u044a\u0437\u043a\u0430\u0442\u0430 \u043c\u0435\u0436\u0434\u0443 \u0447\u043e\u0432\u0435\u043a\u0430 \u0438 \u043c\u0430\u0448\u0438\u043d\u0430\u0442\u0430 \u0438 \u0443\u043b\u0435\u0441\u043d\u044f\u0432\u0430 \u043f\u043e-\u0435\u0444\u0435\u043a\u0442\u0438\u0432\u043d\u0430\u0442\u0430 \u043a\u043e\u043c\u0443\u043d\u0438\u043a\u0430\u0446\u0438\u044f \u0432\u044a\u0432 \u0432\u0441\u0438\u0447\u043a\u0438 \u043e\u0431\u043b\u0430\u0441\u0442\u0438. \u0422\u043e\u0439 [&hellip;]<\/p>\n","protected":false},"author":1,"featured_media":33514601,"parent":33441037,"menu_order":0,"comment_status":"closed","ping_status":"closed","template":"","meta":{"_acf_changed":false,"pgc_sgb_lightbox_settings":"","footnotes":""},"class_list":["post-33514600","page","type-page","status-publish","has-post-thumbnail","hentry"],"acf":[],"featured_image_src":"https:\/\/develon.hr\/wp-content\/uploads\/2026\/03\/concept-x2-large-1-1.webp","_links":{"self":[{"href":"https:\/\/develon.hr\/hr\/wp-json\/wp\/v2\/pages\/33514600","targetHints":{"allow":["GET"]}}],"collection":[{"href":"https:\/\/develon.hr\/hr\/wp-json\/wp\/v2\/pages"}],"about":[{"href":"https:\/\/develon.hr\/hr\/wp-json\/wp\/v2\/types\/page"}],"author":[{"embeddable":true,"href":"https:\/\/develon.hr\/hr\/wp-json\/wp\/v2\/users\/1"}],"replies":[{"embeddable":true,"href":"https:\/\/develon.hr\/hr\/wp-json\/wp\/v2\/comments?post=33514600"}],"version-history":[{"count":7,"href":"https:\/\/develon.hr\/hr\/wp-json\/wp\/v2\/pages\/33514600\/revisions"}],"predecessor-version":[{"id":33514611,"href":"https:\/\/develon.hr\/hr\/wp-json\/wp\/v2\/pages\/33514600\/revisions\/33514611"}],"up":[{"embeddable":true,"href":"https:\/\/develon.hr\/hr\/wp-json\/wp\/v2\/pages\/33441037"}],"wp:featuredmedia":[{"embeddable":true,"href":"https:\/\/develon.hr\/hr\/wp-json\/wp\/v2\/media\/33514601"}],"wp:attachment":[{"href":"https:\/\/develon.hr\/hr\/wp-json\/wp\/v2\/media?parent=33514600"}],"curies":[{"name":"radni list","href":"https:\/\/api.w.org\/{rel}","templated":true}]}}