{"id":33514575,"date":"2026-03-23T11:09:30","date_gmt":"2026-03-23T11:09:30","guid":{"rendered":"https:\/\/develon.agma.bg\/?page_id=33514575"},"modified":"2026-05-08T08:22:18","modified_gmt":"2026-05-08T08:22:18","slug":"develon-digitalna-platforma","status":"publish","type":"page","link":"https:\/\/develon.hr\/hr\/inovatsii\/develon-digitalna-platforma\/","title":{"rendered":"Develon \u0434\u0438\u0433\u0438\u0442\u0430\u043b\u043d\u0430 \u043f\u043b\u0430\u0442\u0444\u043e\u0440\u043c\u0430"},"content":{"rendered":"<div data-elementor-type=\"wp-page\" data-elementor-id=\"33514575\" class=\"elementor elementor-33514575\" data-elementor-post-type=\"page\">\n\t\t\t\t<div class=\"elementor-element elementor-element-f8b593f e-flex e-con-boxed e-con e-parent\" data-id=\"f8b593f\" data-element_type=\"container\" data-e-type=\"container\">\n\t\t\t\t\t<div class=\"e-con-inner\">\n\t\t\t\t<div class=\"elementor-element elementor-element-9f58d1d elementor-widget elementor-widget-text-editor\" data-id=\"9f58d1d\" data-element_type=\"widget\" data-e-type=\"widget\" data-widget_type=\"text-editor.default\">\n\t\t\t\t\t\t\t\t\t<div class=\"header-title overlay-container white\" data-sub-height=\"\"><div class=\"overlay-content overlaybox\"><div class=\"container\"><div class=\"title-base\"><div class=\"col-md-12 hc_text_block_cnt\"><div id=\"xJS3p\" class=\"\">DEVELON Digitalna platforma je mobilna aplikacija koja nudi cjelovito upravljanje DEVELON gra\u0111evinskom opremom. Sve vezano uz upravljanje va\u0161im strojem mo\u017ee se obaviti na jednom mjestu. DEVELON Digitalna platforma poma\u017ee vam da u\u0161tedite vrijeme upravljaju\u0107i opremom, a istovremeno pove\u0107ate produktivnost gradili\u0161ta.<\/div><\/div><\/div><\/div><\/div><\/div>\t\t\t\t\t\t\t\t<\/div>\n\t\t\t\t<div class=\"elementor-element elementor-element-6012199 elementor-widget elementor-widget-button\" data-id=\"6012199\" data-element_type=\"widget\" data-e-type=\"widget\" data-widget_type=\"button.default\">\n\t\t\t\t\t\t\t\t\t\t<a class=\"elementor-button elementor-button-link elementor-size-sm\" href=\"https:\/\/eu.develon-ce.com\/media\/download\/26738\">\n\t\t\t\t\t\t<span class=\"elementor-button-content-wrapper\">\n\t\t\t\t\t\t\t\t\t<span class=\"elementor-button-text\">Preuzmite bro\u0161uru<\/span>\n\t\t\t\t\t<\/span>\n\t\t\t\t\t<\/a>\n\t\t\t\t\t\t\t\t<\/div>\n\t\t\t\t<div class=\"elementor-element elementor-element-a1a12e1 elementor-widget elementor-widget-video\" data-id=\"a1a12e1\" data-element_type=\"widget\" data-e-type=\"widget\" data-settings=\"{&quot;youtube_url&quot;:&quot;https:\\\/\\\/youtu.be\\\/ns7mNWYdIOU&quot;,&quot;video_type&quot;:&quot;youtube&quot;}\" data-widget_type=\"video.default\">\n\t\t\t\t\t\t\t<div class=\"elementor-wrapper elementor-open-inline\">\n\t\t\t<div class=\"elementor-video\"><\/div>\t\t<\/div>\n\t\t\t\t\t\t<\/div>\n\t\t\t\t\t<\/div>\n\t\t\t\t<\/div>\n\t\t<div class=\"elementor-element elementor-element-859fce0 e-flex e-con-boxed e-con e-parent\" data-id=\"859fce0\" data-element_type=\"container\" data-e-type=\"container\">\n\t\t\t\t\t<div class=\"e-con-inner\">\n\t\t\t\t<div class=\"elementor-element elementor-element-78d3f67 elementor-widget elementor-widget-heading\" data-id=\"78d3f67\" data-element_type=\"widget\" data-e-type=\"widget\" data-widget_type=\"heading.default\">\n\t\t\t\t\t<h2 class=\"elementor-heading-title elementor-size-default\">SVE \u0160TO VAM TREBA ZA VA\u0160 STROJ<\/h2>\t\t\t\t<\/div>\n\t\t<div class=\"elementor-element elementor-element-714859a e-con-full e-flex e-con e-child\" data-id=\"714859a\" data-element_type=\"container\" data-e-type=\"container\">\n\t\t\t\t<div class=\"elementor-element elementor-element-2968733 elementor-widget elementor-widget-text-editor\" data-id=\"2968733\" data-element_type=\"widget\" data-e-type=\"widget\" data-widget_type=\"text-editor.default\">\n\t\t\t\t\t\t\t\t\t<div class=\"col-md-12 hc_text_block_cnt\"><div id=\"DZeh8\" class=\"no-paddings\"><div class=\"col-md-12 hc_title_tag_cnt\"><h4 id=\"uOzj8\" class=\"no-paddings\">Provjera podataka o opremi va\u0161eg telefona<\/h4><\/div><div class=\"col-md-12 hc_text_block_cnt\"><div id=\"Fl1eX\" class=\"\">DEVELON-ova digitalna platforma omogu\u0107uje vam jednostavnu i prakti\u010dnu provjeru podataka o opremi i tro\u0161kova odr\u017eavanja. Osim toga, jednostavna nadzorna plo\u010da pru\u017ea brz pregled informacija koje su vam potrebne. DEVELON-ova digitalna platforma \u0161tedi vam pretra\u017eivanje zapisnika, upu\u0107ivanje poziva ili osobni posjet gradili\u0161tu. Tako\u0111er mo\u017eete postaviti u\u010dinkovitiji raspored rada ovisno o napretku gradili\u0161ta.<br \/><br \/>S DEVELON digitalnom platformom, upravljanje opremom vi\u0161e nije te\u017eak zadatak.<\/div><\/div><\/div><\/div>\t\t\t\t\t\t\t\t<\/div>\n\t\t\t\t<\/div>\n\t\t<div class=\"elementor-element elementor-element-1cfdbea e-con-full e-flex e-con e-child\" data-id=\"1cfdbea\" data-element_type=\"container\" data-e-type=\"container\">\n\t\t\t\t<div class=\"elementor-element elementor-element-5e1f705 elementor-widget elementor-widget-image\" data-id=\"5e1f705\" data-element_type=\"widget\" data-e-type=\"widget\" data-widget_type=\"image.default\">\n\t\t\t\t\t\t\t\t\t\t\t\t\t\t\t<img fetchpriority=\"high\" decoding=\"async\" width=\"800\" height=\"334\" src=\"https:\/\/develon.hr\/wp-content\/uploads\/2026\/03\/1.section_develon_web-1.webp\" class=\"attachment-large size-large wp-image-33514580\" alt=\"\" srcset=\"https:\/\/develon.hr\/wp-content\/uploads\/2026\/03\/1.section_develon_web-1.webp 941w, https:\/\/develon.hr\/wp-content\/uploads\/2026\/03\/1.section_develon_web-1-300x125.webp 300w, https:\/\/develon.hr\/wp-content\/uploads\/2026\/03\/1.section_develon_web-1-768x321.webp 768w, https:\/\/develon.hr\/wp-content\/uploads\/2026\/03\/1.section_develon_web-1-600x251.webp 600w, https:\/\/develon.hr\/wp-content\/uploads\/2026\/03\/1.section_develon_web-1-280x117.webp 280w\" sizes=\"(max-width: 800px) 100vw, 800px\" \/>\t\t\t\t\t\t\t\t\t\t\t\t\t\t\t<\/div>\n\t\t\t\t<\/div>\n\t\t\t\t\t<\/div>\n\t\t\t\t<\/div>\n\t\t<div class=\"elementor-element elementor-element-e8a1803 e-flex e-con-boxed e-con e-parent\" data-id=\"e8a1803\" data-element_type=\"container\" data-e-type=\"container\">\n\t\t\t\t\t<div class=\"e-con-inner\">\n\t\t<div class=\"elementor-element elementor-element-6121e24 e-con-full e-flex e-con e-child\" data-id=\"6121e24\" data-element_type=\"container\" data-e-type=\"container\">\n\t\t\t\t<div class=\"elementor-element elementor-element-467ba6c elementor-widget elementor-widget-text-editor\" data-id=\"467ba6c\" data-element_type=\"widget\" data-e-type=\"widget\" data-widget_type=\"text-editor.default\">\n\t\t\t\t\t\t\t\t\t<div class=\"col-md-12 hc_text_block_cnt\"><div id=\"DZeh8\" class=\"no-paddings\"><div id=\"column_2KCG7\" class=\"hc_column_cnt col-md-12\"><div class=\"row\"><div class=\"col-md-12 hc_text_block_cnt\"><div id=\"LdylN\" class=\"\"><div class=\"col-md-12 hc_title_tag_cnt\"><h4 id=\"F8N77\" class=\"\">Personalizirane usluge za vas<\/h4><\/div><div class=\"col-md-12 hc_text_block_cnt\"><div id=\"d8ap3\" class=\"\">DEVELON-ova digitalna platforma nudi personaliziranu kontrolu nad va\u0161im strojem.<br \/><br \/>Pomo\u0107u ove aplikacije primit \u0107ete kontrolni popis s detaljnim informacijama o radnim satima i obavijest o zamjeni potro\u0161nog materijala koji je potrebno zamijeniti. DEVELON digitalna platforma govori vam \u0161to vam je potrebno i \u0161to trebate u\u010diniti. Osim toga, ako je va\u0161a oprema u abnormalnom stanju, primit \u0107ete obavijest o kvaru. Mo\u017eete izravno zatra\u017eiti servis i provjeriti napredak izravno u aplikaciji.<br \/><br \/>Uz pomo\u0107 DEVELON digitalne platforme mo\u017eete smanjiti vrijeme zastoja va\u0161e opreme.<\/div><\/div><\/div><\/div><\/div><\/div><\/div><\/div>\t\t\t\t\t\t\t\t<\/div>\n\t\t\t\t<\/div>\n\t\t\t\t\t<\/div>\n\t\t\t\t<\/div>\n\t\t<div class=\"elementor-element elementor-element-91fc361 e-flex e-con-boxed e-con e-parent\" data-id=\"91fc361\" data-element_type=\"container\" data-e-type=\"container\">\n\t\t\t\t\t<div class=\"e-con-inner\">\n\t\t\t\t<div class=\"elementor-element elementor-element-45ffcc9 elementor-widget elementor-widget-image\" data-id=\"45ffcc9\" data-element_type=\"widget\" data-e-type=\"widget\" data-widget_type=\"image.default\">\n\t\t\t\t\t\t\t\t\t\t\t\t\t\t\t<img decoding=\"async\" width=\"800\" height=\"467\" src=\"https:\/\/develon.hr\/wp-content\/uploads\/2026\/03\/illustrace2-1.webp\" class=\"attachment-large size-large wp-image-33514581\" alt=\"\" srcset=\"https:\/\/develon.hr\/wp-content\/uploads\/2026\/03\/illustrace2-1.webp 939w, https:\/\/develon.hr\/wp-content\/uploads\/2026\/03\/illustrace2-1-300x175.webp 300w, https:\/\/develon.hr\/wp-content\/uploads\/2026\/03\/illustrace2-1-768x448.webp 768w, https:\/\/develon.hr\/wp-content\/uploads\/2026\/03\/illustrace2-1-600x350.webp 600w, https:\/\/develon.hr\/wp-content\/uploads\/2026\/03\/illustrace2-1-274x160.webp 274w\" sizes=\"(max-width: 800px) 100vw, 800px\" \/>\t\t\t\t\t\t\t\t\t\t\t\t\t\t\t<\/div>\n\t\t\t\t<div class=\"elementor-element elementor-element-64fb83c elementor-widget elementor-widget-image\" data-id=\"64fb83c\" data-element_type=\"widget\" data-e-type=\"widget\" data-widget_type=\"image.default\">\n\t\t\t\t\t\t\t\t\t\t\t\t\t\t\t<img decoding=\"async\" width=\"800\" height=\"406\" src=\"https:\/\/develon.hr\/wp-content\/uploads\/2026\/03\/digital-platform-3-1.webp\" class=\"attachment-large size-large wp-image-33514582\" alt=\"\" srcset=\"https:\/\/develon.hr\/wp-content\/uploads\/2026\/03\/digital-platform-3-1.webp 940w, https:\/\/develon.hr\/wp-content\/uploads\/2026\/03\/digital-platform-3-1-300x152.webp 300w, https:\/\/develon.hr\/wp-content\/uploads\/2026\/03\/digital-platform-3-1-768x390.webp 768w, https:\/\/develon.hr\/wp-content\/uploads\/2026\/03\/digital-platform-3-1-600x304.webp 600w, https:\/\/develon.hr\/wp-content\/uploads\/2026\/03\/digital-platform-3-1-280x142.webp 280w\" sizes=\"(max-width: 800px) 100vw, 800px\" \/>\t\t\t\t\t\t\t\t\t\t\t\t\t\t\t<\/div>\n\t\t\t\t<div class=\"elementor-element elementor-element-a90a695 elementor-widget-divider--view-line elementor-widget elementor-widget-divider\" data-id=\"a90a695\" data-element_type=\"widget\" data-e-type=\"widget\" data-widget_type=\"divider.default\">\n\t\t\t\t\t\t\t<div class=\"elementor-divider\">\n\t\t\t<span class=\"elementor-divider-separator\">\n\t\t\t\t\t\t<\/span>\n\t\t<\/div>\n\t\t\t\t\t\t<\/div>\n\t\t\t\t<div class=\"elementor-element elementor-element-378c982 elementor-widget elementor-widget-heading\" data-id=\"378c982\" data-element_type=\"widget\" data-e-type=\"widget\" data-widget_type=\"heading.default\">\n\t\t\t\t\t<h2 class=\"elementor-heading-title elementor-size-default\">Video tutorial\n<\/h2>\t\t\t\t<\/div>\n\t\t\t\t<div class=\"elementor-element elementor-element-9c1aa2f elementor-widget elementor-widget-video\" data-id=\"9c1aa2f\" data-element_type=\"widget\" data-e-type=\"widget\" data-settings=\"{&quot;youtube_url&quot;:&quot;https:\\\/\\\/youtu.be\\\/7yezYZjs8MA&quot;,&quot;video_type&quot;:&quot;youtube&quot;,&quot;controls&quot;:&quot;yes&quot;}\" data-widget_type=\"video.default\">\n\t\t\t\t\t\t\t<div class=\"elementor-wrapper elementor-open-inline\">\n\t\t\t<div class=\"elementor-video\"><\/div>\t\t<\/div>\n\t\t\t\t\t\t<\/div>\n\t\t\t\t\t<\/div>\n\t\t\t\t<\/div>\n\t\t<div class=\"elementor-element elementor-element-d5f3505 e-grid e-con-boxed e-con e-parent\" data-id=\"d5f3505\" data-element_type=\"container\" data-e-type=\"container\">\n\t\t\t\t\t<div class=\"e-con-inner\">\n\t\t\t\t<div class=\"elementor-element elementor-element-2592db8 elementor-position-top elementor-widget elementor-widget-image-box\" data-id=\"2592db8\" data-element_type=\"widget\" data-e-type=\"widget\" data-widget_type=\"image-box.default\">\n\t\t\t\t\t<div class=\"elementor-image-box-wrapper\"><figure class=\"elementor-image-box-img\"><img loading=\"lazy\" decoding=\"async\" width=\"50\" height=\"72\" src=\"https:\/\/develon.hr\/wp-content\/uploads\/2026\/03\/20211123-Doosan-icon-info-e1698846476645.png\" class=\"attachment-full size-full wp-image-33514593\" alt=\"\" \/><\/figure><div class=\"elementor-image-box-content\"><h4 class=\"elementor-image-box-title\">INFORMACIJE O OPREMI<\/h4><p class=\"elementor-image-box-description\">Razmi\u0161ljate li o kupnji opreme? Pregledajte bro\u0161ure koje vas zanimaju, usporedite specifikacije opreme i zatra\u017eite ponudu od lokalnog prodava\u010da.\n<\/p><\/div><\/div>\t\t\t\t<\/div>\n\t\t\t\t<div class=\"elementor-element elementor-element-a94ab53 elementor-position-top elementor-widget elementor-widget-image-box\" data-id=\"a94ab53\" data-element_type=\"widget\" data-e-type=\"widget\" data-widget_type=\"image-box.default\">\n\t\t\t\t\t<div class=\"elementor-image-box-wrapper\"><figure class=\"elementor-image-box-img\"><img loading=\"lazy\" decoding=\"async\" width=\"50\" height=\"52\" src=\"https:\/\/develon.hr\/wp-content\/uploads\/2026\/03\/20211123-Doosan-icon-equipment-e1698846366413.png\" class=\"attachment-full size-full wp-image-33514592\" alt=\"\" \/><\/figure><div class=\"elementor-image-box-content\"><h4 class=\"elementor-image-box-title\">MOJ STROJ<\/h4><p class=\"elementor-image-box-description\">Sve podatke o opremi i tro\u0161kove odr\u017eavanja mo\u017eete jednostavno i prakti\u010dno provjeriti putem jednostavne nadzorne plo\u010de.\n<\/p><\/div><\/div>\t\t\t\t<\/div>\n\t\t\t\t<div class=\"elementor-element elementor-element-1563138 elementor-position-top elementor-widget elementor-widget-image-box\" data-id=\"1563138\" data-element_type=\"widget\" data-e-type=\"widget\" data-widget_type=\"image-box.default\">\n\t\t\t\t\t<div class=\"elementor-image-box-wrapper\"><figure class=\"elementor-image-box-img\"><img loading=\"lazy\" decoding=\"async\" width=\"50\" height=\"68\" src=\"https:\/\/develon.hr\/wp-content\/uploads\/2026\/03\/20211123-Doosan-icon-service-e1698846351942.png\" class=\"attachment-full size-full wp-image-33514591\" alt=\"\" \/><\/figure><div class=\"elementor-image-box-content\"><h4 class=\"elementor-image-box-title\">PERSONALIZIRANA USLUGA<\/h4><p class=\"elementor-image-box-description\">Primajte obavijesti pritiskom na gumb kada oprema zahtijeva pa\u017enju i u\u010dinkovito upravljajte svojim strojem pomo\u0107u kontrolne liste na temelju vijeka trajanja stroja. Mo\u017eete izravno zatra\u017eiti servis i provjeriti napredak.<\/p><\/div><\/div>\t\t\t\t<\/div>\n\t\t\t\t<div class=\"elementor-element elementor-element-b4dcf30 elementor-position-top elementor-widget elementor-widget-image-box\" data-id=\"b4dcf30\" data-element_type=\"widget\" data-e-type=\"widget\" data-widget_type=\"image-box.default\">\n\t\t\t\t\t<div class=\"elementor-image-box-wrapper\"><figure class=\"elementor-image-box-img\"><img loading=\"lazy\" decoding=\"async\" width=\"50\" height=\"55\" src=\"https:\/\/develon.hr\/wp-content\/uploads\/2026\/03\/20211123-Doosan-icon-parts-eshop-e1698846385926.png\" class=\"attachment-full size-full wp-image-33514590\" alt=\"\" \/><\/figure><div class=\"elementor-image-box-content\"><h4 class=\"elementor-image-box-title\">ONLINE TRGOVINA DIJELOVIMA<\/h4><p class=\"elementor-image-box-description\">Poma\u017ee vam da brzo kupite originalne dijelove provjerene kvalitete. Dijelove koji su vam potrebni mo\u017eete naru\u010diti brzo i jednostavno pretra\u017eivanjem pravih dijelova za va\u0161u opremu.<\/p><\/div><\/div>\t\t\t\t<\/div>\n\t\t\t\t<div class=\"elementor-element elementor-element-47f9781 elementor-position-top elementor-widget elementor-widget-image-box\" data-id=\"47f9781\" data-element_type=\"widget\" data-e-type=\"widget\" data-widget_type=\"image-box.default\">\n\t\t\t\t\t<div class=\"elementor-image-box-wrapper\"><figure class=\"elementor-image-box-img\"><img loading=\"lazy\" decoding=\"async\" width=\"50\" height=\"50\" src=\"https:\/\/develon.hr\/wp-content\/uploads\/2026\/03\/20211123-Doosan-icon-social-e1698846506798.png\" class=\"attachment-full size-full wp-image-33514589\" alt=\"\" \/><\/figure><div class=\"elementor-image-box-content\"><h4 class=\"elementor-image-box-title\">ZID DRU\u0160TVENIH MRE\u017dA<\/h4><p class=\"elementor-image-box-description\">U\u017eivajte u trenutku s Develon gra\u0111evinskom opremom!<\/p><\/div><\/div>\t\t\t\t<\/div>\n\t\t\t\t\t<\/div>\n\t\t\t\t<\/div>\n\t\t\t\t<\/div>","protected":false},"excerpt":{"rendered":"<p>DEVELON Digital Platform \u0435 \u043c\u043e\u0431\u0438\u043b\u043d\u043e \u043f\u0440\u0438\u043b\u043e\u0436\u0435\u043d\u0438\u0435, \u043a\u043e\u0435\u0442\u043e \u043f\u0440\u0435\u0434\u043b\u0430\u0433\u0430 \u0446\u044f\u043b\u043e\u0441\u0442\u043d\u043e \u0443\u043f\u0440\u0430\u0432\u043b\u0435\u043d\u0438\u0435 \u043d\u0430 \u0441\u0442\u0440\u043e\u0438\u0442\u0435\u043b\u043d\u0430\u0442\u0430 \u0442\u0435\u0445\u043d\u0438\u043a\u0430 DEVELON. \u0412\u0441\u0438\u0447\u043a\u043e, \u0441\u0432\u044a\u0440\u0437\u0430\u043d\u043e \u0441 \u0443\u043f\u0440\u0430\u0432\u043b\u0435\u043d\u0438\u0435\u0442\u043e \u043d\u0430 \u0432\u0430\u0448\u0430\u0442\u0430 \u043c\u0430\u0448\u0438\u043d\u0430, \u043c\u043e\u0436\u0435 \u0434\u0430 \u0431\u044a\u0434\u0435 \u043d\u0430\u043f\u0440\u0430\u0432\u0435\u043d\u043e \u043d\u0430 \u0435\u0434\u043d\u043e \u043c\u044f\u0441\u0442\u043e.nnDEVELON Digital Platform \u0432\u0438 \u043f\u043e\u043c\u0430\u0433\u0430 \u0434\u0430 \u043f\u0440\u0435\u043a\u0430\u0440\u0432\u0430\u0442\u0435 \u043f\u043e-\u043c\u0430\u043b\u043a\u043e \u0432\u0440\u0435\u043c\u0435 \u0432 \u0443\u043f\u0440\u0430\u0432\u043b\u0435\u043d\u0438\u0435 \u043d\u0430 \u043e\u0431\u043e\u0440\u0443\u0434\u0432\u0430\u043d\u0435\u0442\u043e, \u043a\u0430\u0442\u043e \u0441\u044a\u0449\u0435\u0432\u0440\u0435\u043c\u0435\u043d\u043d\u043e \u0443\u0432\u0435\u043b\u0438\u0447\u0430\u0432\u0430\u0442\u0435 \u043f\u0440\u043e\u0438\u0437\u0432\u043e\u0434\u0438\u0442\u0435\u043b\u043d\u043e\u0441\u0442\u0442\u0430 \u043d\u0430 \u0441\u0442\u0440\u043e\u0438\u0442\u0435\u043b\u043d\u0438\u0442\u0435 \u043e\u0431\u0435\u043a\u0442\u0438. \u0418\u0437\u0442\u0435\u0433\u043b\u0435\u0442\u0435 \u0431\u0440\u043e\u0448\u0443\u0440\u0430 https:\/\/youtu.be\/ns7mNWYdIOU \u0412\u0421\u0418\u0427\u041a\u041e, \u041a\u041e\u0415\u0422\u041e \u0415 \u041d\u0415\u041e\u0411\u0425\u041e\u0414\u0418\u041c\u041e \u0417\u0410 [&hellip;]<\/p>\n","protected":false},"author":1,"featured_media":33514576,"parent":33441037,"menu_order":0,"comment_status":"closed","ping_status":"closed","template":"","meta":{"_acf_changed":false,"pgc_sgb_lightbox_settings":"","footnotes":""},"class_list":["post-33514575","page","type-page","status-publish","has-post-thumbnail","hentry"],"acf":[],"featured_image_src":"https:\/\/develon.hr\/wp-content\/uploads\/2026\/03\/digital-platform-01-1-1.jpg","_links":{"self":[{"href":"https:\/\/develon.hr\/hr\/wp-json\/wp\/v2\/pages\/33514575","targetHints":{"allow":["GET"]}}],"collection":[{"href":"https:\/\/develon.hr\/hr\/wp-json\/wp\/v2\/pages"}],"about":[{"href":"https:\/\/develon.hr\/hr\/wp-json\/wp\/v2\/types\/page"}],"author":[{"embeddable":true,"href":"https:\/\/develon.hr\/hr\/wp-json\/wp\/v2\/users\/1"}],"replies":[{"embeddable":true,"href":"https:\/\/develon.hr\/hr\/wp-json\/wp\/v2\/comments?post=33514575"}],"version-history":[{"count":25,"href":"https:\/\/develon.hr\/hr\/wp-json\/wp\/v2\/pages\/33514575\/revisions"}],"predecessor-version":[{"id":33515719,"href":"https:\/\/develon.hr\/hr\/wp-json\/wp\/v2\/pages\/33514575\/revisions\/33515719"}],"up":[{"embeddable":true,"href":"https:\/\/develon.hr\/hr\/wp-json\/wp\/v2\/pages\/33441037"}],"wp:featuredmedia":[{"embeddable":true,"href":"https:\/\/develon.hr\/hr\/wp-json\/wp\/v2\/media\/33514576"}],"wp:attachment":[{"href":"https:\/\/develon.hr\/hr\/wp-json\/wp\/v2\/media?parent=33514575"}],"curies":[{"name":"radni list","href":"https:\/\/api.w.org\/{rel}","templated":true}]}}