{"id":33441047,"date":"2026-03-19T11:24:55","date_gmt":"2026-03-19T11:24:55","guid":{"rendered":"https:\/\/develon.agma.bg\/?page_id=33441047"},"modified":"2026-03-19T11:30:13","modified_gmt":"2026-03-19T11:30:13","slug":"kontseptsia-x","status":"publish","type":"page","link":"https:\/\/develon.hr\/hr\/inovatsii\/kontseptsia-x\/","title":{"rendered":"\u041a\u041e\u041d\u0426\u0415\u041f\u0426\u0418\u042f-X"},"content":{"rendered":"<div data-elementor-type=\"wp-page\" data-elementor-id=\"33441047\" class=\"elementor elementor-33441047\" data-elementor-post-type=\"page\">\n\t\t\t\t<div class=\"elementor-element elementor-element-f8b593f e-flex e-con-boxed e-con e-parent\" data-id=\"f8b593f\" data-element_type=\"container\" data-e-type=\"container\">\n\t\t\t\t\t<div class=\"e-con-inner\">\n\t\t\t\t<div class=\"elementor-element elementor-element-9f58d1d elementor-widget elementor-widget-text-editor\" data-id=\"9f58d1d\" data-element_type=\"widget\" data-e-type=\"widget\" data-widget_type=\"text-editor.default\">\n\t\t\t\t\t\t\t\t\t<div class=\"header-title overlay-container  white\" data-sub-height=\"\"><div class=\"overlay-content overlaybox\"><div class=\"container\"><div class=\"title-base\"><p>Develon ne prihva\u0107a samo digitalne tehnologije, ve\u0107 te\u017ei revolucioniranju proizvodnje gra\u0111evinskih strojeva i stvaranju odr\u017eive vrijednosti za kupce kroz digitalnu transformaciju poslovanja. U tu svrhu Develon provodi projekt &#039;Concept-X&#039;, koji predvodi realizaciju budu\u0107eg gradili\u0161ta kroz konvergenciju i integraciju tehnologija povezanih s ICT-om (informacijskom i komunikacijskom tehnologijom) i umjetnom inteligencijom (AI).<\/p><\/div><\/div><\/div><\/div><div id=\"section_5ZtkF\" class=\"section-item section-empty\"><div class=\"content container\"><div class=\"row\"><div id=\"column_rTEK7\" class=\"hc_column_cnt col-md-12\"><div class=\"row\"><div class=\"col-md-12 hc_text_block_cnt\">\u00a0<\/div><\/div><\/div><\/div><\/div><\/div>\t\t\t\t\t\t\t\t<\/div>\n\t\t\t\t<div class=\"elementor-element elementor-element-4e5a294 elementor-widget elementor-widget-image\" data-id=\"4e5a294\" data-element_type=\"widget\" data-e-type=\"widget\" data-widget_type=\"image.default\">\n\t\t\t\t\t\t\t\t\t\t\t\t\t\t\t<img fetchpriority=\"high\" decoding=\"async\" width=\"800\" height=\"403\" src=\"https:\/\/develon.hr\/wp-content\/uploads\/2026\/03\/EN-1.webp\" class=\"attachment-full size-full wp-image-33441050\" alt=\"\" srcset=\"https:\/\/develon.hr\/wp-content\/uploads\/2026\/03\/EN-1.webp 800w, https:\/\/develon.hr\/wp-content\/uploads\/2026\/03\/EN-1-300x151.webp 300w, https:\/\/develon.hr\/wp-content\/uploads\/2026\/03\/EN-1-768x387.webp 768w, https:\/\/develon.hr\/wp-content\/uploads\/2026\/03\/EN-1-600x302.webp 600w, https:\/\/develon.hr\/wp-content\/uploads\/2026\/03\/EN-1-280x141.webp 280w\" sizes=\"(max-width: 800px) 100vw, 800px\" \/>\t\t\t\t\t\t\t\t\t\t\t\t\t\t\t<\/div>\n\t\t\t\t\t<\/div>\n\t\t\t\t<\/div>\n\t\t<div class=\"elementor-element elementor-element-859fce0 e-flex e-con-boxed e-con e-parent\" data-id=\"859fce0\" data-element_type=\"container\" data-e-type=\"container\">\n\t\t\t\t\t<div class=\"e-con-inner\">\n\t\t\t\t<div class=\"elementor-element elementor-element-78d3f67 elementor-widget elementor-widget-heading\" data-id=\"78d3f67\" data-element_type=\"widget\" data-e-type=\"widget\" data-widget_type=\"heading.default\">\n\t\t\t\t\t<h2 class=\"elementor-heading-title elementor-size-default\">X-Centar<\/h2>\t\t\t\t<\/div>\n\t\t\t\t<div class=\"elementor-element elementor-element-2968733 elementor-widget elementor-widget-text-editor\" data-id=\"2968733\" data-element_type=\"widget\" data-e-type=\"widget\" data-widget_type=\"text-editor.default\">\n\t\t\t\t\t\t\t\t\t<div class=\"col-md-12 hc_text_block_cnt\"><div id=\"DZeh8\" class=\"no-paddings\">U sr\u017ei X koncepta, X-Center je sustav upravljanja koji korisniku omogu\u0107uje pregled opreme na gradili\u0161tu i samog gradili\u0161ta na prvi pogled. Teren gradili\u0161ta snima se skeniranjem pomo\u0107u dronova, a podaci o terenu dobiveni snimanjem kreiraju se u 3D obliku za kori\u0161tenje u pripremi planova rada. Podaci prikupljeni s razli\u010ditih lokacija analiziraju se kako bi se dale upute bespilotnoj opremi i upravljalo njome na integrirani na\u010din. Osim toga, X-Centerov Fleet Manager omogu\u0107uje korisniku daljinsko pra\u0107enje i dijagnosticiranje podataka o strojevima za u\u010dinkovito upravljanje radom i odr\u017eavanje, kao \u0161to su status zemljanih radova, planiranje rute kretanja i radnog podru\u010dja, lokacija i radno stanje opreme, status glavnih dijelova i otkrivanje abnormalnih signala.<\/div><\/div>\t\t\t\t\t\t\t\t<\/div>\n\t\t\t\t<div class=\"elementor-element elementor-element-3b83261 elementor-widget elementor-widget-image\" data-id=\"3b83261\" data-element_type=\"widget\" data-e-type=\"widget\" data-widget_type=\"image.default\">\n\t\t\t\t\t\t\t\t\t\t\t\t\t\t\t<img decoding=\"async\" width=\"600\" height=\"294\" src=\"https:\/\/develon.hr\/wp-content\/uploads\/2026\/03\/concept-x-2-1-e1698327567155.webp\" class=\"attachment-large size-large wp-image-33441051\" alt=\"\" srcset=\"https:\/\/develon.hr\/wp-content\/uploads\/2026\/03\/concept-x-2-1-e1698327567155.webp 600w, https:\/\/develon.hr\/wp-content\/uploads\/2026\/03\/concept-x-2-1-e1698327567155-300x147.webp 300w, https:\/\/develon.hr\/wp-content\/uploads\/2026\/03\/concept-x-2-1-e1698327567155-280x137.webp 280w\" sizes=\"(max-width: 600px) 100vw, 600px\" \/>\t\t\t\t\t\t\t\t\t\t\t\t\t\t\t<\/div>\n\t\t\t\t\t<\/div>\n\t\t\t\t<\/div>\n\t\t<div class=\"elementor-element elementor-element-e8a1803 e-flex e-con-boxed e-con e-parent\" data-id=\"e8a1803\" data-element_type=\"container\" data-e-type=\"container\">\n\t\t\t\t\t<div class=\"e-con-inner\">\n\t\t\t\t<div class=\"elementor-element elementor-element-c48305f elementor-widget elementor-widget-heading\" data-id=\"c48305f\" data-element_type=\"widget\" data-e-type=\"widget\" data-widget_type=\"heading.default\">\n\t\t\t\t\t<h2 class=\"elementor-heading-title elementor-size-default\">Samostalno rje\u0161enje<\/h2>\t\t\t\t<\/div>\n\t\t\t\t<div class=\"elementor-element elementor-element-467ba6c elementor-widget elementor-widget-text-editor\" data-id=\"467ba6c\" data-element_type=\"widget\" data-e-type=\"widget\" data-widget_type=\"text-editor.default\">\n\t\t\t\t\t\t\t\t\t<div class=\"col-md-12 hc_text_block_cnt\"><div id=\"DZeh8\" class=\"no-paddings\"><div id=\"column_2KCG7\" class=\"hc_column_cnt col-md-12\"><div class=\"row\"><div class=\"col-md-12 hc_text_block_cnt\"><div id=\"LdylN\" class=\"\">Oprema s bespilotnim, automatiziranim rje\u0161enjem mo\u017ee to\u010dno i brzo obavljati posao primanjem analiziranih podataka iz X-Centra. Radno kretanje bespilotne opreme naju\u010dinkovitije se stvara kori\u0161tenjem stvarnih podataka iskusnih operatera kako bi se postigla maksimalna produktivnost. Bespilotni bager koji implementira Develon ima sustav prepoznavanja, evaluacije i upravljanja. Bespilotni bager prepoznaje svoju okolinu pomo\u0107u razli\u010ditih senzora instaliranih na bageru te autonomno procjenjuje i izvr\u0161ava lokalne planove radnog slijeda, putanje rada i rute kretanja. Osim toga, bespilotni bager obavlja posao sigurno i to\u010dno na temelju sustava upravljanja koji sprje\u010dava sudare i prevrtanje. U principu, bespilotni utovariva\u010d na kota\u010dima ima isti sustav kao i bespilotni bager. Me\u0111utim, imajte na umu da se vi\u0161e tehni\u010dkih napora ula\u017ee u odre\u0111ivanje optimalne rute i osiguravanje sigurnosti kretanja, budu\u0107i da utovariva\u010d na kota\u010dima radi \u010de\u0161\u0107e od bagera. Osim toga, bespilotni utovariva\u010d na kota\u010dima autonomno uspostavlja i izvr\u0161ava optimalne planove rada daljinskim upravljanjem opremom i prijenosom informacija o radnom stanju i optere\u0107enju opreme.<\/div><\/div><\/div><\/div><div id=\"column_vwAWU\" class=\"hc_column_cnt col-md-12\"><div class=\"row\">\u00a0<\/div><\/div><\/div><\/div>\t\t\t\t\t\t\t\t<\/div>\n\t\t\t\t<div class=\"elementor-element elementor-element-459bcf8 elementor-widget elementor-widget-image\" data-id=\"459bcf8\" data-element_type=\"widget\" data-e-type=\"widget\" data-widget_type=\"image.default\">\n\t\t\t\t\t\t\t\t\t\t\t\t\t\t\t<img decoding=\"async\" width=\"800\" height=\"262\" src=\"https:\/\/develon.hr\/wp-content\/uploads\/2026\/03\/develon-hdi-billboard-1.webp\" class=\"attachment-full size-full wp-image-33441053\" alt=\"\" srcset=\"https:\/\/develon.hr\/wp-content\/uploads\/2026\/03\/develon-hdi-billboard-1.webp 800w, https:\/\/develon.hr\/wp-content\/uploads\/2026\/03\/develon-hdi-billboard-1-300x98.webp 300w, https:\/\/develon.hr\/wp-content\/uploads\/2026\/03\/develon-hdi-billboard-1-768x252.webp 768w, https:\/\/develon.hr\/wp-content\/uploads\/2026\/03\/develon-hdi-billboard-1-600x197.webp 600w, https:\/\/develon.hr\/wp-content\/uploads\/2026\/03\/develon-hdi-billboard-1-280x92.webp 280w\" sizes=\"(max-width: 800px) 100vw, 800px\" \/>\t\t\t\t\t\t\t\t\t\t\t\t\t\t\t<\/div>\n\t\t\t\t\t<\/div>\n\t\t\t\t<\/div>\n\t\t<div class=\"elementor-element elementor-element-6a4787b e-flex e-con-boxed e-con e-parent\" data-id=\"6a4787b\" data-element_type=\"container\" data-e-type=\"container\">\n\t\t\t\t\t<div class=\"e-con-inner\">\n\t\t\t\t<div class=\"elementor-element elementor-element-646d658 elementor-widget elementor-widget-heading\" data-id=\"646d658\" data-element_type=\"widget\" data-e-type=\"widget\" data-widget_type=\"heading.default\">\n\t\t\t\t\t<h2 class=\"elementor-heading-title elementor-size-default\">Prognoziranje i upravljanje stanjem (PHM)<\/h2>\t\t\t\t<\/div>\n\t\t\t\t<div class=\"elementor-element elementor-element-752a0ef elementor-widget elementor-widget-text-editor\" data-id=\"752a0ef\" data-element_type=\"widget\" data-e-type=\"widget\" data-widget_type=\"text-editor.default\">\n\t\t\t\t\t\t\t\t\t<div class=\"col-md-12 hc_text_block_cnt\"><div id=\"DZeh8\" class=\"no-paddings\"><div id=\"column_2KCG7\" class=\"hc_column_cnt col-md-12\"><div class=\"row\"><div class=\"col-md-12 hc_text_block_cnt\"><div id=\"LdylN\" class=\"\"><div class=\"col-md-12 hc_text_block_cnt\"><div id=\"S0Bx2\" class=\"no-paddings\">Neo\u010dekivani kvar opreme zna\u010di zna\u010dajne financijske gubitke i rizike na budu\u0107im gradili\u0161tima, gdje \u0107e upravljanje voznim parkom (integrirano upravljanje vi\u0161e grupa opreme) postati uobi\u010dajeno. PHM je tehnologija koja omogu\u0107uje na\u0161oj budu\u0107oj opremi da sama dijagnosticira svoje stanje i unaprijed upozori korisnike na mogu\u0107e kvarove, tako da se radovi mogu obavljati bez prekida u bilo kojem radnom okru\u017eenju. Bespilotna oprema implementirana putem PHM-a mo\u017ee sveobuhvatno pratiti vlastito stanje otkrivanjem i analizom optere\u0107enja klju\u010dnih dijelova i funkcija putem samodijagnostike i funkcije pra\u0107enja u stvarnom vremenu. PHM unaprijed upravlja faktorima rizika predvi\u0111aju\u0107i preostali vijek trajanja provjerom povijesti promjena u stanju svakog dijela kao i ukupnog stanja u trenutku.<\/div><\/div><\/div><\/div><\/div><\/div><\/div><\/div>\t\t\t\t\t\t\t\t<\/div>\n\t\t\t\t<div class=\"elementor-element elementor-element-8159732 elementor-widget elementor-widget-image\" data-id=\"8159732\" data-element_type=\"widget\" data-e-type=\"widget\" data-widget_type=\"image.default\">\n\t\t\t\t\t\t\t\t\t\t\t\t\t\t\t<img loading=\"lazy\" decoding=\"async\" width=\"800\" height=\"393\" src=\"https:\/\/develon.hr\/wp-content\/uploads\/2026\/03\/PHM-1.webp\" class=\"attachment-full size-full wp-image-33441052\" alt=\"\" srcset=\"https:\/\/develon.hr\/wp-content\/uploads\/2026\/03\/PHM-1.webp 800w, https:\/\/develon.hr\/wp-content\/uploads\/2026\/03\/PHM-1-300x147.webp 300w, https:\/\/develon.hr\/wp-content\/uploads\/2026\/03\/PHM-1-768x377.webp 768w, https:\/\/develon.hr\/wp-content\/uploads\/2026\/03\/PHM-1-600x295.webp 600w, https:\/\/develon.hr\/wp-content\/uploads\/2026\/03\/PHM-1-280x138.webp 280w\" sizes=\"(max-width: 800px) 100vw, 800px\" \/>\t\t\t\t\t\t\t\t\t\t\t\t\t\t\t<\/div>\n\t\t\t\t\t<\/div>\n\t\t\t\t<\/div>\n\t\t<div class=\"elementor-element elementor-element-81e573a e-flex e-con-boxed e-con e-parent\" data-id=\"81e573a\" data-element_type=\"container\" data-e-type=\"container\">\n\t\t\t\t\t<div class=\"e-con-inner\">\n\t\t\t\t<div class=\"elementor-element elementor-element-743be43 elementor-widget elementor-widget-heading\" data-id=\"743be43\" data-element_type=\"widget\" data-e-type=\"widget\" data-widget_type=\"heading.default\">\n\t\t\t\t\t<h2 class=\"elementor-heading-title elementor-size-default\">'&#039;Concept-X&#039;: inovativno rje\u0161enje za gradili\u0161te budu\u0107nosti<\/h2>\t\t\t\t<\/div>\n\t\t\t\t<div class=\"elementor-element elementor-element-44dd1ba elementor-widget elementor-widget-text-editor\" data-id=\"44dd1ba\" data-element_type=\"widget\" data-e-type=\"widget\" data-widget_type=\"text-editor.default\">\n\t\t\t\t\t\t\t\t\t<div class=\"col-md-12 hc_text_block_cnt\"><div id=\"DZeh8\" class=\"no-paddings\"><div id=\"column_2KCG7\" class=\"hc_column_cnt col-md-12\"><div class=\"row\"><div class=\"col-md-12 hc_text_block_cnt\"><div id=\"LdylN\" class=\"\"><div class=\"col-md-12 hc_text_block_cnt\"><div id=\"S0Bx2\" class=\"no-paddings\"><div class=\"col-md-12 hc_text_block_cnt\"><div id=\"3xCQx\" class=\"\">Develon \u0107e doprinijeti udobnosti kupaca s izrazitom konkurentno\u0161\u0107u preventivnom implementacijom poslovnog modela gradili\u0161ta s maksimalnom u\u010dinkovito\u0161\u0107u i produktivno\u0161\u0107u putem radnih naloga temeljenih na to\u010dnim istra\u017eivanjima i podacima, bespilotne opreme koja prepoznaje, planira i radi autonomno te prediktivnog upravljanja stanjem opreme, po\u010dev\u0161i s &#039;Concept-X&#039; - rje\u0161enjem optimiziranim za budu\u0107e gradili\u0161te.<\/div><\/div><\/div><\/div><\/div><\/div><\/div><\/div><\/div><\/div>\t\t\t\t\t\t\t\t<\/div>\n\t\t\t\t<div class=\"elementor-element elementor-element-0897e70 elementor-widget elementor-widget-video\" data-id=\"0897e70\" data-element_type=\"widget\" data-e-type=\"widget\" data-settings=\"{&quot;youtube_url&quot;:&quot;https:\\\/\\\/youtu.be\\\/d5JJMicnmlU&quot;,&quot;video_type&quot;:&quot;youtube&quot;}\" data-widget_type=\"video.default\">\n\t\t\t\t\t\t\t<div class=\"elementor-wrapper elementor-open-inline\">\n\t\t\t<div class=\"elementor-video\"><\/div>\t\t<\/div>\n\t\t\t\t\t\t<\/div>\n\t\t\t\t\t<\/div>\n\t\t\t\t<\/div>\n\t\t\t\t<\/div>","protected":false},"excerpt":{"rendered":"<p>Develon \u043d\u0435 \u043f\u0440\u043e\u0441\u0442\u043e \u0432\u044a\u0437\u043f\u0440\u0438\u0435\u043c\u0430 \u0446\u0438\u0444\u0440\u043e\u0432\u0438 \u0442\u0435\u0445\u043d\u043e\u043b\u043e\u0433\u0438\u0438, \u0430 \u0441\u0435 \u0441\u0442\u0440\u0435\u043c\u0438 \u0434\u0430 \u043d\u0430\u043f\u0440\u0430\u0432\u0438 \u0440\u0435\u0432\u043e\u043b\u044e\u0446\u0438\u044f \u0432 \u043f\u0440\u043e\u0438\u0437\u0432\u043e\u0434\u0441\u0442\u0432\u043e\u0442\u043e \u043d\u0430 \u0441\u0442\u0440\u043e\u0438\u0442\u0435\u043b\u043d\u0438 \u043c\u0430\u0448\u0438\u043d\u0438 \u0438 \u0434\u0430 \u0441\u044a\u0437\u0434\u0430\u0434\u0435 \u0443\u0441\u0442\u043e\u0439\u0447\u0438\u0432\u0430 \u0441\u0442\u043e\u0439\u043d\u043e\u0441\u0442 \u0437\u0430 \u043a\u043b\u0438\u0435\u043d\u0442\u0438\u0442\u0435 \u0447\u0440\u0435\u0437 \u0446\u0438\u0444\u0440\u043e\u0432\u0430 \u0442\u0440\u0430\u043d\u0441\u0444\u043e\u0440\u043c\u0430\u0446\u0438\u044f \u043d\u0430 \u0431\u0438\u0437\u043d\u0435\u0441\u0430. \u0417\u0430 \u0442\u0430\u0437\u0438 \u0446\u0435\u043b Develon \u0438\u0437\u043f\u044a\u043b\u043d\u044f\u0432\u0430 \u043f\u0440\u043e\u0435\u043a\u0442\u0430 &#8216;\u041a\u043e\u043d\u0446\u0435\u043f\u0446\u0438\u044f-X&#8217;, \u043a\u043e\u0439\u0442\u043e \u0435 \u043d\u0430\u0447\u0435\u043b\u043e \u043d\u0430 \u0440\u0435\u0430\u043b\u0438\u0437\u0430\u0446\u0438\u044f\u0442\u0430 \u043d\u0430 \u0431\u044a\u0434\u0435\u0449\u0430\u0442\u0430 \u0441\u0442\u0440\u043e\u0438\u0442\u0435\u043b\u043d\u0430 \u043f\u043b\u043e\u0449\u0430\u0434\u043a\u0430 \u0447\u0440\u0435\u0437 \u0441\u0431\u043b\u0438\u0436\u0430\u0432\u0430\u043d\u0435 \u0438 \u0438\u043d\u0442\u0435\u0433\u0440\u0438\u0440\u0430\u043d\u0435 \u043d\u0430 \u0442\u0435\u0445\u043d\u043e\u043b\u043e\u0433\u0438\u0438, \u0441\u0432\u044a\u0440\u0437\u0430\u043d\u0438 \u0441 \u0418\u041a\u0422 (\u0438\u043d\u0444\u043e\u0440\u043c\u0430\u0446\u0438\u043e\u043d\u043d\u0438 [&hellip;]<\/p>\n","protected":false},"author":1,"featured_media":33441048,"parent":33441037,"menu_order":0,"comment_status":"closed","ping_status":"closed","template":"","meta":{"_acf_changed":false,"pgc_sgb_lightbox_settings":"","footnotes":""},"class_list":["post-33441047","page","type-page","status-publish","has-post-thumbnail","hentry"],"acf":[],"featured_image_src":"https:\/\/develon.hr\/wp-content\/uploads\/2026\/03\/concept-x-1-e1698316635661.jpg","_links":{"self":[{"href":"https:\/\/develon.hr\/hr\/wp-json\/wp\/v2\/pages\/33441047","targetHints":{"allow":["GET"]}}],"collection":[{"href":"https:\/\/develon.hr\/hr\/wp-json\/wp\/v2\/pages"}],"about":[{"href":"https:\/\/develon.hr\/hr\/wp-json\/wp\/v2\/types\/page"}],"author":[{"embeddable":true,"href":"https:\/\/develon.hr\/hr\/wp-json\/wp\/v2\/users\/1"}],"replies":[{"embeddable":true,"href":"https:\/\/develon.hr\/hr\/wp-json\/wp\/v2\/comments?post=33441047"}],"version-history":[{"count":4,"href":"https:\/\/develon.hr\/hr\/wp-json\/wp\/v2\/pages\/33441047\/revisions"}],"predecessor-version":[{"id":33441056,"href":"https:\/\/develon.hr\/hr\/wp-json\/wp\/v2\/pages\/33441047\/revisions\/33441056"}],"up":[{"embeddable":true,"href":"https:\/\/develon.hr\/hr\/wp-json\/wp\/v2\/pages\/33441037"}],"wp:featuredmedia":[{"embeddable":true,"href":"https:\/\/develon.hr\/hr\/wp-json\/wp\/v2\/media\/33441048"}],"wp:attachment":[{"href":"https:\/\/develon.hr\/hr\/wp-json\/wp\/v2\/media?parent=33441047"}],"curies":[{"name":"radni list","href":"https:\/\/api.w.org\/{rel}","templated":true}]}}