{"id":33441037,"date":"2026-03-19T10:19:09","date_gmt":"2026-03-19T10:19:09","guid":{"rendered":"https:\/\/develon.agma.bg\/?page_id=33441037"},"modified":"2026-04-29T07:51:11","modified_gmt":"2026-04-29T07:51:11","slug":"inovatsii","status":"publish","type":"page","link":"https:\/\/develon.hr\/hr\/inovatsii\/","title":{"rendered":"Inovacije"},"content":{"rendered":"<div data-elementor-type=\"wp-page\" data-elementor-id=\"33441037\" class=\"elementor elementor-33441037\" data-elementor-post-type=\"page\">\n\t\t\t\t<div class=\"elementor-element elementor-element-de67d32 hero-overlay e-flex e-con-boxed e-con e-parent\" data-id=\"de67d32\" data-element_type=\"container\" data-e-type=\"container\" data-settings=\"{&quot;background_background&quot;:&quot;classic&quot;}\">\n\t\t\t\t\t<div class=\"e-con-inner\">\n\t\t\t\t<div class=\"elementor-element elementor-element-9f4f341 elementor-widget elementor-widget-heading\" data-id=\"9f4f341\" data-element_type=\"widget\" data-e-type=\"widget\" data-widget_type=\"heading.default\">\n\t\t\t\t\t<h1 class=\"elementor-heading-title elementor-size-default\">Inovacije<\/h1>\t\t\t\t<\/div>\n\t\t\t\t\t<\/div>\n\t\t\t\t<\/div>\n\t\t<div class=\"elementor-element elementor-element-387ceac e-flex e-con-boxed e-con e-parent\" data-id=\"387ceac\" data-element_type=\"container\" data-e-type=\"container\">\n\t\t\t\t\t<div class=\"e-con-inner\">\n\t\t<div class=\"elementor-element elementor-element-5d3be87 e-con-full e-flex e-con e-child\" data-id=\"5d3be87\" data-element_type=\"container\" data-e-type=\"container\">\n\t\t<div class=\"elementor-element elementor-element-c5ff875 e-con-full e-flex e-con e-child\" data-id=\"c5ff875\" data-element_type=\"container\" data-e-type=\"container\">\n\t\t\t\t<div class=\"elementor-element elementor-element-3eb725f elementor-widget elementor-widget-heading\" data-id=\"3eb725f\" data-element_type=\"widget\" data-e-type=\"widget\" data-widget_type=\"heading.default\">\n\t\t\t\t\t<h2 class=\"elementor-heading-title elementor-size-default\">Koncept-X<\/h2>\t\t\t\t<\/div>\n\t\t\t\t<div class=\"elementor-element elementor-element-26031e4 elementor-widget elementor-widget-text-editor\" data-id=\"26031e4\" data-element_type=\"widget\" data-e-type=\"widget\" data-widget_type=\"text-editor.default\">\n\t\t\t\t\t\t\t\t\t<div class=\"col-md-12 hc_text_block_cnt\"><div id=\"1jewX\" class=\"no-paddings\">Develonov cilj je inovacija u proizvodnji gra\u0111evinskih strojeva i stvaranje odr\u017eive vrijednosti za kupce kroz digitalnu transformaciju poslovanja, ne samo uvo\u0111enjem digitalnih tehnologija. Concept-X \u0107e uspje\u0161no unaprijediti va\u0161e poslovanje pove\u0107anjem produktivnosti, smanjenjem tro\u0161kova i rizika na gradili\u0161tu.<\/div><\/div>\t\t\t\t\t\t\t\t<\/div>\n\t\t\t\t<\/div>\n\t\t<div class=\"elementor-element elementor-element-afdb138 e-con-full e-flex e-con e-child\" data-id=\"afdb138\" data-element_type=\"container\" data-e-type=\"container\">\n\t\t\t\t<div class=\"elementor-element elementor-element-89393e0 elementor-widget elementor-widget-image\" data-id=\"89393e0\" data-element_type=\"widget\" data-e-type=\"widget\" data-widget_type=\"image.default\">\n\t\t\t\t\t\t\t\t\t\t\t\t\t\t\t<img fetchpriority=\"high\" decoding=\"async\" width=\"600\" height=\"335\" src=\"https:\/\/develon.hr\/wp-content\/uploads\/2026\/03\/concept-x-1-e1698316635661.jpg\" class=\"attachment-large size-large wp-image-33441048\" alt=\"\" srcset=\"https:\/\/develon.hr\/wp-content\/uploads\/2026\/03\/concept-x-1-e1698316635661.jpg 600w, https:\/\/develon.hr\/wp-content\/uploads\/2026\/03\/concept-x-1-e1698316635661-300x168.jpg 300w, https:\/\/develon.hr\/wp-content\/uploads\/2026\/03\/concept-x-1-e1698316635661-280x156.jpg 280w\" sizes=\"(max-width: 600px) 100vw, 600px\" \/>\t\t\t\t\t\t\t\t\t\t\t\t\t\t\t<\/div>\n\t\t\t\t<\/div>\n\t\t\t\t<\/div>\n\t\t<div class=\"elementor-element elementor-element-8d7cbb2 e-con-full e-flex e-con e-child\" data-id=\"8d7cbb2\" data-element_type=\"container\" data-e-type=\"container\">\n\t\t\t\t<div class=\"elementor-element elementor-element-396cbc5 elementor-align-center elementor-widget elementor-widget-button\" data-id=\"396cbc5\" data-element_type=\"widget\" data-e-type=\"widget\" data-widget_type=\"button.default\">\n\t\t\t\t\t\t\t\t\t\t<a class=\"elementor-button elementor-button-link elementor-size-sm\" href=\"https:\/\/develon.hr\/hr\/inovatsii\/kontseptsia-x\/\">\n\t\t\t\t\t\t<span class=\"elementor-button-content-wrapper\">\n\t\t\t\t\t\t\t\t\t<span class=\"elementor-button-text\">Saznajte vi\u0161e o Concept-X-u<\/span>\n\t\t\t\t\t<\/span>\n\t\t\t\t\t<\/a>\n\t\t\t\t\t\t\t\t<\/div>\n\t\t\t\t<\/div>\n\t\t\t\t\t<\/div>\n\t\t\t\t<\/div>\n\t\t<div class=\"elementor-element elementor-element-1db1599 e-flex e-con-boxed e-con e-parent\" data-id=\"1db1599\" data-element_type=\"container\" data-e-type=\"container\">\n\t\t\t\t\t<div class=\"e-con-inner\">\n\t\t<div class=\"elementor-element elementor-element-1259944 e-con-full e-flex e-con e-child\" data-id=\"1259944\" data-element_type=\"container\" data-e-type=\"container\">\n\t\t<div class=\"elementor-element elementor-element-bbffdc3 e-con-full e-flex e-con e-child\" data-id=\"bbffdc3\" data-element_type=\"container\" data-e-type=\"container\">\n\t\t\t\t<div class=\"elementor-element elementor-element-bfe5b7f elementor-widget elementor-widget-heading\" data-id=\"bfe5b7f\" data-element_type=\"widget\" data-e-type=\"widget\" data-widget_type=\"heading.default\">\n\t\t\t\t\t<h2 class=\"elementor-heading-title elementor-size-default\">Digitalna platforma &#039;DEVELON Digitalna platforma&#039;'\n<\/h2>\t\t\t\t<\/div>\n\t\t\t\t<div class=\"elementor-element elementor-element-5ecdb14 elementor-widget elementor-widget-text-editor\" data-id=\"5ecdb14\" data-element_type=\"widget\" data-e-type=\"widget\" data-widget_type=\"text-editor.default\">\n\t\t\t\t\t\t\t\t\t<div class=\"col-md-12 hc_text_block_cnt\"><div id=\"1jewX\" class=\"no-paddings\"><div class=\"col-md-12 hc_text_block_cnt\"><div id=\"mIzpq\" class=\"no-paddings\">\u2018&#039;DEVELON Digitalna platforma&#039; je mobilna aplikacija koja nudi potpuno upravljanje Develon gra\u0111evinskom opremom. Sve vezano uz upravljanje va\u0161im strojem mo\u017ee se obaviti na jednom mjestu.<\/div><\/div><\/div><\/div>\t\t\t\t\t\t\t\t<\/div>\n\t\t\t\t<\/div>\n\t\t<div class=\"elementor-element elementor-element-a720306 e-con-full e-flex e-con e-child\" data-id=\"a720306\" data-element_type=\"container\" data-e-type=\"container\">\n\t\t\t\t<div class=\"elementor-element elementor-element-559b942 elementor-widget elementor-widget-image\" data-id=\"559b942\" data-element_type=\"widget\" data-e-type=\"widget\" data-widget_type=\"image.default\">\n\t\t\t\t\t\t\t\t\t\t\t\t\t\t\t<img decoding=\"async\" width=\"600\" height=\"346\" src=\"https:\/\/develon.hr\/wp-content\/uploads\/2026\/03\/innovation-digital-platform-2-e1698319751867.webp\" class=\"attachment-large size-large wp-image-33514651\" alt=\"\" srcset=\"https:\/\/develon.hr\/wp-content\/uploads\/2026\/03\/innovation-digital-platform-2-e1698319751867.webp 600w, https:\/\/develon.hr\/wp-content\/uploads\/2026\/03\/innovation-digital-platform-2-e1698319751867-300x173.webp 300w, https:\/\/develon.hr\/wp-content\/uploads\/2026\/03\/innovation-digital-platform-2-e1698319751867-277x160.webp 277w\" sizes=\"(max-width: 600px) 100vw, 600px\" \/>\t\t\t\t\t\t\t\t\t\t\t\t\t\t\t<\/div>\n\t\t\t\t<\/div>\n\t\t\t\t<\/div>\n\t\t<div class=\"elementor-element elementor-element-b3130c0 e-con-full e-flex e-con e-child\" data-id=\"b3130c0\" data-element_type=\"container\" data-e-type=\"container\">\n\t\t\t\t<div class=\"elementor-element elementor-element-4fdc281 elementor-align-center elementor-widget elementor-widget-button\" data-id=\"4fdc281\" data-element_type=\"widget\" data-e-type=\"widget\" data-widget_type=\"button.default\">\n\t\t\t\t\t\t\t\t\t\t<a class=\"elementor-button elementor-button-link elementor-size-sm\" href=\"https:\/\/develon.hr\/hr\/inovatsii\/develon-digitalna-platforma\/\">\n\t\t\t\t\t\t<span class=\"elementor-button-content-wrapper\">\n\t\t\t\t\t\t\t\t\t<span class=\"elementor-button-text\">Saznajte vi\u0161e o digitalnoj platformi<\/span>\n\t\t\t\t\t<\/span>\n\t\t\t\t\t<\/a>\n\t\t\t\t\t\t\t\t<\/div>\n\t\t\t\t<\/div>\n\t\t\t\t\t<\/div>\n\t\t\t\t<\/div>\n\t\t<div class=\"elementor-element elementor-element-0a2a0e2 e-flex e-con-boxed e-con e-parent\" data-id=\"0a2a0e2\" data-element_type=\"container\" data-e-type=\"container\">\n\t\t\t\t\t<div class=\"e-con-inner\">\n\t\t<div class=\"elementor-element elementor-element-c2c25fe e-con-full e-flex e-con e-child\" data-id=\"c2c25fe\" data-element_type=\"container\" data-e-type=\"container\">\n\t\t<div class=\"elementor-element elementor-element-05ba4a6 e-con-full e-flex e-con e-child\" data-id=\"05ba4a6\" data-element_type=\"container\" data-e-type=\"container\">\n\t\t\t\t<div class=\"elementor-element elementor-element-6f58a19 elementor-widget elementor-widget-heading\" data-id=\"6f58a19\" data-element_type=\"widget\" data-e-type=\"widget\" data-widget_type=\"heading.default\">\n\t\t\t\t\t<h2 class=\"elementor-heading-title elementor-size-default\">Concept-X2<\/h2>\t\t\t\t<\/div>\n\t\t\t\t<div class=\"elementor-element elementor-element-f1ed8ae elementor-widget elementor-widget-text-editor\" data-id=\"f1ed8ae\" data-element_type=\"widget\" data-e-type=\"widget\" data-widget_type=\"text-editor.default\">\n\t\t\t\t\t\t\t\t\t<div class=\"col-md-12 hc_text_block_cnt\"><div id=\"1jewX\" class=\"no-paddings\"><div class=\"col-md-12 hc_text_block_cnt\"><div id=\"mIzpq\" class=\"no-paddings\"><div class=\"col-md-12 hc_text_block_cnt\"><div id=\"NxnYi\" class=\"\">DEVELON-ov Concept-X2 revolucionira gra\u0111evinsku industriju snagom tehnologije u kombinaciji s ljudskim inovacijama. Vo\u0111en pristupom usmjerenim na kupca, projekt se fokusira na pru\u017eanje konkretnih koristi na\u0161im klijentima.<\/div><\/div><\/div><\/div><\/div><\/div>\t\t\t\t\t\t\t\t<\/div>\n\t\t\t\t<\/div>\n\t\t<div class=\"elementor-element elementor-element-85ed2be e-con-full e-flex e-con e-child\" data-id=\"85ed2be\" data-element_type=\"container\" data-e-type=\"container\">\n\t\t\t\t<div class=\"elementor-element elementor-element-8ec245e elementor-widget elementor-widget-image\" data-id=\"8ec245e\" data-element_type=\"widget\" data-e-type=\"widget\" data-widget_type=\"image.default\">\n\t\t\t\t\t\t\t\t\t\t\t\t\t\t\t<img decoding=\"async\" width=\"600\" height=\"335\" src=\"https:\/\/develon.hr\/wp-content\/uploads\/2026\/03\/innovation-page-concept-x2-1-1.webp\" class=\"attachment-large size-large wp-image-33514652\" alt=\"\" srcset=\"https:\/\/develon.hr\/wp-content\/uploads\/2026\/03\/innovation-page-concept-x2-1-1.webp 600w, https:\/\/develon.hr\/wp-content\/uploads\/2026\/03\/innovation-page-concept-x2-1-1-300x168.webp 300w, https:\/\/develon.hr\/wp-content\/uploads\/2026\/03\/innovation-page-concept-x2-1-1-280x156.webp 280w\" sizes=\"(max-width: 600px) 100vw, 600px\" \/>\t\t\t\t\t\t\t\t\t\t\t\t\t\t\t<\/div>\n\t\t\t\t<\/div>\n\t\t\t\t<\/div>\n\t\t<div class=\"elementor-element elementor-element-51fa4b7 e-con-full e-flex e-con e-child\" data-id=\"51fa4b7\" data-element_type=\"container\" data-e-type=\"container\">\n\t\t\t\t<div class=\"elementor-element elementor-element-33b5c95 elementor-align-center elementor-widget elementor-widget-button\" data-id=\"33b5c95\" data-element_type=\"widget\" data-e-type=\"widget\" data-widget_type=\"button.default\">\n\t\t\t\t\t\t\t\t\t\t<a class=\"elementor-button elementor-button-link elementor-size-sm\" href=\"https:\/\/develon.hr\/hr\/inovatsii\/kontseptsia-x2\/\">\n\t\t\t\t\t\t<span class=\"elementor-button-content-wrapper\">\n\t\t\t\t\t\t\t\t\t<span class=\"elementor-button-text\">Saznajte vi\u0161e o Concept-X2<\/span>\n\t\t\t\t\t<\/span>\n\t\t\t\t\t<\/a>\n\t\t\t\t\t\t\t\t<\/div>\n\t\t\t\t<\/div>\n\t\t\t\t\t<\/div>\n\t\t\t\t<\/div>\n\t\t<div class=\"elementor-element elementor-element-7d3ead9 e-flex e-con-boxed e-con e-parent\" data-id=\"7d3ead9\" data-element_type=\"container\" data-e-type=\"container\">\n\t\t\t\t\t<div class=\"e-con-inner\">\n\t\t<div class=\"elementor-element elementor-element-1defa6d e-con-full e-flex e-con e-child\" data-id=\"1defa6d\" data-element_type=\"container\" data-e-type=\"container\">\n\t\t<div class=\"elementor-element elementor-element-4dadcd1 e-con-full e-flex e-con e-child\" data-id=\"4dadcd1\" data-element_type=\"container\" data-e-type=\"container\">\n\t\t\t\t<div class=\"elementor-element elementor-element-119f943 elementor-widget elementor-widget-heading\" data-id=\"119f943\" data-element_type=\"widget\" data-e-type=\"widget\" data-widget_type=\"heading.default\">\n\t\t\t\t\t<h2 class=\"elementor-heading-title elementor-size-default\">XiteCloud<\/h2>\t\t\t\t<\/div>\n\t\t\t\t<div class=\"elementor-element elementor-element-90f6cea elementor-widget elementor-widget-text-editor\" data-id=\"90f6cea\" data-element_type=\"widget\" data-e-type=\"widget\" data-widget_type=\"text-editor.default\">\n\t\t\t\t\t\t\t\t\t<div class=\"col-md-12 hc_text_block_cnt\"><div id=\"1jewX\" class=\"no-paddings\"><div class=\"col-md-12 hc_text_block_cnt\"><div id=\"mIzpq\" class=\"no-paddings\"><div class=\"col-md-12 hc_text_block_cnt\"><div id=\"NxnYi\" class=\"\"><div class=\"col-md-12 hc_text_block_cnt\"><div id=\"K1xrP\" class=\"\">XiteCloud je sveobuhvatna pametna gra\u0111evinska platforma i prvi korak u realizaciji projekta &#039;Concept-X&#039;. S XiteCloud rje\u0161enjima, korisnik mo\u017ee upravljati vi\u0161e zadataka kao \u0161to su geodetski pregledi, analiza terena, kupnja strojeva, rad opreme i upravljanje gradnjom na jednoj platformi, \u010dime se smanjuju tro\u0161kovi gradnje i \u0161tedi vrijeme, a istovremeno se pove\u0107ava to\u010dnost rada, \u0161to zauzvrat pove\u0107ava produktivnost.<\/div><\/div><\/div><\/div><\/div><\/div><\/div><\/div>\t\t\t\t\t\t\t\t<\/div>\n\t\t\t\t<\/div>\n\t\t<div class=\"elementor-element elementor-element-f51b591 e-con-full e-flex e-con e-child\" data-id=\"f51b591\" data-element_type=\"container\" data-e-type=\"container\">\n\t\t\t\t<div class=\"elementor-element elementor-element-d87c532 elementor-widget elementor-widget-image\" data-id=\"d87c532\" data-element_type=\"widget\" data-e-type=\"widget\" data-widget_type=\"image.default\">\n\t\t\t\t\t\t\t\t\t\t\t\t\t\t\t<img loading=\"lazy\" decoding=\"async\" width=\"800\" height=\"447\" src=\"https:\/\/develon.hr\/wp-content\/uploads\/2026\/03\/innovation-page-xitecloud-1.webp\" class=\"attachment-large size-large wp-image-33514627\" alt=\"\" srcset=\"https:\/\/develon.hr\/wp-content\/uploads\/2026\/03\/innovation-page-xitecloud-1.webp 860w, https:\/\/develon.hr\/wp-content\/uploads\/2026\/03\/innovation-page-xitecloud-1-300x167.webp 300w, https:\/\/develon.hr\/wp-content\/uploads\/2026\/03\/innovation-page-xitecloud-1-768x429.webp 768w, https:\/\/develon.hr\/wp-content\/uploads\/2026\/03\/innovation-page-xitecloud-1-600x335.webp 600w, https:\/\/develon.hr\/wp-content\/uploads\/2026\/03\/innovation-page-xitecloud-1-280x156.webp 280w\" sizes=\"(max-width: 800px) 100vw, 800px\" \/>\t\t\t\t\t\t\t\t\t\t\t\t\t\t\t<\/div>\n\t\t\t\t<\/div>\n\t\t\t\t<\/div>\n\t\t<div class=\"elementor-element elementor-element-28d4af5 e-con-full e-flex e-con e-child\" data-id=\"28d4af5\" data-element_type=\"container\" data-e-type=\"container\">\n\t\t\t\t<div class=\"elementor-element elementor-element-7e36345 elementor-align-center elementor-widget elementor-widget-button\" data-id=\"7e36345\" data-element_type=\"widget\" data-e-type=\"widget\" data-widget_type=\"button.default\">\n\t\t\t\t\t\t\t\t\t\t<a class=\"elementor-button elementor-button-link elementor-size-sm\" href=\"https:\/\/develon.hr\/hr\/inovatsii\/xitecloud\/\">\n\t\t\t\t\t\t<span class=\"elementor-button-content-wrapper\">\n\t\t\t\t\t\t\t\t\t<span class=\"elementor-button-text\">Saznajte vi\u0161e o XiteCloudu<\/span>\n\t\t\t\t\t<\/span>\n\t\t\t\t\t<\/a>\n\t\t\t\t\t\t\t\t<\/div>\n\t\t\t\t<\/div>\n\t\t\t\t\t<\/div>\n\t\t\t\t<\/div>\n\t\t<div class=\"elementor-element elementor-element-6ee15cd e-flex e-con-boxed e-con e-parent\" data-id=\"6ee15cd\" data-element_type=\"container\" data-e-type=\"container\">\n\t\t\t\t\t<div class=\"e-con-inner\">\n\t\t<div class=\"elementor-element elementor-element-52f4f90 e-con-full e-flex e-con e-child\" data-id=\"52f4f90\" data-element_type=\"container\" data-e-type=\"container\">\n\t\t<div class=\"elementor-element elementor-element-0f58c7d e-con-full e-flex e-con e-child\" data-id=\"0f58c7d\" data-element_type=\"container\" data-e-type=\"container\">\n\t\t\t\t<div class=\"elementor-element elementor-element-796f6a8 elementor-widget elementor-widget-heading\" data-id=\"796f6a8\" data-element_type=\"widget\" data-e-type=\"widget\" data-widget_type=\"heading.default\">\n\t\t\t\t\t<h2 class=\"elementor-heading-title elementor-size-default\">Sustav prozirnih kanti<\/h2>\t\t\t\t<\/div>\n\t\t\t\t<div class=\"elementor-element elementor-element-be5d9d5 elementor-widget elementor-widget-text-editor\" data-id=\"be5d9d5\" data-element_type=\"widget\" data-e-type=\"widget\" data-widget_type=\"text-editor.default\">\n\t\t\t\t\t\t\t\t\t<div class=\"col-md-12 hc_text_block_cnt\"><div id=\"1jewX\" class=\"no-paddings\"><div class=\"col-md-12 hc_text_block_cnt\"><div id=\"mIzpq\" class=\"no-paddings\"><div class=\"col-md-12 hc_text_block_cnt\"><div id=\"NxnYi\" class=\"\"><div class=\"col-md-12 hc_text_block_cnt\"><div id=\"K1xrP\" class=\"\"><div class=\"col-md-12 hc_text_block_cnt\"><div id=\"JuB0p\" class=\"\">DEVELON-ova prozirna \u017elica je potpuno integrirani sustav koji omogu\u0107uje rukovatelju utovariva\u010da na kota\u010dima da vidi slijepe kutove \u017elice stroja putem monitora u kabini.<\/div><\/div><\/div><\/div><\/div><\/div><\/div><\/div><\/div><\/div>\t\t\t\t\t\t\t\t<\/div>\n\t\t\t\t<\/div>\n\t\t<div class=\"elementor-element elementor-element-9ffa3a3 e-con-full e-flex e-con e-child\" data-id=\"9ffa3a3\" data-element_type=\"container\" data-e-type=\"container\">\n\t\t\t\t<div class=\"elementor-element elementor-element-3fc4cac elementor-widget elementor-widget-image\" data-id=\"3fc4cac\" data-element_type=\"widget\" data-e-type=\"widget\" data-widget_type=\"image.default\">\n\t\t\t\t\t\t\t\t\t\t\t\t\t\t\t<img loading=\"lazy\" decoding=\"async\" width=\"645\" height=\"360\" src=\"https:\/\/develon.hr\/wp-content\/uploads\/2026\/03\/innovation-page-transparent-bucket-1-1.webp\" class=\"attachment-large size-large wp-image-33514635\" alt=\"\" srcset=\"https:\/\/develon.hr\/wp-content\/uploads\/2026\/03\/innovation-page-transparent-bucket-1-1.webp 645w, https:\/\/develon.hr\/wp-content\/uploads\/2026\/03\/innovation-page-transparent-bucket-1-1-300x167.webp 300w, https:\/\/develon.hr\/wp-content\/uploads\/2026\/03\/innovation-page-transparent-bucket-1-1-600x335.webp 600w, https:\/\/develon.hr\/wp-content\/uploads\/2026\/03\/innovation-page-transparent-bucket-1-1-280x156.webp 280w\" sizes=\"(max-width: 645px) 100vw, 645px\" \/>\t\t\t\t\t\t\t\t\t\t\t\t\t\t\t<\/div>\n\t\t\t\t<\/div>\n\t\t\t\t<\/div>\n\t\t<div class=\"elementor-element elementor-element-83c40f3 e-con-full e-flex e-con e-child\" data-id=\"83c40f3\" data-element_type=\"container\" data-e-type=\"container\">\n\t\t\t\t<div class=\"elementor-element elementor-element-d215b0e elementor-align-center elementor-widget elementor-widget-button\" data-id=\"d215b0e\" data-element_type=\"widget\" data-e-type=\"widget\" data-widget_type=\"button.default\">\n\t\t\t\t\t\t\t\t\t\t<a class=\"elementor-button elementor-button-link elementor-size-sm\" href=\"https:\/\/develon.hr\/hr\/inovatsii\/prozrachna-sistema-za-kofi\/\">\n\t\t\t\t\t\t<span class=\"elementor-button-content-wrapper\">\n\t\t\t\t\t\t\t\t\t<span class=\"elementor-button-text\">Saznajte vi\u0161e o sustavu prozirnih kanti<\/span>\n\t\t\t\t\t<\/span>\n\t\t\t\t\t<\/a>\n\t\t\t\t\t\t\t\t<\/div>\n\t\t\t\t<\/div>\n\t\t\t\t\t<\/div>\n\t\t\t\t<\/div>\n\t\t\t\t<\/div>","protected":false},"excerpt":{"rendered":"<p>\u041a\u043e\u043d\u0446\u0435\u043f\u0446\u0438\u044f-X \u0426\u0435\u043b\u0442\u0430 \u043d\u0430 Develon \u0435 \u0434\u0430 \u0432\u044a\u0432\u0435\u0434\u0435 \u0438\u043d\u043e\u0432\u0430\u0446\u0438\u0438 \u0432 \u043f\u0440\u043e\u0438\u0437\u0432\u043e\u0434\u0441\u0442\u0432\u043e\u0442\u043e \u043d\u0430 \u0441\u0442\u0440\u043e\u0438\u0442\u0435\u043b\u043d\u0438 \u043c\u0430\u0448\u0438\u043d\u0438 \u0438 \u0434\u0430 \u0441\u044a\u0437\u0434\u0430\u0434\u0435 \u0443\u0441\u0442\u043e\u0439\u0447\u0438\u0432\u0430 \u0441\u0442\u043e\u0439\u043d\u043e\u0441\u0442 \u0437\u0430 \u043a\u043b\u0438\u0435\u043d\u0442\u0438\u0442\u0435 \u0447\u0440\u0435\u0437 \u0446\u0438\u0444\u0440\u043e\u0432\u0430 \u0442\u0440\u0430\u043d\u0441\u0444\u043e\u0440\u043c\u0430\u0446\u0438\u044f \u043d\u0430 \u0431\u0438\u0437\u043d\u0435\u0441\u0430, \u0430 \u043d\u0435 \u043f\u0440\u043e\u0441\u0442\u043e \u0447\u0440\u0435\u0437 \u0432\u044a\u0432\u0435\u0436\u0434\u0430\u043d\u0435 \u043d\u0430 \u0446\u0438\u0444\u0440\u043e\u0432\u0438 \u0442\u0435\u0445\u043d\u043e\u043b\u043e\u0433\u0438\u0438. Concept-X \u0443\u0441\u043f\u0435\u0448\u043d\u043e \u0449\u0435 \u0441\u0442\u0438\u043c\u0443\u043b\u0438\u0440\u0430 \u0432\u0430\u0448\u0438\u044f \u0431\u0438\u0437\u043d\u0435\u0441 \u0447\u0440\u0435\u0437 \u043f\u043e\u0432\u0438\u0448\u0430\u0432\u0430\u043d\u0435 \u043d\u0430 \u043f\u0440\u043e\u0438\u0437\u0432\u043e\u0434\u0438\u0442\u0435\u043b\u043d\u043e\u0441\u0442\u0442\u0430, \u043d\u0430\u043c\u0430\u043b\u044f\u0432\u0430\u043d\u0435 \u043d\u0430 \u0440\u0430\u0437\u0445\u043e\u0434\u0438\u0442\u0435 \u0438 \u0440\u0438\u0441\u043a\u043e\u0432\u0435\u0442\u0435 \u043d\u0430 \u0441\u0442\u0440\u043e\u0438\u0442\u0435\u043b\u043d\u0430\u0442\u0430 \u043f\u043b\u043e\u0449\u0430\u0434\u043a\u0430. \u041d\u0430\u0443\u0447\u0435\u0442\u0435 \u043f\u043e\u0432\u0435\u0447\u0435 \u0437\u0430 \u041a\u043e\u043d\u0446\u0435\u043f\u0446\u0438\u044f-X [&hellip;]<\/p>\n","protected":false},"author":1,"featured_media":33441045,"parent":0,"menu_order":0,"comment_status":"closed","ping_status":"closed","template":"","meta":{"_acf_changed":false,"pgc_sgb_lightbox_settings":"","footnotes":""},"class_list":["post-33441037","page","type-page","status-publish","has-post-thumbnail","hentry"],"acf":[],"featured_image_src":"https:\/\/develon.hr\/wp-content\/uploads\/2026\/03\/innovation-large.webp","_links":{"self":[{"href":"https:\/\/develon.hr\/hr\/wp-json\/wp\/v2\/pages\/33441037","targetHints":{"allow":["GET"]}}],"collection":[{"href":"https:\/\/develon.hr\/hr\/wp-json\/wp\/v2\/pages"}],"about":[{"href":"https:\/\/develon.hr\/hr\/wp-json\/wp\/v2\/types\/page"}],"author":[{"embeddable":true,"href":"https:\/\/develon.hr\/hr\/wp-json\/wp\/v2\/users\/1"}],"replies":[{"embeddable":true,"href":"https:\/\/develon.hr\/hr\/wp-json\/wp\/v2\/comments?post=33441037"}],"version-history":[{"count":19,"href":"https:\/\/develon.hr\/hr\/wp-json\/wp\/v2\/pages\/33441037\/revisions"}],"predecessor-version":[{"id":33515658,"href":"https:\/\/develon.hr\/hr\/wp-json\/wp\/v2\/pages\/33441037\/revisions\/33515658"}],"wp:featuredmedia":[{"embeddable":true,"href":"https:\/\/develon.hr\/hr\/wp-json\/wp\/v2\/media\/33441045"}],"wp:attachment":[{"href":"https:\/\/develon.hr\/hr\/wp-json\/wp\/v2\/media?parent=33441037"}],"curies":[{"name":"radni list","href":"https:\/\/api.w.org\/{rel}","templated":true}]}}