{"id":33440888,"date":"2026-03-16T09:25:33","date_gmt":"2026-03-16T09:25:33","guid":{"rendered":"https:\/\/develon.agma.bg\/?page_id=33440888"},"modified":"2026-04-08T07:28:07","modified_gmt":"2026-04-08T07:28:07","slug":"virtualni-razhodki","status":"publish","type":"page","link":"https:\/\/develon.hr\/hr\/virtualni-razhodki\/","title":{"rendered":"Virtualne \u0161etnje"},"content":{"rendered":"<div data-elementor-type=\"wp-page\" data-elementor-id=\"33440888\" class=\"elementor elementor-33440888\" data-elementor-post-type=\"page\">\n\t\t\t\t<div class=\"elementor-element elementor-element-25bf5f56 e-flex e-con-boxed e-con e-parent\" data-id=\"25bf5f56\" data-element_type=\"container\" data-e-type=\"container\">\n\t\t\t\t\t<div class=\"e-con-inner\">\n\t\t\t\t<div class=\"elementor-element elementor-element-69eaf050 elementor-widget elementor-widget-text-editor\" data-id=\"69eaf050\" data-element_type=\"widget\" data-e-type=\"widget\" data-widget_type=\"text-editor.default\">\n\t\t\t\t\t\t\t\t\t\n<p><a href=\"https:\/\/develon.hr\/hr\/%D0%BC%D0%B8%D0%BD%D0%B8-%D0%B1%D0%B0%D0%B3%D0%B5%D1%80%D0%B8-%D0%B2%D0%B8%D1%80%D1%82%D1%83%D0%B0%D0%BB%D0%BD%D0%B8-%D1%80%D0%B0%D0%B7%D1%85%D0%BE%D0%B4%D0%BA%D0%B8\/\"><\/a><\/p>\n\n\n\n<p><\/p>\n\t\t\t\t\t\t\t\t<\/div>\n\t\t\t\t\t<\/div>\n\t\t\t\t<\/div>\n\t\t<div class=\"elementor-element elementor-element-8c3d7cf e-flex e-con-boxed e-con e-parent\" data-id=\"8c3d7cf\" data-element_type=\"container\" data-e-type=\"container\">\n\t\t\t\t\t<div class=\"e-con-inner\">\n\t\t<div class=\"elementor-element elementor-element-b67b1b3 e-grid e-con-full e-con e-child\" data-id=\"b67b1b3\" data-element_type=\"container\" data-e-type=\"container\">\n\t\t<div class=\"elementor-element elementor-element-2471ee0 e-con-full e-flex e-con e-child\" data-id=\"2471ee0\" data-element_type=\"container\" data-e-type=\"container\">\n\t\t\t\t<div class=\"elementor-element elementor-element-9b6069f elementor-widget elementor-widget-image\" data-id=\"9b6069f\" data-element_type=\"widget\" data-e-type=\"widget\" data-widget_type=\"image.default\">\n\t\t\t\t\t\t\t\t\t\t\t\t\t\t\t\t<a href=\"https:\/\/develon.agma.bg\/virtualni-razhodki\/mini-bageri\/\">\n\t\t\t\t\t\t\t<img fetchpriority=\"high\" decoding=\"async\" width=\"800\" height=\"534\" src=\"https:\/\/develon.hr\/wp-content\/uploads\/2026\/03\/Develon_mini_bageri.webp\" class=\"attachment-large size-large wp-image-33514431\" alt=\"\" srcset=\"https:\/\/develon.hr\/wp-content\/uploads\/2026\/03\/Develon_mini_bageri.webp 1000w, https:\/\/develon.hr\/wp-content\/uploads\/2026\/03\/Develon_mini_bageri-300x200.webp 300w, https:\/\/develon.hr\/wp-content\/uploads\/2026\/03\/Develon_mini_bageri-768x512.webp 768w, https:\/\/develon.hr\/wp-content\/uploads\/2026\/03\/Develon_mini_bageri-600x400.webp 600w, https:\/\/develon.hr\/wp-content\/uploads\/2026\/03\/Develon_mini_bageri-240x160.webp 240w\" sizes=\"(max-width: 800px) 100vw, 800px\" \/>\t\t\t\t\t\t\t\t<\/a>\n\t\t\t\t\t\t\t\t\t\t\t\t\t\t\t<\/div>\n\t\t<div class=\"elementor-element elementor-element-3fa2520 e-con-full e-flex e-con e-child\" data-id=\"3fa2520\" data-element_type=\"container\" data-e-type=\"container\">\n\t\t\t\t<div class=\"elementor-element elementor-element-8f76f60 elementor-widget elementor-widget-heading\" data-id=\"8f76f60\" data-element_type=\"widget\" data-e-type=\"widget\" data-widget_type=\"heading.default\">\n\t\t\t\t\t<h3 class=\"elementor-heading-title elementor-size-default\"><a href=\"https:\/\/develon.agma.bg\/virtualni-razhodki\/mini-bageri\/\">Mini bageri<\/a><\/h3>\t\t\t\t<\/div>\n\t\t\t\t<\/div>\n\t\t\t\t<\/div>\n\t\t<div class=\"elementor-element elementor-element-03f25ef e-con-full e-flex e-con e-child\" data-id=\"03f25ef\" data-element_type=\"container\" data-e-type=\"container\">\n\t\t\t\t<div class=\"elementor-element elementor-element-6261c61 elementor-widget elementor-widget-image\" data-id=\"6261c61\" data-element_type=\"widget\" data-e-type=\"widget\" data-widget_type=\"image.default\">\n\t\t\t\t\t\t\t\t\t\t\t\t\t\t\t\t<a href=\"https:\/\/app.cloudpano.com\/tours\/rNdd3wtU_\" target=\"_blank\">\n\t\t\t\t\t\t\t<img decoding=\"async\" width=\"800\" height=\"534\" src=\"https:\/\/develon.hr\/wp-content\/uploads\/2026\/03\/DEVELON_kolesni_bageri.webp\" class=\"attachment-large size-large wp-image-33514435\" alt=\"\" srcset=\"https:\/\/develon.hr\/wp-content\/uploads\/2026\/03\/DEVELON_kolesni_bageri.webp 1000w, https:\/\/develon.hr\/wp-content\/uploads\/2026\/03\/DEVELON_kolesni_bageri-300x200.webp 300w, https:\/\/develon.hr\/wp-content\/uploads\/2026\/03\/DEVELON_kolesni_bageri-768x512.webp 768w, https:\/\/develon.hr\/wp-content\/uploads\/2026\/03\/DEVELON_kolesni_bageri-600x400.webp 600w, https:\/\/develon.hr\/wp-content\/uploads\/2026\/03\/DEVELON_kolesni_bageri-240x160.webp 240w\" sizes=\"(max-width: 800px) 100vw, 800px\" \/>\t\t\t\t\t\t\t\t<\/a>\n\t\t\t\t\t\t\t\t\t\t\t\t\t\t\t<\/div>\n\t\t<div class=\"elementor-element elementor-element-3622133 e-con-full e-flex e-con e-child\" data-id=\"3622133\" data-element_type=\"container\" data-e-type=\"container\">\n\t\t\t\t<div class=\"elementor-element elementor-element-87faf01 elementor-widget elementor-widget-heading\" data-id=\"87faf01\" data-element_type=\"widget\" data-e-type=\"widget\" data-widget_type=\"heading.default\">\n\t\t\t\t\t<h3 class=\"elementor-heading-title elementor-size-default\"><a href=\"https:\/\/app.cloudpano.com\/tours\/rNdd3wtU_\" target=\"_blank\">Bageri na kota\u010dima<\/a><\/h3>\t\t\t\t<\/div>\n\t\t\t\t<\/div>\n\t\t\t\t<\/div>\n\t\t<div class=\"elementor-element elementor-element-7087d49 e-con-full e-flex e-con e-child\" data-id=\"7087d49\" data-element_type=\"container\" data-e-type=\"container\">\n\t\t\t\t<div class=\"elementor-element elementor-element-0f25b7c elementor-widget elementor-widget-image\" data-id=\"0f25b7c\" data-element_type=\"widget\" data-e-type=\"widget\" data-widget_type=\"image.default\">\n\t\t\t\t\t\t\t\t\t\t\t\t\t\t\t\t<a href=\"https:\/\/app.cloudpano.com\/tours\/8CL3l8Xa8\">\n\t\t\t\t\t\t\t<img decoding=\"async\" width=\"800\" height=\"534\" src=\"https:\/\/develon.hr\/wp-content\/uploads\/2026\/03\/Develon_chelni_tavarachi.webp\" class=\"attachment-large size-large wp-image-33514434\" alt=\"\" srcset=\"https:\/\/develon.hr\/wp-content\/uploads\/2026\/03\/Develon_chelni_tavarachi.webp 1000w, https:\/\/develon.hr\/wp-content\/uploads\/2026\/03\/Develon_chelni_tavarachi-300x200.webp 300w, https:\/\/develon.hr\/wp-content\/uploads\/2026\/03\/Develon_chelni_tavarachi-768x512.webp 768w, https:\/\/develon.hr\/wp-content\/uploads\/2026\/03\/Develon_chelni_tavarachi-600x400.webp 600w, https:\/\/develon.hr\/wp-content\/uploads\/2026\/03\/Develon_chelni_tavarachi-240x160.webp 240w\" sizes=\"(max-width: 800px) 100vw, 800px\" \/>\t\t\t\t\t\t\t\t<\/a>\n\t\t\t\t\t\t\t\t\t\t\t\t\t\t\t<\/div>\n\t\t<div class=\"elementor-element elementor-element-fdfb899 e-con-full e-flex e-con e-child\" data-id=\"fdfb899\" data-element_type=\"container\" data-e-type=\"container\">\n\t\t\t\t<div class=\"elementor-element elementor-element-a40e0b3 elementor-widget elementor-widget-heading\" data-id=\"a40e0b3\" data-element_type=\"widget\" data-e-type=\"widget\" data-widget_type=\"heading.default\">\n\t\t\t\t\t<h3 class=\"elementor-heading-title elementor-size-default\"><a href=\"https:\/\/app.cloudpano.com\/tours\/8CL3l8Xa8\" target=\"_blank\">Prednji utovariva\u010di<\/a><\/h3>\t\t\t\t<\/div>\n\t\t\t\t<\/div>\n\t\t\t\t<\/div>\n\t\t<div class=\"elementor-element elementor-element-8387897 e-con-full e-flex e-con e-child\" data-id=\"8387897\" data-element_type=\"container\" data-e-type=\"container\">\n\t\t\t\t<div class=\"elementor-element elementor-element-15a12f0 elementor-widget elementor-widget-image\" data-id=\"15a12f0\" data-element_type=\"widget\" data-e-type=\"widget\" data-widget_type=\"image.default\">\n\t\t\t\t\t\t\t\t\t\t\t\t\t\t\t\t<a href=\"https:\/\/app.cloudpano.com\/tours\/cjqud-qNE\">\n\t\t\t\t\t\t\t<img loading=\"lazy\" decoding=\"async\" width=\"800\" height=\"534\" src=\"https:\/\/develon.hr\/wp-content\/uploads\/2026\/03\/Develon_DD130_buldozer.webp\" class=\"attachment-large size-large wp-image-33514433\" alt=\"Develon DD130 \u0431\u0443\u043b\u0434\u043e\u0437\u0435\u0440 \u0432\u0438\u0440\u0442\u0443\u0430\u043b\u043d\u0430 \u0440\u0430\u0437\u0445\u043e\u0434\u043a\u0430\" srcset=\"https:\/\/develon.hr\/wp-content\/uploads\/2026\/03\/Develon_DD130_buldozer.webp 1000w, https:\/\/develon.hr\/wp-content\/uploads\/2026\/03\/Develon_DD130_buldozer-300x200.webp 300w, https:\/\/develon.hr\/wp-content\/uploads\/2026\/03\/Develon_DD130_buldozer-768x512.webp 768w, https:\/\/develon.hr\/wp-content\/uploads\/2026\/03\/Develon_DD130_buldozer-600x400.webp 600w, https:\/\/develon.hr\/wp-content\/uploads\/2026\/03\/Develon_DD130_buldozer-240x160.webp 240w\" sizes=\"(max-width: 800px) 100vw, 800px\" \/>\t\t\t\t\t\t\t\t<\/a>\n\t\t\t\t\t\t\t\t\t\t\t\t\t\t\t<\/div>\n\t\t<div class=\"elementor-element elementor-element-6ae65db e-con-full e-flex e-con e-child\" data-id=\"6ae65db\" data-element_type=\"container\" data-e-type=\"container\">\n\t\t\t\t<div class=\"elementor-element elementor-element-f80cf1b elementor-widget elementor-widget-heading\" data-id=\"f80cf1b\" data-element_type=\"widget\" data-e-type=\"widget\" data-widget_type=\"heading.default\">\n\t\t\t\t\t<h3 class=\"elementor-heading-title elementor-size-default\"><a href=\"https:\/\/app.cloudpano.com\/tours\/cjqud-qNE\" target=\"_blank\">Buldo\u017eer<\/a><\/h3>\t\t\t\t<\/div>\n\t\t\t\t<\/div>\n\t\t\t\t<\/div>\n\t\t<div class=\"elementor-element elementor-element-19afeb4 e-con-full e-flex e-con e-child\" data-id=\"19afeb4\" data-element_type=\"container\" data-e-type=\"container\">\n\t\t\t\t<div class=\"elementor-element elementor-element-cc16cd9 elementor-widget elementor-widget-image\" data-id=\"cc16cd9\" data-element_type=\"widget\" data-e-type=\"widget\" data-widget_type=\"image.default\">\n\t\t\t\t\t\t\t\t\t\t\t\t\t\t\t\t<a href=\"https:\/\/app.cloudpano.com\/tours\/5nQZrH1WY\" target=\"_blank\">\n\t\t\t\t\t\t\t<img loading=\"lazy\" decoding=\"async\" width=\"800\" height=\"534\" src=\"https:\/\/develon.hr\/wp-content\/uploads\/2026\/03\/Develon-mini-verizhni-bageri.webp\" class=\"attachment-large size-large wp-image-33514432\" alt=\"\" srcset=\"https:\/\/develon.hr\/wp-content\/uploads\/2026\/03\/Develon-mini-verizhni-bageri.webp 1000w, https:\/\/develon.hr\/wp-content\/uploads\/2026\/03\/Develon-mini-verizhni-bageri-300x200.webp 300w, https:\/\/develon.hr\/wp-content\/uploads\/2026\/03\/Develon-mini-verizhni-bageri-768x512.webp 768w, https:\/\/develon.hr\/wp-content\/uploads\/2026\/03\/Develon-mini-verizhni-bageri-600x400.webp 600w, https:\/\/develon.hr\/wp-content\/uploads\/2026\/03\/Develon-mini-verizhni-bageri-240x160.webp 240w\" sizes=\"(max-width: 800px) 100vw, 800px\" \/>\t\t\t\t\t\t\t\t<\/a>\n\t\t\t\t\t\t\t\t\t\t\t\t\t\t\t<\/div>\n\t\t<div class=\"elementor-element elementor-element-5c120e8 e-con-full e-flex e-con e-child\" data-id=\"5c120e8\" data-element_type=\"container\" data-e-type=\"container\">\n\t\t\t\t<div class=\"elementor-element elementor-element-311051d elementor-widget elementor-widget-heading\" data-id=\"311051d\" data-element_type=\"widget\" data-e-type=\"widget\" data-widget_type=\"heading.default\">\n\t\t\t\t\t<h3 class=\"elementor-heading-title elementor-size-default\"><a href=\"https:\/\/app.cloudpano.com\/tours\/5nQZrH1WY\" target=\"_blank\">Buldo\u017eer<\/a><\/h3>\t\t\t\t<\/div>\n\t\t\t\t<\/div>\n\t\t\t\t<\/div>\n\t\t\t\t<\/div>\n\t\t\t\t\t<\/div>\n\t\t\t\t<\/div>\n\t\t\t\t<\/div>","protected":false},"excerpt":{"rendered":"<p>Mini bageri Bageri na kota\u010dima Utovariva\u010di na kota\u010dima Buldo\u017eer Buldo\u017eer<\/p>","protected":false},"author":1,"featured_media":33514429,"parent":0,"menu_order":0,"comment_status":"closed","ping_status":"closed","template":"","meta":{"_acf_changed":false,"pgc_sgb_lightbox_settings":"","footnotes":""},"class_list":["post-33440888","page","type-page","status-publish","has-post-thumbnail","hentry"],"acf":[],"featured_image_src":"https:\/\/develon.hr\/wp-content\/uploads\/2026\/03\/HEADER-DEVELON-Petya.jpg","_links":{"self":[{"href":"https:\/\/develon.hr\/hr\/wp-json\/wp\/v2\/pages\/33440888","targetHints":{"allow":["GET"]}}],"collection":[{"href":"https:\/\/develon.hr\/hr\/wp-json\/wp\/v2\/pages"}],"about":[{"href":"https:\/\/develon.hr\/hr\/wp-json\/wp\/v2\/types\/page"}],"author":[{"embeddable":true,"href":"https:\/\/develon.hr\/hr\/wp-json\/wp\/v2\/users\/1"}],"replies":[{"embeddable":true,"href":"https:\/\/develon.hr\/hr\/wp-json\/wp\/v2\/comments?post=33440888"}],"version-history":[{"count":25,"href":"https:\/\/develon.hr\/hr\/wp-json\/wp\/v2\/pages\/33440888\/revisions"}],"predecessor-version":[{"id":33515500,"href":"https:\/\/develon.hr\/hr\/wp-json\/wp\/v2\/pages\/33440888\/revisions\/33515500"}],"wp:featuredmedia":[{"embeddable":true,"href":"https:\/\/develon.hr\/hr\/wp-json\/wp\/v2\/media\/33514429"}],"wp:attachment":[{"href":"https:\/\/develon.hr\/hr\/wp-json\/wp\/v2\/media?parent=33440888"}],"curies":[{"name":"radni list","href":"https:\/\/api.w.org\/{rel}","templated":true}]}}