{"id":33440886,"date":"2026-03-16T09:25:20","date_gmt":"2026-03-16T09:25:20","guid":{"rendered":"https:\/\/develon.agma.bg\/?page_id=33440886"},"modified":"2026-04-29T07:52:04","modified_gmt":"2026-04-29T07:52:04","slug":"zapitvane","status":"publish","type":"page","link":"https:\/\/develon.hr\/hr\/zapitvane\/","title":{"rendered":"Upit"},"content":{"rendered":"<div data-elementor-type=\"wp-page\" data-elementor-id=\"33440886\" class=\"elementor elementor-33440886\" data-elementor-post-type=\"page\">\n\t\t\t\t<div class=\"elementor-element elementor-element-aad3834 hero-overlay e-flex e-con-boxed e-con e-parent\" data-id=\"aad3834\" data-element_type=\"container\" data-e-type=\"container\" data-settings=\"{&quot;background_background&quot;:&quot;classic&quot;}\">\n\t\t\t\t\t<div class=\"e-con-inner\">\n\t\t\t\t<div class=\"elementor-element elementor-element-b367f44 elementor-widget elementor-widget-heading\" data-id=\"b367f44\" data-element_type=\"widget\" data-e-type=\"widget\" data-widget_type=\"heading.default\">\n\t\t\t\t\t<h1 class=\"elementor-heading-title elementor-size-default\">Upit<\/h1>\t\t\t\t<\/div>\n\t\t\t\t\t<\/div>\n\t\t\t\t<\/div>\n\t\t<div class=\"elementor-element elementor-element-8c0715f e-flex e-con-boxed e-con e-parent\" data-id=\"8c0715f\" data-element_type=\"container\" data-e-type=\"container\">\n\t\t\t\t\t<div class=\"e-con-inner\">\n\t\t\t\t<div class=\"elementor-element elementor-element-62da130 elementor-widget elementor-widget-html\" data-id=\"62da130\" data-element_type=\"widget\" data-e-type=\"widget\" data-widget_type=\"html.default\">\n\t\t\t\t\t<link rel=\"stylesheet\" href=\"https:\/\/cdnjs.cloudflare.com\/ajax\/libs\/font-awesome\/6.5.1\/css\/all.min.css\" integrity=\"sha512-...\" crossorigin=\"anonymous\" referrerpolicy=\"no-referrer\" \/>\t\t\t\t<\/div>\n\t\t\t\t\t<\/div>\n\t\t\t\t<\/div>\n\t\t<div class=\"elementor-element elementor-element-f4e3c7a e-flex e-con-boxed e-con e-parent\" data-id=\"f4e3c7a\" data-element_type=\"container\" data-e-type=\"container\">\n\t\t\t\t\t<div class=\"e-con-inner\">\n\t\t\t\t<div class=\"elementor-element elementor-element-9b78a62 elementor-widget elementor-widget-heading\" data-id=\"9b78a62\" data-element_type=\"widget\" data-e-type=\"widget\" data-widget_type=\"heading.default\">\n\t\t\t\t\t<h2 class=\"elementor-heading-title elementor-size-default\">Kontaktirajte nas:<\/h2>\t\t\t\t<\/div>\n\t\t\t\t<div class=\"elementor-element elementor-element-e767c50 elementor-widget elementor-widget-shortcode\" data-id=\"e767c50\" data-element_type=\"widget\" data-e-type=\"widget\" data-widget_type=\"shortcode.default\">\n\t\t\t\t\t\t\t<div class=\"elementor-shortcode\">\n<div class=\"wpcf7 no-js\" id=\"wpcf7-f33514384-o1\" lang=\"en-US\" dir=\"ltr\" data-wpcf7-id=\"33514384\">\n<div class=\"screen-reader-response\"><p role=\"status\" aria-live=\"polite\" aria-atomic=\"true\"><\/p> <ul><\/ul><\/div>\n<form action=\"\/hr\/wp-json\/wp\/v2\/pages\/33440886#wpcf7-f33514384-o1\" method=\"post\" class=\"wpcf7-form init\" aria-label=\"Contact form\" novalidate=\"novalidate\" data-status=\"init\" data-trp-original-action=\"\/hr\/wp-json\/wp\/v2\/pages\/33440886#wpcf7-f33514384-o1\">\n<fieldset class=\"hidden-fields-container\"><input type=\"hidden\" name=\"_wpcf7\" value=\"33514384\" \/><input type=\"hidden\" name=\"_wpcf7_version\" value=\"6.1.5\" \/><input type=\"hidden\" name=\"_wpcf7_locale\" value=\"en_US\" \/><input type=\"hidden\" name=\"_wpcf7_unit_tag\" value=\"wpcf7-f33514384-o1\" \/><input type=\"hidden\" name=\"_wpcf7_container_post\" value=\"0\" \/><input type=\"hidden\" name=\"_wpcf7_posted_data_hash\" value=\"\" \/>\n<\/fieldset>\n<div class=\"custom-contact-form-final\">\n\t<p class=\"form-field\"><br \/>\n<label for=\"cf7-ime\">Ime i prezime*<\/label><br \/>\n<span class=\"input-group\"><br \/>\n<span class=\"icon\"><i class=\"fa-solid fa-user\"><\/i><\/span><br \/>\n<span class=\"wpcf7-form-control-wrap\" data-name=\"ime\"><input size=\"40\" maxlength=\"400\" class=\"wpcf7-form-control wpcf7-text wpcf7-validates-as-required\" id=\"cf7-ime\" aria-required=\"true\" aria-invalid=\"false\" placeholder=\"Ime i prezime\" value=\"\" type=\"text\" name=\"ime\" \/><\/span><br \/>\n<\/span>\n\t<\/p>\n\t<p class=\"form-field\"><br \/>\n<label for=\"cf7-firma\">Tvrtka \/ Organizacija*<\/label><br \/>\n<span class=\"input-group\"><br \/>\n<span class=\"icon\"><i class=\"fa-solid fa-users\"><\/i><\/span><br \/>\n<span class=\"wpcf7-form-control-wrap\" data-name=\"firma\"><input size=\"40\" maxlength=\"400\" class=\"wpcf7-form-control wpcf7-text wpcf7-validates-as-required\" id=\"cf7-firma\" aria-required=\"true\" aria-invalid=\"false\" placeholder=\"Tvrtka \/ Organizacija\" value=\"\" type=\"text\" name=\"firma\" \/><\/span><br \/>\n<\/span>\n\t<\/p>\n\t<p class=\"form-field\"><br \/>\n<label for=\"cf7-email\">E-mail adresa*<\/label><br \/>\n<span class=\"input-group\"><br \/>\n<span class=\"icon\"><i class=\"fa-solid fa-envelope\"><\/i><\/span><br \/>\n<span class=\"wpcf7-form-control-wrap\" data-name=\"email\"><input size=\"40\" maxlength=\"400\" class=\"wpcf7-form-control wpcf7-email wpcf7-validates-as-required wpcf7-text wpcf7-validates-as-email\" id=\"cf7-email\" aria-required=\"true\" aria-invalid=\"false\" placeholder=\"E-mail adresa\" value=\"\" type=\"email\" name=\"email\" \/><\/span><br \/>\n<\/span>\n\t<\/p>\n\t<p class=\"form-field\"><br \/>\n<label for=\"cf7-telefon\">Broj telefona*<\/label><br \/>\n<span class=\"input-group\"><br \/>\n<span class=\"icon\"><i class=\"fa-solid fa-phone\"><\/i><\/span><br \/>\n<span class=\"wpcf7-form-control-wrap\" data-name=\"telefon\"><input size=\"40\" maxlength=\"400\" class=\"wpcf7-form-control wpcf7-tel wpcf7-validates-as-required wpcf7-text wpcf7-validates-as-tel\" id=\"cf7-telefon\" aria-required=\"true\" aria-invalid=\"false\" placeholder=\"Broj telefona\" value=\"\" type=\"tel\" name=\"telefon\" \/><\/span><br \/>\n<\/span>\n\t<\/p>\n\t<p class=\"form-field\"><br \/>\n<label for=\"cf7-adres\">Adresa za dopisivanje<\/label><br \/>\n<span class=\"input-group\"><br \/>\n<span class=\"icon\"><i class=\"fa-solid fa-address-card\"><\/i><\/span><br \/>\n<span class=\"wpcf7-form-control-wrap\" data-name=\"adres\"><input size=\"40\" maxlength=\"400\" class=\"wpcf7-form-control wpcf7-text\" id=\"cf7-adres\" aria-invalid=\"false\" placeholder=\"Adresa za dopisivanje\" value=\"\" type=\"text\" name=\"adres\" \/><\/span><br \/>\n<\/span>\n\t<\/p>\n\t<p class=\"form-field\"><br \/>\n<label for=\"cf7-kategoria\">Kategorija<\/label><br \/>\n<span class=\"input-group\"><br \/>\n<span class=\"icon\"><i class=\"fa-solid fa-list\"><\/i><\/span><br \/>\n<span class=\"wpcf7-form-control-wrap\" data-name=\"kategorija\"><select class=\"wpcf7-form-control wpcf7-select\" id=\"cf7-kategorija\" aria-invalid=\"false\" name=\"kategorija\"><option value=\"--- \u0418\u0437\u0431\u0435\u0440\u0435\u0442\u0435 ---\">--- Odaberi ---<\/option><option value=\"\u0412\u0435\u0440\u0438\u0436\u043d\u0438 \u0431\u0430\u0433\u0435\u0440\u0438\">Gusjeni\u010dni bageri<\/option><option value=\"\u041a\u043e\u043b\u0435\u0441\u043d\u0438 \u0431\u0430\u0433\u0435\u0440\u0438\">Bageri na kota\u010dima<\/option><option value=\"\u0427\u0435\u043b\u043d\u0438 \u0442\u043e\u0432\u0430\u0440\u0430\u0447\u0438\">Prednji utovariva\u010di<\/option><option value=\"\u041c\u0438\u043d\u0438 \u0431\u0430\u0433\u0435\u0440\u0438\">Mini bageri<\/option><option value=\"\u0421\u044a\u0447\u043b\u0435\u043d\u0435\u043d\u0438 \u0441\u0430\u043c\u043e\u0441\u0432\u0430\u043b\u0438\">Zglobni kiperi<\/option><option value=\"Doosan \u043f\u0440\u0435\u043d\u043e\u0441\u0438\u043c\u043e \u0437\u0430\u0434\u0432\u0438\u0436\u0432\u0430\u043d\u0435\">Doosan prijenosni pogon<\/option><option value=\"\u0418\u043d\u0442\u0435\u043b\u0438\u0433\u0435\u043d\u0442\u043d\u043e \u0440\u0435\u0448\u0435\u043d\u0438\u0435\">Pametno rje\u0161enje<\/option><\/select><\/span><br \/>\n<\/span>\n\t<\/p>\n\t<p class=\"form-field full-width\"><br \/>\n<label>*Odaberite svoje podru\u010dje\/podru\u010dja:<\/label>\n\t<\/p>\n\t<p><span class=\"checkbox-grid\"><br \/>\n<span class=\"wpcf7-form-control-wrap\" data-name=\"sfera\"><span class=\"wpcf7-form-control wpcf7-checkbox wpcf7-validates-as-required\"><span class=\"wpcf7-list-item first\"><label><input type=\"checkbox\" name=\"sfera[]\" value=\"\u0418\u043d\u0434\u0443\u0441\u0442\u0440\u0438\u0430\u043b\u043d\u043e \u0441\u0442\u0440\u043e\u0438\u0442\u0435\u043b\u0441\u0442\u0432\u043e\" \/><span class=\"wpcf7-list-item-label\">Industrijska gradnja<\/span><\/label><\/span><span class=\"wpcf7-list-item\"><label><input type=\"checkbox\" name=\"sfera[]\" value=\"\u0418\u043d\u0444\u0440\u0430\u0441\u0442\u0440\u0443\u043a\u0442\u0443\u0440\u043d\u043e \u0441\u0442\u0440\u043e\u0438\u0442\u0435\u043b\u0441\u0442\u0432\u043e\" \/><span class=\"wpcf7-list-item-label\">Izgradnja infrastrukture<\/span><\/label><\/span><span class=\"wpcf7-list-item\"><label><input type=\"checkbox\" name=\"sfera[]\" value=\"\u0421\u0433\u0440\u0430\u0434\u043d\u043e \u0441\u0442\u0440\u043e\u0438\u0442\u0435\u043b\u0441\u0442\u0432\u043e\" \/><span class=\"wpcf7-list-item-label\">Izgradnja zgrada<\/span><\/label><\/span><span class=\"wpcf7-list-item\"><label><input type=\"checkbox\" name=\"sfera[]\" value=\"\u0415\u043d\u0435\u0440\u0433\u0438\u0439\u043d\u043e \u0441\u0442\u0440\u043e\u0438\u0442\u0435\u043b\u0441\u0442\u0432\u043e\" \/><span class=\"wpcf7-list-item-label\">Energetska gradnja<\/span><\/label><\/span><span class=\"wpcf7-list-item\"><label><input type=\"checkbox\" name=\"sfera[]\" value=\"\u0412\u043e\u0434\u043d\u043e \u0441\u0442\u0440\u043e\u0438\u0442\u0435\u043b\u0441\u0442\u0432\u043e\" \/><span class=\"wpcf7-list-item-label\">Vodogradnja<\/span><\/label><\/span><span class=\"wpcf7-list-item\"><label><input type=\"checkbox\" name=\"sfera[]\" value=\"\u0414\u043e\u0431\u0438\u0432\u043d\u0430 \u0434\u0435\u0439\u043d\u043e\u0441\u0442\" \/><span class=\"wpcf7-list-item-label\">Rudarska aktivnost<\/span><\/label><\/span><span class=\"wpcf7-list-item\"><label><input type=\"checkbox\" name=\"sfera[]\" value=\"\u041f\u0430\u0440\u043a\u043e\u0432\u043e \u0441\u0442\u0440\u043e\u0438\u0442\u0435\u043b\u0441\u0442\u0432\u043e\" \/><span class=\"wpcf7-list-item-label\">Izgradnja parka<\/span><\/label><\/span><span class=\"wpcf7-list-item\"><label><input type=\"checkbox\" name=\"sfera[]\" value=\"\u0420\u0435\u0446\u0438\u043a\u043b\u0438\u0440\u0430\u043d\u0435\" \/><span class=\"wpcf7-list-item-label\">Recikliranje<\/span><\/label><\/span><span class=\"wpcf7-list-item\"><label><input type=\"checkbox\" name=\"sfera[]\" value=\"\u041a\u043e\u043c\u0443\u043d\u0430\u043b\u043d\u0430 \u0434\u0435\u0439\u043d\u043e\u0441\u0442 \u0438 \u0441\u043d\u0435\u0433\u043e\u043f\u043e\u0447\u0438\u0441\u0442\u0432\u0430\u043d\u0435\" \/><span class=\"wpcf7-list-item-label\">Op\u0107inske aktivnosti i \u010di\u0161\u0107enje snijega<\/span><\/label><\/span><span class=\"wpcf7-list-item last\"><label><input type=\"checkbox\" name=\"sfera[]\" value=\"\u0417\u0435\u043c\u0435\u0434\u0435\u043b\u0438\u0435\" \/><span class=\"wpcf7-list-item-label\">Poljoprivreda<\/span><\/label><\/span><\/span><\/span><br \/>\n<\/span>\n\t<\/p>\n\t<p class=\"form-field\"><br \/>\n<label for=\"cf7-dopalnitelna-informacia\">Dodatne informacije<\/label><br \/>\n<span class=\"wpcf7-form-control-wrap\" data-name=\"dopalnitelna-informacia\"><textarea cols=\"40\" rows=\"5\" maxlength=\"2000\" class=\"wpcf7-form-control wpcf7-textarea\" id=\"cf7-dopalnitelna-informacia\" aria-invalid=\"false\" placeholder=\"Dodatne informacije\" name=\"dopalnitelna-informacia\"><\/textarea><\/span>\n\t<\/p>\n<input class=\"wpcf7-form-control wpcf7-hidden\" id=\"page_url\" value=\"\" type=\"hidden\" name=\"page_url\" \/>\n\t<p class=\"submit-wrapper\"><br \/>\n<input class=\"wpcf7-form-control wpcf7-submit has-spinner cf7-submit\" type=\"submit\" value=\"Po\u0161aljite svoj upit\" \/>\n\t<\/p>\n<\/div><div class=\"wpcf7-response-output\" aria-hidden=\"true\"><\/div>\n<input type=\"hidden\" name=\"trp-form-language\" value=\"hr\"\/><\/form>\n<\/div>\n<\/div>\n\t\t\t\t\t\t<\/div>\n\t\t\t\t\t<\/div>\n\t\t\t\t<\/div>\n\t\t\t\t<\/div>","protected":false},"excerpt":{"rendered":"<p>Kontaktirajte nas:<\/p>","protected":false},"author":1,"featured_media":33440967,"parent":0,"menu_order":0,"comment_status":"closed","ping_status":"closed","template":"","meta":{"_acf_changed":false,"pgc_sgb_lightbox_settings":"","footnotes":""},"class_list":["post-33440886","page","type-page","status-publish","has-post-thumbnail","hentry"],"acf":[],"featured_image_src":"https:\/\/develon.hr\/wp-content\/uploads\/2026\/03\/megatron-bazi.jpg","_links":{"self":[{"href":"https:\/\/develon.hr\/hr\/wp-json\/wp\/v2\/pages\/33440886","targetHints":{"allow":["GET"]}}],"collection":[{"href":"https:\/\/develon.hr\/hr\/wp-json\/wp\/v2\/pages"}],"about":[{"href":"https:\/\/develon.hr\/hr\/wp-json\/wp\/v2\/types\/page"}],"author":[{"embeddable":true,"href":"https:\/\/develon.hr\/hr\/wp-json\/wp\/v2\/users\/1"}],"replies":[{"embeddable":true,"href":"https:\/\/develon.hr\/hr\/wp-json\/wp\/v2\/comments?post=33440886"}],"version-history":[{"count":16,"href":"https:\/\/develon.hr\/hr\/wp-json\/wp\/v2\/pages\/33440886\/revisions"}],"predecessor-version":[{"id":33515664,"href":"https:\/\/develon.hr\/hr\/wp-json\/wp\/v2\/pages\/33440886\/revisions\/33515664"}],"wp:featuredmedia":[{"embeddable":true,"href":"https:\/\/develon.hr\/hr\/wp-json\/wp\/v2\/media\/33440967"}],"wp:attachment":[{"href":"https:\/\/develon.hr\/hr\/wp-json\/wp\/v2\/media?parent=33440886"}],"curies":[{"name":"radni list","href":"https:\/\/api.w.org\/{rel}","templated":true}]}}