{"id":33440884,"date":"2026-03-16T09:25:08","date_gmt":"2026-03-16T09:25:08","guid":{"rendered":"https:\/\/develon.agma.bg\/?page_id=33440884"},"modified":"2026-04-29T07:51:26","modified_gmt":"2026-04-29T07:51:26","slug":"finansirane","status":"publish","type":"page","link":"https:\/\/develon.hr\/hr\/finansirane\/","title":{"rendered":"Financiranje"},"content":{"rendered":"<div data-elementor-type=\"wp-page\" data-elementor-id=\"33440884\" class=\"elementor elementor-33440884\" data-elementor-post-type=\"page\">\n\t\t\t\t<div class=\"elementor-element elementor-element-930768b hero-overlay e-flex e-con-boxed e-con e-parent\" data-id=\"930768b\" data-element_type=\"container\" data-e-type=\"container\" data-settings=\"{&quot;background_background&quot;:&quot;classic&quot;}\">\n\t\t\t\t\t<div class=\"e-con-inner\">\n\t\t\t\t<div class=\"elementor-element elementor-element-f8d61b2 elementor-widget elementor-widget-heading\" data-id=\"f8d61b2\" data-element_type=\"widget\" data-e-type=\"widget\" data-widget_type=\"heading.default\">\n\t\t\t\t\t<h1 class=\"elementor-heading-title elementor-size-default\">Financiranje<\/h1>\t\t\t\t<\/div>\n\t\t\t\t\t<\/div>\n\t\t\t\t<\/div>\n\t\t<div class=\"elementor-element elementor-element-6356829 e-flex e-con-boxed e-con e-parent\" data-id=\"6356829\" data-element_type=\"container\" data-e-type=\"container\">\n\t\t\t\t\t<div class=\"e-con-inner\">\n\t\t\t\t<div class=\"elementor-element elementor-element-c66dd6f elementor-widget elementor-widget-heading\" data-id=\"c66dd6f\" data-element_type=\"widget\" data-e-type=\"widget\" data-widget_type=\"heading.default\">\n\t\t\t\t\t<h2 class=\"elementor-heading-title elementor-size-default\">Programi subvencija\n<\/h2>\t\t\t\t<\/div>\n\t\t\t\t<div class=\"elementor-element elementor-element-e0e4893 elementor-widget elementor-widget-text-editor\" data-id=\"e0e4893\" data-element_type=\"widget\" data-e-type=\"widget\" data-widget_type=\"text-editor.default\">\n\t\t\t\t\t\t\t\t\t<div class=\"col-md-12 hc_text_block_cnt\"><div id=\"FMu57\" class=\"text-m\">Pratimo za vas sve trenutne programe subvencija prilikom kupnje opreme koju isporu\u010duje Megatron EAD. Nudimo vam punu pomo\u0107 u pripremi i odobravanju projekata te osiguranju bankarskog financiranja za njih. Odr\u017eavamo stalne kontakte s dr\u017eavnom upravom, vode\u0107im konzultantskim tvrtkama i poslovnim bankama.<\/div><\/div>\t\t\t\t\t\t\t\t<\/div>\n\t\t\t\t<div class=\"elementor-element elementor-element-9ed47fe elementor-widget elementor-widget-image\" data-id=\"9ed47fe\" data-element_type=\"widget\" data-e-type=\"widget\" data-widget_type=\"image.default\">\n\t\t\t\t\t\t\t\t\t\t\t\t\t\t\t<img fetchpriority=\"high\" decoding=\"async\" width=\"1422\" height=\"1080\" src=\"https:\/\/develon.hr\/wp-content\/uploads\/2026\/03\/Finansirane-develon.webp\" class=\"attachment-full size-full wp-image-33441014\" alt=\"\u0424\u0438\u043d\u0430\u043d\u0441\u0438\u0440\u0430\u043d\u0435 develon\" srcset=\"https:\/\/develon.hr\/wp-content\/uploads\/2026\/03\/Finansirane-develon.webp 1422w, https:\/\/develon.hr\/wp-content\/uploads\/2026\/03\/Finansirane-develon-300x228.webp 300w, https:\/\/develon.hr\/wp-content\/uploads\/2026\/03\/Finansirane-develon-1024x778.webp 1024w, https:\/\/develon.hr\/wp-content\/uploads\/2026\/03\/Finansirane-develon-768x583.webp 768w, https:\/\/develon.hr\/wp-content\/uploads\/2026\/03\/Finansirane-develon-600x456.webp 600w, https:\/\/develon.hr\/wp-content\/uploads\/2026\/03\/Finansirane-develon-211x160.webp 211w\" sizes=\"(max-width: 1422px) 100vw, 1422px\" \/>\t\t\t\t\t\t\t\t\t\t\t\t\t\t\t<\/div>\n\t\t\t\t\t<\/div>\n\t\t\t\t<\/div>\n\t\t<div class=\"elementor-element elementor-element-4c27a45 e-flex e-con-boxed e-con e-parent\" data-id=\"4c27a45\" data-element_type=\"container\" data-e-type=\"container\">\n\t\t\t\t\t<div class=\"e-con-inner\">\n\t\t\t\t<div class=\"elementor-element elementor-element-1e1e406 elementor-widget elementor-widget-heading\" data-id=\"1e1e406\" data-element_type=\"widget\" data-e-type=\"widget\" data-widget_type=\"heading.default\">\n\t\t\t\t\t<h2 class=\"elementor-heading-title elementor-size-default\">Bankovni kredit<\/h2>\t\t\t\t<\/div>\n\t\t\t\t<div class=\"elementor-element elementor-element-1139498 elementor-widget elementor-widget-text-editor\" data-id=\"1139498\" data-element_type=\"widget\" data-e-type=\"widget\" data-widget_type=\"text-editor.default\">\n\t\t\t\t\t\t\t\t\t<div class=\"col-md-12 hc_text_block_cnt\"><div id=\"FMu57\" class=\"text-m\"><div class=\"col-md-12 hc_text_block_cnt\"><div id=\"xVxKA\" class=\"text-m\">Omogu\u0107ujemo vam pristup bankovnom financiranju. Tim Megatron EAD-a, zajedno s vode\u0107im komercijalnim bankama, nudi povla\u0161tene uvjete za kupnju opreme koju tvrtka isporu\u010duje putem investicijskog kredita. Na\u0161i klijenti dobivaju kredite prilago\u0111ene njihovim investicijskim mogu\u0107nostima i sezonskoj prirodi poljoprivredne proizvodnje. Povla\u0161teni uvjeti uklju\u010duju produljeni grace period za glavnicu, optimalni plan otplate i opu\u0161tene zahtjeve za kolateralom.<\/div><\/div><\/div><\/div>\t\t\t\t\t\t\t\t<\/div>\n\t\t\t\t\t<\/div>\n\t\t\t\t<\/div>\n\t\t\t\t<\/div>","protected":false},"excerpt":{"rendered":"<p>\u041f\u0440\u043e\u0433\u0440\u0430\u043c\u0438 \u0437\u0430 \u0441\u0443\u0431\u0441\u0438\u0434\u0438\u0440\u0430\u043d\u0435 \u041d\u0438\u0435 \u0441\u043b\u0435\u0434\u0438\u043c \u0437\u0430 \u0432\u0430\u0441 \u0432\u0441\u0438\u0447\u043a\u0438 \u0430\u043a\u0442\u0443\u0430\u043b\u043d\u0438 \u043f\u0440\u043e\u0433\u0440\u0430\u043c\u0438 \u0437\u0430 \u0441\u0443\u0431\u0441\u0438\u0434\u0438\u0438 \u043f\u0440\u0438 \u0437\u0430\u043a\u0443\u043f\u0443\u0432\u0430\u043d\u0435 \u043d\u0430 \u0434\u043e\u0441\u0442\u0430\u0432\u044f\u043d\u0430\u0442\u0430 \u043e\u0442 \u041c\u0435\u0433\u0430\u0442\u0440\u043e\u043d \u0415\u0410\u0414 \u0442\u0435\u0445\u043d\u0438\u043a\u0430. \u041f\u0440\u0435\u0434\u043b\u0430\u0433\u0430\u043c\u0435 \u0432\u0438 \u043f\u044a\u043b\u043d\u043e \u0441\u044a\u0434\u0435\u0439\u0441\u0442\u0432\u0438\u0435 \u0437\u0430 \u0438\u0437\u0433\u043e\u0442\u0432\u044f\u043d\u0435 \u0438 \u043e\u0434\u043e\u0431\u0440\u0435\u043d\u0438\u0435 \u043d\u0430 \u043f\u0440\u043e\u0435\u043a\u0442\u0438 \u0438 \u043e\u0441\u0438\u0433\u0443\u0440\u044f\u0432\u0430\u043d\u0435 \u043d\u0430 \u0431\u0430\u043d\u043a\u043e\u0432\u043e \u0444\u0438\u043d\u0430\u043d\u0441\u0438\u0440\u0430\u043d\u0435 \u0437\u0430 \u0442\u044f\u0445. \u041f\u043e\u0434\u0434\u044a\u0440\u0436\u0430\u043c\u0435 \u043f\u043e\u0441\u0442\u043e\u044f\u043d\u043d\u0438 \u043a\u043e\u043d\u0442\u0430\u043a\u0442\u0438 \u0441 \u0434\u044a\u0440\u0436\u0430\u0432\u043d\u0430\u0442\u0430 \u0430\u0434\u043c\u0438\u043d\u0438\u0441\u0442\u0440\u0430\u0446\u0438\u044f, \u0432\u043e\u0434\u0435\u0449\u0438 \u043a\u043e\u043d\u0441\u0443\u043b\u0442\u0430\u043d\u0442\u0441\u043a\u0438 \u043a\u043e\u043c\u043f\u0430\u043d\u0438\u0438 \u0438 \u0442\u044a\u0440\u0433\u043e\u0432\u0441\u043a\u0438 \u0431\u0430\u043d\u043a\u0438. \u0411\u0430\u043d\u043a\u043e\u0432 \u043a\u0440\u0435\u0434\u0438\u0442 \u041d\u0438\u0435 \u0432\u0438 \u043e\u0441\u0438\u0433\u0443\u0440\u044f\u0432\u0430\u043c\u0435 \u0434\u043e\u0441\u0442\u044a\u043f [&hellip;]<\/p>\n","protected":false},"author":1,"featured_media":33441013,"parent":0,"menu_order":0,"comment_status":"closed","ping_status":"closed","template":"","meta":{"_acf_changed":false,"pgc_sgb_lightbox_settings":"","footnotes":""},"class_list":["post-33440884","page","type-page","status-publish","has-post-thumbnail","hentry"],"acf":[],"featured_image_src":"https:\/\/develon.hr\/wp-content\/uploads\/2026\/03\/doosan-finansirane.jpg","_links":{"self":[{"href":"https:\/\/develon.hr\/hr\/wp-json\/wp\/v2\/pages\/33440884","targetHints":{"allow":["GET"]}}],"collection":[{"href":"https:\/\/develon.hr\/hr\/wp-json\/wp\/v2\/pages"}],"about":[{"href":"https:\/\/develon.hr\/hr\/wp-json\/wp\/v2\/types\/page"}],"author":[{"embeddable":true,"href":"https:\/\/develon.hr\/hr\/wp-json\/wp\/v2\/users\/1"}],"replies":[{"embeddable":true,"href":"https:\/\/develon.hr\/hr\/wp-json\/wp\/v2\/comments?post=33440884"}],"version-history":[{"count":7,"href":"https:\/\/develon.hr\/hr\/wp-json\/wp\/v2\/pages\/33440884\/revisions"}],"predecessor-version":[{"id":33515661,"href":"https:\/\/develon.hr\/hr\/wp-json\/wp\/v2\/pages\/33440884\/revisions\/33515661"}],"wp:featuredmedia":[{"embeddable":true,"href":"https:\/\/develon.hr\/hr\/wp-json\/wp\/v2\/media\/33441013"}],"wp:attachment":[{"href":"https:\/\/develon.hr\/hr\/wp-json\/wp\/v2\/media?parent=33440884"}],"curies":[{"name":"radni list","href":"https:\/\/api.w.org\/{rel}","templated":true}]}}