{"id":3,"date":"2026-03-04T10:32:17","date_gmt":"2026-03-04T10:32:17","guid":{"rendered":"https:\/\/develon.agma.bg\/?page_id=3"},"modified":"2026-03-25T13:34:54","modified_gmt":"2026-03-25T13:34:54","slug":"politika-na-poveritelnost","status":"publish","type":"page","link":"https:\/\/develon.hr\/hr\/politika-na-poveritelnost\/","title":{"rendered":"Pravila o privatnosti osobnih podataka"},"content":{"rendered":"<div data-elementor-type=\"wp-page\" data-elementor-id=\"3\" class=\"elementor elementor-3\" data-elementor-post-type=\"page\">\n\t\t\t\t<div class=\"elementor-element elementor-element-9512cf1 e-flex e-con-boxed e-con e-parent\" data-id=\"9512cf1\" data-element_type=\"container\" data-e-type=\"container\">\n\t\t\t\t\t<div class=\"e-con-inner\">\n\t\t\t\t<div class=\"elementor-element elementor-element-18bc88d elementor-widget elementor-widget-button\" data-id=\"18bc88d\" data-element_type=\"widget\" data-e-type=\"widget\" data-widget_type=\"button.default\">\n\t\t\t\t\t\t\t\t\t\t<a class=\"elementor-button elementor-button-link elementor-size-sm\" href=\"https:\/\/develon.hr\/wp-content\/uploads\/2018\/10\/PRAVILA_MEGATRON_2023.pdf\">\n\t\t\t\t\t\t<span class=\"elementor-button-content-wrapper\">\n\t\t\t\t\t\t\t\t\t<span class=\"elementor-button-text\">Pravila za ostvarivanje prava ispitanika<\/span>\n\t\t\t\t\t<\/span>\n\t\t\t\t\t<\/a>\n\t\t\t\t\t\t\t\t<\/div>\n\t\t\t\t\t<\/div>\n\t\t\t\t<\/div>\n\t\t<div class=\"elementor-element elementor-element-5214fd4e e-flex e-con-boxed e-con e-parent\" data-id=\"5214fd4e\" data-element_type=\"container\" data-e-type=\"container\">\n\t\t\t\t\t<div class=\"e-con-inner\">\n\t\t\t\t<div class=\"elementor-element elementor-element-6131d517 elementor-widget elementor-widget-text-editor\" data-id=\"6131d517\" data-element_type=\"widget\" data-e-type=\"widget\" data-widget_type=\"text-editor.default\">\n\t\t\t\t\t\t\t\t\t<div class=\"col-md-12 hc_text_block_cnt\">\n<div id=\"GDT8e\" class=\"text-m\">Uz gore opisane osobne podatke, mo\u017eemo prikupljati i podatke o va\u0161em ure\u0111aju, kao i druge statisti\u010dke i tehni\u010dke podatke i informacije, kao \u0161to su u\u010destalost i trajanje va\u0161eg posjeta web stranici, IP adresa u trenutku posjeta i statistika o posje\u0107enim stranicama i\/ili proizvodima. .<br \/><br \/>Ove podatke prikupljamo i koristimo za analizu va\u0161ih radnji i preferencija kao posjetitelja web-mjesta, za administriranje web-mjesta, u statisti\u010dke svrhe i iz sigurnosnih razloga.<br \/><br \/>Statisti\u010dki i tehni\u010dki podaci koje pru\u017ea va\u0161 preglednik i\/ili ure\u0111aj mogu se koristiti i u marketin\u0161ke i reklamne svrhe, pod uvjetom da se ti podaci ne\u0107e povezivati s va\u0161im osobnim podacima i ne\u0107e se koristiti za va\u0161u identifikaciju.<\/div>\n<\/div>\n<div class=\"col-md-12 hc_space_cnt\">\u00a0<\/div>\n<div class=\"col-md-12 hc_title_tag_cnt\">\n<h3 id=\"WxcQC\" class=\"text-bold middle-content\">Kola\u010di\u0107i:<\/h3>\n<\/div>\n<div class=\"col-md-12 hc_text_block_cnt\">\n<div id=\"q1zJN\" class=\"text-m\">Ovaj odjeljak odnosi se na kola\u010di\u0107e i web stranice kojima upravlja Megatron EAD. Imajte na umu da kako bismo osigurali pravilno funkcioniranje ove web stranice i pobolj\u0161ali va\u0161e korisni\u010dko iskustvo, ponekad na va\u0161 ure\u0111aj postavljamo male podatkovne datoteke koje se nazivaju kola\u010di\u0107i.<br \/><br \/>\u201cKola\u010di\u0107\u201d je mala tekstualna datoteka (slova i brojevi) koju web stranica postavlja na va\u0161e ra\u010dunalo, telefon ili drugi ure\u0111aj kada posjetite web stranicu, s informacijama o va\u0161oj navigaciji na toj web stranici. \u201cKola\u010di\u0107i\u201d se instaliraju na zahtjev koji web poslu\u017eitelj izdaje pregledniku (npr. Chrome, Opera, Mozilla) i ne sadr\u017ee nikakav softver, \u0161pijunski softver ili virusne programe te nemaju pristup informacijama s korisnikovog hardvera. Funkcija \u201ckola\u010di\u0107a\u201d je omogu\u0107iti na\u0161oj web stranici da pamti va\u0161e radnje i postavke (kao \u0161to su korisni\u010dko ime, jezik, veli\u010dina fonta i druge postavke prikaza) na odre\u0111eno vrijeme kako ih ne biste morali unositi svaki put kada ponovno posjetite stranicu ili prelazite s jedne stranice na drugu.<\/div>\n<\/div>\n<div class=\"col-md-12 hc_space_cnt\">\u00a0<\/div>\n<div class=\"col-md-12 hc_title_tag_cnt\">\n<h3 id=\"kWkjZ\" class=\"text-bold middle-content\">Vrste &#039;kola\u010di\u0107a&#039; koje koristi na\u0161a stranica:<\/h3>\n<\/div>\n<div class=\"col-md-12 hc_text_list_cnt\">\n<div class=\"list-items\">\n<div class=\"list-item\">\n<div class=\"row\">\n<div class=\"col-md-9\">\n<h4>1. Analiti\u010dki kola\u010di\u0107i\u2018<\/h4>\n<p>Koriste se za brojanje korisnika koji posje\u0107uju web stranicu. Ovi kola\u010di\u0107i omogu\u0107uju mjerenje i analizu na\u010dina na koji korisnici pregledavaju ovu web stranicu.<\/p>\n<\/div>\n<\/div>\n<\/div>\n<div class=\"list-item\">\n<div class=\"row\">\n<div class=\"col-md-9\">\n<h4>2. Kola\u010di\u0107i za ogla\u0161avanje\u2018<\/h4>\n<p>Ovi kola\u010di\u0107i koriste se za prikazivanje oglasa koji su relevantni za korisnike i poma\u017eu tvrtki Megatron EAD da mjeri u\u010dinkovitost svojih reklamnih kampanja. Prilikom pregledavanja web stranice, korisnici prihva\u0107aju da \u0107e Megatron EAD preuzeti ove vrste kola\u010di\u0107a na njihove ure\u0111aje i konzultirati ih kada korisnik posjeti web stranicu u budu\u0107nosti.<\/p>\n<\/div>\n<\/div>\n<\/div>\n<div class=\"list-item\">\n<div class=\"row\">\n<div class=\"col-md-9\">\n<h4>3. Kola\u010di\u0107i za postavke<\/h4>\n<p>Svaki put kada korisnici pregledavaju ovu web stranicu, stranica \u0107e zapamtiti njihove postavke (npr. lokaciju ili preferirani jezik). Zahvaljuju\u0107i ovim kola\u010di\u0107ima, korisnicima mo\u017eemo ponuditi jednostavno, prakti\u010dnije i personaliziranije iskustvo pregledavanja.<\/p>\n<\/div>\n<div class=\"col-md-3\">Ako ste zabrinuti zbog kola\u010di\u0107a na svom ure\u0111aju, mo\u017eete postaviti svoj preglednik da odbija kola\u010di\u0107e ili da vas obavijesti kada je kola\u010di\u0107 postavljen, \u0161to vam omogu\u0107uje da odaberete ho\u0107ete li ga prihvatiti. Kola\u010di\u0107e mo\u017eete i izbrisati sa svog ure\u0111aja. Ako odlu\u010dite blokirati ili izbrisati kola\u010di\u0107e, neke zna\u010dajke web-mjesta koja posje\u0107ujete mo\u017eda ne\u0107e ispravno raditi.<\/div>\n<\/div>\n<\/div>\n<\/div>\n<\/div>\t\t\t\t\t\t\t\t<\/div>\n\t\t\t\t\t<\/div>\n\t\t\t\t<\/div>\n\t\t\t\t<\/div>","protected":false},"excerpt":{"rendered":"<p>\u041f\u0440\u0430\u0432\u0438\u043b\u0430 \u0437\u0430 \u0443\u043f\u0440\u0430\u0436\u043d\u044f\u0432\u0430\u043d\u0435 \u043f\u0440\u0430\u0432\u0430\u0442\u0430 \u043d\u0430 \u0441\u0443\u0431\u0435\u043a\u0442\u0438\u0442\u0435 \u043d\u0430 \u0434\u0430\u043d\u043d\u0438 \u041e\u0441\u0432\u0435\u043d \u0433\u043e\u0440\u0435\u043e\u043f\u0438\u0441\u0430\u043d\u0438\u0442\u0435 \u043b\u0438\u0447\u043d\u0438 \u0434\u0430\u043d\u043d\u0438, \u043c\u043e\u0436\u0435\u043c \u0434\u0430 \u0441\u044a\u0431\u0435\u0440\u0435\u043c \u0438\u043d\u0444\u043e\u0440\u043c\u0430\u0446\u0438\u044f \u0438 \u0437\u0430 \u0412\u0430\u0448\u0435\u0442\u043e \u0443\u0441\u0442\u0440\u043e\u0439\u0441\u0442\u0432\u043e, \u043a\u0430\u043a\u0442\u043e \u0438 \u0434\u0440\u0443\u0433\u0438 \u0441\u0442\u0430\u0442\u0438\u0441\u0442\u0438\u0447\u0435\u0441\u043a\u0438 \u0438 \u0442\u0435\u0445\u043d\u0438\u0447\u0435\u0441\u043a\u0438 \u0434\u0430\u043d\u043d\u0438 \u0438 \u0438\u043d\u0444\u043e\u0440\u043c\u0430\u0446\u0438\u044f, \u043a\u0430\u0442\u043e \u0447\u0435\u0441\u0442\u043e\u0442\u0430 \u0438 \u043f\u0440\u043e\u0434\u044a\u043b\u0436\u0438\u0442\u0435\u043b\u043d\u043e\u0441\u0442 \u043d\u0430 \u0412\u0430\u0448\u0435\u0442\u043e \u043f\u043e\u0441\u0435\u0449\u0435\u043d\u0438\u0435 \u043d\u0430 \u0443\u0435\u0431\u0441\u0430\u0439\u0442\u0430, IP \u0430\u0434\u0440\u0435\u0441 \u043a\u044a\u043c \u043c\u043e\u043c\u0435\u043d\u0442\u0430 \u043d\u0430 \u043f\u043e\u0441\u0435\u0449\u0435\u043d\u0438\u0435 \u0438 \u0441\u0442\u0430\u0442\u0438\u0441\u0442\u0438\u043a\u0430 \u0437\u0430 \u043f\u043e\u0441\u0435\u0442\u0435\u043d\u0438\u0442\u0435 \u0441\u0442\u0440\u0430\u043d\u0438\u0446\u0438 \u0438\/\u0438\u043b\u0438 \u043f\u0440\u043e\u0434\u0443\u043a\u0442\u0438 . \u0422\u0435\u0437\u0438 \u0434\u0430\u043d\u043d\u0438 \u0441\u0435 [&hellip;]<\/p>\n","protected":false},"author":1,"featured_media":0,"parent":0,"menu_order":0,"comment_status":"closed","ping_status":"open","template":"","meta":{"_acf_changed":false,"pgc_sgb_lightbox_settings":"","footnotes":""},"class_list":["post-3","page","type-page","status-publish","hentry"],"acf":[],"featured_image_src":null,"_links":{"self":[{"href":"https:\/\/develon.hr\/hr\/wp-json\/wp\/v2\/pages\/3","targetHints":{"allow":["GET"]}}],"collection":[{"href":"https:\/\/develon.hr\/hr\/wp-json\/wp\/v2\/pages"}],"about":[{"href":"https:\/\/develon.hr\/hr\/wp-json\/wp\/v2\/types\/page"}],"author":[{"embeddable":true,"href":"https:\/\/develon.hr\/hr\/wp-json\/wp\/v2\/users\/1"}],"replies":[{"embeddable":true,"href":"https:\/\/develon.hr\/hr\/wp-json\/wp\/v2\/comments?post=3"}],"version-history":[{"count":4,"href":"https:\/\/develon.hr\/hr\/wp-json\/wp\/v2\/pages\/3\/revisions"}],"predecessor-version":[{"id":33514727,"href":"https:\/\/develon.hr\/hr\/wp-json\/wp\/v2\/pages\/3\/revisions\/33514727"}],"wp:attachment":[{"href":"https:\/\/develon.hr\/hr\/wp-json\/wp\/v2\/media?parent=3"}],"curies":[{"name":"radni list","href":"https:\/\/api.w.org\/{rel}","templated":true}]}}